{"id":981,"date":"2021-08-08T17:37:05","date_gmt":"2021-08-08T15:37:05","guid":{"rendered":"https:\/\/paddocktweaks.nl\/?post_type=product&#038;p=981"},"modified":"2026-04-13T16:30:05","modified_gmt":"2026-04-13T14:30:05","slug":"feed-x-gate-timer","status":"publish","type":"product","link":"https:\/\/paddocktweaks.nl\/fr\/product\/feed-x-gate-timer\/","title":{"rendered":"Minuteur de porte Feed-X"},"content":{"rendered":"<p>Le Feed-X Gate Timer est un ouvre-p\u00e2turage automatique tr\u00e8s facile \u00e0 installer et \u00e0 utiliser.<\/p>\n<p>Le Feed-X Gate Timer est facile \u00e0 r\u00e9gler, comme un minuteur de cuisine. Vous r\u00e9glez d'abord le nombre d'heures souhait\u00e9 en bas de l'appareil. Ensuite, vous tournez le m\u00e9canisme situ\u00e9 sur le dessus vers la gauche, et vous y fixez la poign\u00e9e. Apr\u00e8s le nombre d'heures r\u00e9gl\u00e9, le m\u00e9canisme s'ouvre et l'acc\u00e8s au p\u00e2turage est accord\u00e9.<\/p>\n<p>Attention\u00a0: les minuteries fonctionnent avec un m\u00e9canisme \u00e0 remontoir et ne sont donc pas aussi pr\u00e9cises qu'une horloge num\u00e9rique, par exemple. Un \u00e9cart de 5\u00a0% est normal. Une minuterie de 6\u00a0heures est donc plus pr\u00e9cise qu'une minuterie de 12\u00a0heures.<\/p>\n<p>Le Feed-X Gate Timer peut \u00e9galement \u00eatre utilis\u00e9 pour fermer une petite partie du paddock, derri\u00e8re laquelle se trouve ensuite une portion de foin. De cette fa\u00e7on, vous pouvez donner une ration de nourriture \u00e0 votre cheval \u00e0 un moment diff\u00e9r\u00e9.<\/p>\n<p>En plus du Feed-X Gate Timer lui-m\u00eame, vous avez besoin d'un syst\u00e8me pour fermer le p\u00e2turage. Le fabricant propose un certain nombre de syst\u00e8mes pour lesquels le fonctionnement de la minuterie est garanti\u00a0:<\/p>\n<ul>\n<li>Syst\u00e8me de poulie simple de 3\u00a0m (<a href=\"https:\/\/paddocktweaks.nl\/fr\/produit\/systeme-a-poulie-unique-g11\/\">G11<\/a>)<\/li>\n<li>Syst\u00e8me de poulie double de 3\u00a0m (<a href=\"https:\/\/paddocktweaks.nl\/fr\/produit\/systeme-de-poulie-double-g112\/\">G112<\/a>), par exemple pour les shetlands<\/li>\n<li>Enrouleur de 15\u00a0m (<a href=\"https:\/\/paddocktweaks.nl\/fr\/produit\/enrouleur-g15-pour-la-minuterie-de-portail\/\">G15<\/a>)<\/li>\n<\/ul>\n<p>Pour plus d'explications sur ces syst\u00e8mes et le Feed-X Timer lui-m\u00eame, consultez la <a href=\"https:\/\/paddocktweaks.nl\/fr\/feed-x-gate-timer\/#main\"><em>page produit.<\/em><\/a><\/p>\n<p>Vous souhaitez utiliser le minuteur pour faire tomber des filets \u00e0 foin ? Alors, il est pr\u00e9f\u00e9rable de choisir le <a href=\"https:\/\/paddocktweaks.nl\/fr\/produit\/chute-de-foin\/\">Hayfall<\/a> .<\/p>\n<p><strong>T\u00e9l\u00e9charger<\/strong><\/p>\n<p><a href=\"https:\/\/www.feed-x.se\/viewpdf.html?pdf=gt6_12_manual_2_5_en.pdf&amp;backstack=%2Finternational.html%3BIn+English\" target=\"_new\" rel=\"noopener\">Manuel GT6\/GT12 (EN)<\/a><\/p>","protected":false},"excerpt":{"rendered":"<p>Le Feed-X Gate Timer est un ouvre-p\u00e2turage automatique tr\u00e8s facile \u00e0 installer et \u00e0 utiliser. Un rail de fixation est fourni en standard avec l'achat d'un Gate Timer.<\/p>\n<p>En plus du Feed-X Gate Timer lui-m\u00eame, vous avez besoin d'un syst\u00e8me pour fermer le p\u00e2turage. Feed-X propose les options suivantes\u00a0:<\/p>\n<ul>\n<li>Syst\u00e8me de poulie simple de 3\u00a0m (<a href=\"https:\/\/paddocktweaks.nl\/fr\/produit\/systeme-a-poulie-unique-g11\/\">G11<\/a>)<\/li>\n<li>Syst\u00e8me de poulie double de 3\u00a0m (<a href=\"https:\/\/paddocktweaks.nl\/fr\/produit\/systeme-de-poulie-double-g112\/\">G112<\/a>), par exemple pour les shetlands<\/li>\n<li>Enrouleur de 15\u00a0m (<a href=\"https:\/\/paddocktweaks.nl\/fr\/produit\/enrouleur-g15-pour-la-minuterie-de-portail\/\">G15<\/a>)<\/li>\n<\/ul>\n<p>&nbsp;<\/p>\n<p>Nous d\u00e9conseillons l'utilisation d'autres syst\u00e8mes (rubans \u00e0 enrouleur, ressorts de tension, etc.)\u00a0: ces syst\u00e8mes peuvent limiter la dur\u00e9e de vie et la fiabilit\u00e9 de la minuterie, car ils exercent une force excessive ou pr\u00e9sentent un danger en raison du recul rapide du crochet. Utilisez donc les fermetures de p\u00e2turage officielles Feed-X.<\/p>\n<p>Vous souhaitez utiliser le minuteur pour faire tomber des filets \u00e0 foin ? Alors, il est pr\u00e9f\u00e9rable de choisir le <a href=\"https:\/\/paddocktweaks.nl\/fr\/produit\/chute-de-foin\/\">Hayfall<\/a> .<\/p>\n<p>Pour plus d'explications sur ces syst\u00e8mes et le Feed-X Timer lui-m\u00eame, consultez la <a href=\"https:\/\/paddocktweaks.nl\/fr\/feed-x-gate-timer\/#main\">page produit.<\/a><\/p>\n<p><strong>D\u00e9lai de livraison (si en stock) : 1 \u00e0 3 jours ouvrables<br \/>\nD\u00e9lai de livraison (si en r\u00e9assort)\u00a0: 3 semaines<\/strong><\/p>","protected":false},"featured_media":4614,"comment_status":"open","ping_status":"closed","template":"","meta":{"iawp_total_views":2460},"product_brand":[],"product_cat":[47],"product_tag":[],"class_list":{"0":"post-981","1":"product","2":"type-product","3":"status-publish","4":"has-post-thumbnail","6":"product_cat-automatische-weideopener","7":"product_shipping_class-pakketpost","9":"first","10":"instock","11":"taxable","12":"shipping-taxable","13":"purchasable","14":"product-type-variable"},"_links":{"self":[{"href":"https:\/\/paddocktweaks.nl\/fr\/wp-json\/wp\/v2\/product\/981","targetHints":{"allow":["GET"]}}],"collection":[{"href":"https:\/\/paddocktweaks.nl\/fr\/wp-json\/wp\/v2\/product"}],"about":[{"href":"https:\/\/paddocktweaks.nl\/fr\/wp-json\/wp\/v2\/types\/product"}],"replies":[{"embeddable":true,"href":"https:\/\/paddocktweaks.nl\/fr\/wp-json\/wp\/v2\/comments?post=981"}],"wp:featuredmedia":[{"embeddable":true,"href":"https:\/\/paddocktweaks.nl\/fr\/wp-json\/wp\/v2\/media\/4614"}],"wp:attachment":[{"href":"https:\/\/paddocktweaks.nl\/fr\/wp-json\/wp\/v2\/media?parent=981"}],"wp:term":[{"taxonomy":"product_brand","embeddable":true,"href":"https:\/\/paddocktweaks.nl\/fr\/wp-json\/wp\/v2\/product_brand?post=981"},{"taxonomy":"product_cat","embeddable":true,"href":"https:\/\/paddocktweaks.nl\/fr\/wp-json\/wp\/v2\/product_cat?post=981"},{"taxonomy":"product_tag","embeddable":true,"href":"https:\/\/paddocktweaks.nl\/fr\/wp-json\/wp\/v2\/product_tag?post=981"}],"curies":[{"name":"wp","href":"https:\/\/api.w.org\/{rel}","templated":true}]}}