{"id":862,"date":"2021-07-16T16:03:08","date_gmt":"2021-07-16T14:03:08","guid":{"rendered":"https:\/\/paddocktweaks.nl\/?post_type=product&#038;p=862"},"modified":"2026-02-02T14:08:33","modified_gmt":"2026-02-02T13:08:33","slug":"support-de-foin-pour-botteleuse-de-foin","status":"publish","type":"product","link":"https:\/\/paddocktweaks.nl\/fr\/product\/hooiruif-t-b-v-haybutler\/","title":{"rendered":"R\u00e2telier \u00e0 foin avec filet slow-feeding pour Haybutler (mod\u00e8le autoportant et DIY)"},"content":{"rendered":"<p>Vous avez d\u00e9j\u00e0 command\u00e9 un Haybutler sans r\u00e2telier \u00e0 foin. Cependant, vous souhaitez maintenant pouvoir ralentir quelque peu l'absorption de fourrage. Dans ce cas, il est souhaitable de monter un r\u00e2telier \u00e0 foin avec un filet slow-feeding. Tous les Haybutlers sont pr\u00e9par\u00e9s pour le montage d'un r\u00e2telier \u00e0 foin. Vous pouvez facilement le monter vous-m\u00eame \u00e0 l'aide du manuel fourni.<\/p>","protected":false},"excerpt":{"rendered":"<p>R\u00e2telier \u00e0 foin pour Haybutler. Facile \u00e0 monter soi-m\u00eame, filet slow-feeding inclus.<\/p>","protected":false},"featured_media":5069,"comment_status":"open","ping_status":"closed","template":"","meta":{"iawp_total_views":257},"product_brand":[],"product_cat":[19],"product_tag":[],"class_list":{"0":"post-862","1":"product","2":"type-product","3":"status-publish","4":"has-post-thumbnail","6":"product_cat-haybutler","7":"product_shipping_class-pakketpost","9":"first","10":"instock","11":"taxable","12":"shipping-taxable","13":"purchasable","14":"product-type-variable"},"_links":{"self":[{"href":"https:\/\/paddocktweaks.nl\/fr\/wp-json\/wp\/v2\/product\/862","targetHints":{"allow":["GET"]}}],"collection":[{"href":"https:\/\/paddocktweaks.nl\/fr\/wp-json\/wp\/v2\/product"}],"about":[{"href":"https:\/\/paddocktweaks.nl\/fr\/wp-json\/wp\/v2\/types\/product"}],"replies":[{"embeddable":true,"href":"https:\/\/paddocktweaks.nl\/fr\/wp-json\/wp\/v2\/comments?post=862"}],"wp:featuredmedia":[{"embeddable":true,"href":"https:\/\/paddocktweaks.nl\/fr\/wp-json\/wp\/v2\/media\/5069"}],"wp:attachment":[{"href":"https:\/\/paddocktweaks.nl\/fr\/wp-json\/wp\/v2\/media?parent=862"}],"wp:term":[{"taxonomy":"product_brand","embeddable":true,"href":"https:\/\/paddocktweaks.nl\/fr\/wp-json\/wp\/v2\/product_brand?post=862"},{"taxonomy":"product_cat","embeddable":true,"href":"https:\/\/paddocktweaks.nl\/fr\/wp-json\/wp\/v2\/product_cat?post=862"},{"taxonomy":"product_tag","embeddable":true,"href":"https:\/\/paddocktweaks.nl\/fr\/wp-json\/wp\/v2\/product_tag?post=862"}],"curies":[{"name":"wp","href":"https:\/\/api.w.org\/{rel}","templated":true}]}}