{"id":858,"date":"2021-07-16T15:57:18","date_gmt":"2021-07-16T13:57:18","guid":{"rendered":"https:\/\/paddocktweaks.nl\/?post_type=product&#038;p=858"},"modified":"2024-10-30T21:01:26","modified_gmt":"2024-10-30T19:01:26","slug":"porte-a-haybutler","status":"publish","type":"product","link":"https:\/\/paddocktweaks.nl\/fr\/product\/deur-t-b-v-haybutler\/","title":{"rendered":"Porte pour Haybutler (mod\u00e8le autoportant)"},"content":{"rendered":"<p>Vous avez pr\u00e9c\u00e9demment command\u00e9 un Haybutler sans porte car vous aviez l'intention de le laisser \u00e0 l'int\u00e9rieur. Cependant, vous souhaitez maintenant le placer \u00e0 l'ext\u00e9rieur. Dans ce cas, il est pratique de monter une porte. Tous les Haybutlers sont pr\u00e9par\u00e9s pour le montage d'une porte. Celle-ci est facile \u00e0 monter soi-m\u00eame (avec charni\u00e8res \u00e0 gauche ou \u00e0 droite) \u00e0 l'aide du manuel fourni.<\/p>","protected":false},"excerpt":{"rendered":"<p>Porte pour Haybutler. Facile \u00e0 monter soi-m\u00eame.<\/p>","protected":false},"featured_media":5077,"comment_status":"open","ping_status":"closed","template":"","meta":{"iawp_total_views":22},"product_brand":[],"product_cat":[19],"product_tag":[],"class_list":{"0":"post-858","1":"product","2":"type-product","3":"status-publish","4":"has-post-thumbnail","6":"product_cat-haybutler","7":"product_shipping_class-pakketpost","9":"first","10":"instock","11":"taxable","12":"shipping-taxable","13":"purchasable","14":"product-type-simple"},"_links":{"self":[{"href":"https:\/\/paddocktweaks.nl\/fr\/wp-json\/wp\/v2\/product\/858","targetHints":{"allow":["GET"]}}],"collection":[{"href":"https:\/\/paddocktweaks.nl\/fr\/wp-json\/wp\/v2\/product"}],"about":[{"href":"https:\/\/paddocktweaks.nl\/fr\/wp-json\/wp\/v2\/types\/product"}],"replies":[{"embeddable":true,"href":"https:\/\/paddocktweaks.nl\/fr\/wp-json\/wp\/v2\/comments?post=858"}],"wp:featuredmedia":[{"embeddable":true,"href":"https:\/\/paddocktweaks.nl\/fr\/wp-json\/wp\/v2\/media\/5077"}],"wp:attachment":[{"href":"https:\/\/paddocktweaks.nl\/fr\/wp-json\/wp\/v2\/media?parent=858"}],"wp:term":[{"taxonomy":"product_brand","embeddable":true,"href":"https:\/\/paddocktweaks.nl\/fr\/wp-json\/wp\/v2\/product_brand?post=858"},{"taxonomy":"product_cat","embeddable":true,"href":"https:\/\/paddocktweaks.nl\/fr\/wp-json\/wp\/v2\/product_cat?post=858"},{"taxonomy":"product_tag","embeddable":true,"href":"https:\/\/paddocktweaks.nl\/fr\/wp-json\/wp\/v2\/product_tag?post=858"}],"curies":[{"name":"wp","href":"https:\/\/api.w.org\/{rel}","templated":true}]}}