{"id":854,"date":"2021-07-16T15:33:34","date_gmt":"2021-07-16T13:33:34","guid":{"rendered":"https:\/\/paddocktweaks.nl\/?post_type=product&#038;p=854"},"modified":"2026-02-02T14:07:19","modified_gmt":"2026-02-02T13:07:19","slug":"filet-a-foin-de-remplacement-haybutler","status":"publish","type":"product","link":"https:\/\/paddocktweaks.nl\/fr\/product\/vervangend-hooinet-haybutler\/","title":{"rendered":"Filet \u00e0 foin de remplacement Haybutler (mod\u00e8le autoportant)"},"content":{"rendered":"<p>Les filets \u00e0 foin finissent par se casser. \u00c9tant donn\u00e9 que le filet \u00e0 foin du Haybutler est pr\u00e8s du sol, il n'est pas judicieux d'attendre trop longtemps pour le remplacer apr\u00e8s avoir constat\u00e9 un trou. Il est en effet possible qu'un cheval s'emp\u00eatrer les sabots dans le trou.<\/p>\n<p>Nous achetons le filet \u00e0 foin aupr\u00e8s de notre fournisseur PaardEerlijk. Il est sp\u00e9cialement fabriqu\u00e9 sur mesure pour nous et pr\u00e9par\u00e9 par nos soins pour \u00eatre mont\u00e9 sur le Haybutler.<\/p>","protected":false},"excerpt":{"rendered":"<p>Ce filet \u00e0 alimentation lente est exactement de la bonne taille et convient pour \u00eatre mont\u00e9 sur la mangeoire du Haybutler.<\/p>\n<p>Fabriqu\u00e9 en tissage PPE solide sans n\u0153uds avec un diam\u00e8tre de 8 mm et disponible avec une taille de maille de 4,5 cm ou 6 cm.<br \/>\nNous livrons en standard du 4,5 cm. Ceux-ci sont cens\u00e9s durer longtemps (en moyenne un an). Le filet \u00e0 alimentation lente est-il endommag\u00e9 en quelques mois, ou votre cheval est-il frustr\u00e9 parce qu'il n'arrive pas \u00e0 sortir le foin&nbsp;? nous vous recommandons alors d'utiliser le filet de 6 cm.<\/p>\n<p>Les 2 \u00e9lastiques qui maintiennent le filet en tension durent g\u00e9n\u00e9ralement plus longtemps que le filet, et sont donc optionnels.<\/p>","protected":false},"featured_media":5079,"comment_status":"open","ping_status":"closed","template":"","meta":{"iawp_total_views":71},"product_brand":[],"product_cat":[19],"product_tag":[],"class_list":{"0":"post-854","1":"product","2":"type-product","3":"status-publish","4":"has-post-thumbnail","6":"product_cat-haybutler","7":"product_shipping_class-pakketpost","9":"first","10":"instock","11":"taxable","12":"shipping-taxable","13":"purchasable","14":"product-type-variable"},"_links":{"self":[{"href":"https:\/\/paddocktweaks.nl\/fr\/wp-json\/wp\/v2\/product\/854","targetHints":{"allow":["GET"]}}],"collection":[{"href":"https:\/\/paddocktweaks.nl\/fr\/wp-json\/wp\/v2\/product"}],"about":[{"href":"https:\/\/paddocktweaks.nl\/fr\/wp-json\/wp\/v2\/types\/product"}],"replies":[{"embeddable":true,"href":"https:\/\/paddocktweaks.nl\/fr\/wp-json\/wp\/v2\/comments?post=854"}],"wp:featuredmedia":[{"embeddable":true,"href":"https:\/\/paddocktweaks.nl\/fr\/wp-json\/wp\/v2\/media\/5079"}],"wp:attachment":[{"href":"https:\/\/paddocktweaks.nl\/fr\/wp-json\/wp\/v2\/media?parent=854"}],"wp:term":[{"taxonomy":"product_brand","embeddable":true,"href":"https:\/\/paddocktweaks.nl\/fr\/wp-json\/wp\/v2\/product_brand?post=854"},{"taxonomy":"product_cat","embeddable":true,"href":"https:\/\/paddocktweaks.nl\/fr\/wp-json\/wp\/v2\/product_cat?post=854"},{"taxonomy":"product_tag","embeddable":true,"href":"https:\/\/paddocktweaks.nl\/fr\/wp-json\/wp\/v2\/product_tag?post=854"}],"curies":[{"name":"wp","href":"https:\/\/api.w.org\/{rel}","templated":true}]}}