{"id":7988,"date":"2026-01-26T10:27:09","date_gmt":"2026-01-26T09:27:09","guid":{"rendered":"https:\/\/paddocktweaks.nl\/?post_type=product&#038;p=7988"},"modified":"2026-01-26T10:32:52","modified_gmt":"2026-01-26T09:32:52","slug":"jeu-de-charnieres-pour-haybutler-amovible-diy","status":"publish","type":"product","link":"https:\/\/paddocktweaks.nl\/fr\/product\/scharnier-set-voor-diy-haybutler-uitneembaar\/","title":{"rendered":"Jeu de charni\u00e8res pour Haybutler DIY (amovible)"},"content":{"rendered":"","protected":false},"excerpt":{"rendered":"<p>Jeu de charni\u00e8res amovibles (une \u00e0 gauche, une \u00e0 droite) pour un Haybutler DIY.<\/p>\n<p>Ces charni\u00e8res permettent de retirer facilement la planche de l'armoire, id\u00e9al pendant la construction et pour l'entretien\/le nettoyage.<\/p>\n<p>Un jeu convient pour 1 planche et se compose de :<\/p>\n<ul>\n<li>8 vis (adapt\u00e9es au montage sur du bois de 18 mm)<\/li>\n<li>2 supports en L<\/li>\n<li>1 charni\u00e8re gauche<\/li>\n<li>1 charni\u00e8re droite<\/li>\n<\/ul>","protected":false},"featured_media":7989,"comment_status":"open","ping_status":"closed","template":"","meta":{"iawp_total_views":14},"product_brand":[],"product_cat":[19],"product_tag":[],"class_list":{"0":"post-7988","1":"product","2":"type-product","3":"status-publish","4":"has-post-thumbnail","6":"product_cat-haybutler","7":"product_shipping_class-brievenbuspost","9":"first","10":"instock","11":"taxable","12":"shipping-taxable","13":"purchasable","14":"product-type-simple"},"_links":{"self":[{"href":"https:\/\/paddocktweaks.nl\/fr\/wp-json\/wp\/v2\/product\/7988","targetHints":{"allow":["GET"]}}],"collection":[{"href":"https:\/\/paddocktweaks.nl\/fr\/wp-json\/wp\/v2\/product"}],"about":[{"href":"https:\/\/paddocktweaks.nl\/fr\/wp-json\/wp\/v2\/types\/product"}],"replies":[{"embeddable":true,"href":"https:\/\/paddocktweaks.nl\/fr\/wp-json\/wp\/v2\/comments?post=7988"}],"wp:featuredmedia":[{"embeddable":true,"href":"https:\/\/paddocktweaks.nl\/fr\/wp-json\/wp\/v2\/media\/7989"}],"wp:attachment":[{"href":"https:\/\/paddocktweaks.nl\/fr\/wp-json\/wp\/v2\/media?parent=7988"}],"wp:term":[{"taxonomy":"product_brand","embeddable":true,"href":"https:\/\/paddocktweaks.nl\/fr\/wp-json\/wp\/v2\/product_brand?post=7988"},{"taxonomy":"product_cat","embeddable":true,"href":"https:\/\/paddocktweaks.nl\/fr\/wp-json\/wp\/v2\/product_cat?post=7988"},{"taxonomy":"product_tag","embeddable":true,"href":"https:\/\/paddocktweaks.nl\/fr\/wp-json\/wp\/v2\/product_tag?post=7988"}],"curies":[{"name":"wp","href":"https:\/\/api.w.org\/{rel}","templated":true}]}}