{"id":6839,"date":"2025-11-24T16:18:34","date_gmt":"2025-11-24T15:18:34","guid":{"rendered":"https:\/\/paddocktweaks.nl\/?post_type=product&#038;p=6839"},"modified":"2026-03-03T09:10:12","modified_gmt":"2026-03-03T08:10:12","slug":"ressort-dalimentation-x-minuterie-de-portail","status":"publish","type":"product","link":"https:\/\/paddocktweaks.nl\/fr\/product\/veertje-voor-feed-x-gate-timer\/","title":{"rendered":"Ressort pour minuterie de porte Feed-X"},"content":{"rendered":"","protected":false},"excerpt":{"rendered":"<p>Sur les anciens mod\u00e8les (ant\u00e9rieurs \u00e0 2024 environ), il peut arriver que le crochet noir s'ouvre trop rapidement en raison de la faiblesse du ressort interne. Un ressort plus r\u00e9sistant est utilis\u00e9 depuis. Avez-vous achet\u00e9 la minuterie de porte chez nous, et est-elle encore sous <a href=\"https:\/\/paddocktweaks.nl\/fr\/garantie-et-service\/\">garantie<\/a>? Dans ce cas, nous vous enverrons un ressort gratuitement. Pour cela, envoyez un <a href=\"mailto:info@paddocktweaks.nl\">courriel<\/a> avec le num\u00e9ro de commande.<\/p>\n<p>T\u00e9l\u00e9charger <a href=\"https:\/\/paddocktweaks.nl\/wp-content\/media\/Feed-X-spring-replacement-guide.pdf\" target=\"_blank\" rel=\"noopener\">ici<\/a> les instructions pour remplacer le ressort.<\/p>","protected":false},"featured_media":7893,"comment_status":"open","ping_status":"closed","template":"","meta":{"iawp_total_views":25},"product_brand":[],"product_cat":[47],"product_tag":[],"class_list":{"0":"post-6839","1":"product","2":"type-product","3":"status-publish","4":"has-post-thumbnail","6":"product_cat-automatische-weideopener","7":"product_shipping_class-brievenbuspost","9":"first","10":"instock","11":"taxable","12":"shipping-taxable","13":"purchasable","14":"product-type-simple"},"_links":{"self":[{"href":"https:\/\/paddocktweaks.nl\/fr\/wp-json\/wp\/v2\/product\/6839","targetHints":{"allow":["GET"]}}],"collection":[{"href":"https:\/\/paddocktweaks.nl\/fr\/wp-json\/wp\/v2\/product"}],"about":[{"href":"https:\/\/paddocktweaks.nl\/fr\/wp-json\/wp\/v2\/types\/product"}],"replies":[{"embeddable":true,"href":"https:\/\/paddocktweaks.nl\/fr\/wp-json\/wp\/v2\/comments?post=6839"}],"wp:featuredmedia":[{"embeddable":true,"href":"https:\/\/paddocktweaks.nl\/fr\/wp-json\/wp\/v2\/media\/7893"}],"wp:attachment":[{"href":"https:\/\/paddocktweaks.nl\/fr\/wp-json\/wp\/v2\/media?parent=6839"}],"wp:term":[{"taxonomy":"product_brand","embeddable":true,"href":"https:\/\/paddocktweaks.nl\/fr\/wp-json\/wp\/v2\/product_brand?post=6839"},{"taxonomy":"product_cat","embeddable":true,"href":"https:\/\/paddocktweaks.nl\/fr\/wp-json\/wp\/v2\/product_cat?post=6839"},{"taxonomy":"product_tag","embeddable":true,"href":"https:\/\/paddocktweaks.nl\/fr\/wp-json\/wp\/v2\/product_tag?post=6839"}],"curies":[{"name":"wp","href":"https:\/\/api.w.org\/{rel}","templated":true}]}}