{"id":6829,"date":"2025-11-24T11:29:36","date_gmt":"2025-11-24T10:29:36","guid":{"rendered":"https:\/\/paddocktweaks.nl\/?post_type=product&#038;p=6829"},"modified":"2026-01-22T12:19:04","modified_gmt":"2026-01-22T11:19:04","slug":"cable-de-serrure-pour-reparation","status":"publish","type":"product","link":"https:\/\/paddocktweaks.nl\/fr\/product\/slot-kabel-t-b-v-reparatie\/","title":{"rendered":"C\u00e2ble de verrouillage (pour r\u00e9paration)"},"content":{"rendered":"","protected":false},"excerpt":{"rendered":"<p>Le c\u00e2ble de verrouillage de votre DIY Haybutler ou Tinybutler est-il cass\u00e9&nbsp;? Vous pouvez le r\u00e9parer vous-m\u00eame avec ce c\u00e2ble.<\/p>\n<p>Attention&nbsp;: lors de la r\u00e9paration du c\u00e2ble, vous devez d\u00e9monter le bo\u00eetier \u00e9lectrique dans la serrure, ce qui rompt le joint. Utilisez de la colle ou du mastic pour remonter le bo\u00eetier de mani\u00e8re \u00e9tanche.<\/p>","protected":false},"featured_media":7892,"comment_status":"open","ping_status":"closed","template":"","meta":{"iawp_total_views":16},"product_brand":[],"product_cat":[19],"product_tag":[],"class_list":{"0":"post-6829","1":"product","2":"type-product","3":"status-publish","4":"has-post-thumbnail","6":"product_cat-haybutler","7":"product_shipping_class-brievenbuspost","9":"first","10":"instock","11":"taxable","12":"shipping-taxable","13":"purchasable","14":"product-type-simple"},"_links":{"self":[{"href":"https:\/\/paddocktweaks.nl\/fr\/wp-json\/wp\/v2\/product\/6829","targetHints":{"allow":["GET"]}}],"collection":[{"href":"https:\/\/paddocktweaks.nl\/fr\/wp-json\/wp\/v2\/product"}],"about":[{"href":"https:\/\/paddocktweaks.nl\/fr\/wp-json\/wp\/v2\/types\/product"}],"replies":[{"embeddable":true,"href":"https:\/\/paddocktweaks.nl\/fr\/wp-json\/wp\/v2\/comments?post=6829"}],"wp:featuredmedia":[{"embeddable":true,"href":"https:\/\/paddocktweaks.nl\/fr\/wp-json\/wp\/v2\/media\/7892"}],"wp:attachment":[{"href":"https:\/\/paddocktweaks.nl\/fr\/wp-json\/wp\/v2\/media?parent=6829"}],"wp:term":[{"taxonomy":"product_brand","embeddable":true,"href":"https:\/\/paddocktweaks.nl\/fr\/wp-json\/wp\/v2\/product_brand?post=6829"},{"taxonomy":"product_cat","embeddable":true,"href":"https:\/\/paddocktweaks.nl\/fr\/wp-json\/wp\/v2\/product_cat?post=6829"},{"taxonomy":"product_tag","embeddable":true,"href":"https:\/\/paddocktweaks.nl\/fr\/wp-json\/wp\/v2\/product_tag?post=6829"}],"curies":[{"name":"wp","href":"https:\/\/api.w.org\/{rel}","templated":true}]}}