{"id":5792,"date":"2025-06-16T13:54:02","date_gmt":"2025-06-16T11:54:02","guid":{"rendered":"https:\/\/paddocktweaks.nl\/?post_type=product&#038;p=5792"},"modified":"2026-02-19T15:23:15","modified_gmt":"2026-02-19T14:23:15","slug":"pure-horse-tinybutler-proefpakket-2","status":"publish","type":"product","link":"https:\/\/paddocktweaks.nl\/fr\/product\/pure-horse-tinybutler-proefpakket\/","title":{"rendered":"Pack d'essai Pure Horse Tinybutler"},"content":{"rendered":"<div id=\"tab-description\" class=\"woocommerce-Tabs-panel woocommerce-Tabs-panel--description panel entry-content active\" role=\"tabpanel\" aria-labelledby=\"tab-title-description\">\n<p>Offrez \u00e0 votre cheval (\u00e2g\u00e9) un coup de pouce doux et nutritif avec ce pack d'essai soigneusement compos\u00e9 par <a href=\"https:\/\/purehorse.nl\/product\/tinybutler-proefpakket\/\" rel=\"noopener\">Pure Horse<\/a> . Parfait pour tester si le concept <a href=\"https:\/\/paddocktweaks.nl\/fr\/tinybutler\/\">Tinybutler<\/a>vous convient, sans avoir \u00e0 remplir tout un placard. Id\u00e9al pour les types sensibles, les gourmands difficiles ou simplement comme journ\u00e9e de soins pour votre fid\u00e8le ami.<\/p>\n<p>Que contient le pack d'essai\u00a0?<\/p>\n<ul>\n<li><strong>Concentr\u00e9 min\u00e9ral Pur P ou Senior Pur G\u00a0:<\/strong> un \u00e9quilibreur avec des min\u00e9raux facilement assimilables.<\/li>\n<li><strong>Agrobs Wiesencobs ou Pre-alpin Senior<\/strong>: m\u00e9lange de fourrage grossier riche en fibres de qualit\u00e9 sup\u00e9rieure<\/li>\n<\/ul>\n<p><em>Ensemble, ils conviennent pour 10\u00a0jours d'alimentation\u00a0!\u00a0<\/em><\/p>\n<p>Et en plus, 2\u00a0garnitures amusantes pour enrichir l'alimentation de base.<\/p>\n<ul>\n<li><strong>M\u00e9lange de fleurs BePure<\/strong>: fleurs parfum\u00e9es pour soutenir la digestion et apporter une note joyeuse.<\/li>\n<li><strong>Ou le Season Care Seizoensmix<\/strong>: adapt\u00e9 \u00e0 la saison, car les chevaux sont aussi des animaux saisonniers.<\/li>\n<li><strong>Ou le SeniorSan de Pernaturam\u00a0:<\/strong> celui-ci est sp\u00e9cialement adapt\u00e9 au cheval senior<\/li>\n<\/ul>\n<p>Vous pouvez acheter l'emballage d'essai avec ou sans le seau. Le seau s'int\u00e8gre parfaitement dans le tinybutler<\/p>\n<p><strong>Avec seau\u00a0:<\/strong><\/p>\n<p>Vous recevrez tout cela dans notre seau robuste qui s'int\u00e8gre parfaitement dans le tinybutler\u00a0!<\/p>\n<p>\u2705 Bonus\u00a0: il est aussi tr\u00e8s joli.<br \/>\n\u2705 Pour les passionn\u00e9s de chevaux soucieux du d\u00e9tail (et de l'ordre).<\/p>\n<p><strong>Sans seau\u00a0:<\/strong><\/p>\n<p>Vous pr\u00e9f\u00e9rez le minimalisme\u00a0? Alors vous recevrez exactement le m\u00eame contenu, mais sans le seau d'alimentation. Parfait si vous avez d\u00e9j\u00e0 toute une collection de r\u00e9cipients ou si vous voulez simplement l'essayer.<\/p>\n<p><em><strong>\ud83c\udf81 Extra\u00a0: avec votre pack d'essai, vous recevrez \u00e9galement un code de r\u00e9duction de 10\u00a0% sur les grands emballages Pure Horse dans le set Tinybutler\u00a0!\u00a0<\/strong><\/em><\/p>\n<\/div>","protected":false},"excerpt":{"rendered":"<div class=\"product-short-description\">\n<p>Essayez d\u00e8s maintenant le pack d'essai <a href=\"https:\/\/paddocktweaks.nl\/fr\/tinybutler\/\">Tinybutler<\/a> , sp\u00e9cialement con\u00e7u pour les chevaux \u00e2g\u00e9s qui ont besoin d'un peu d'amour suppl\u00e9mentaire. Avec des produits soigneusement s\u00e9lectionn\u00e9s par <a href=\"https:\/\/purehorse.nl\">Pure Horse<\/a> pour la vitalit\u00e9, le go\u00fbt et un ventre heureux, avec ou sans seau pratique.<\/p>\n<p><em><strong>\ud83c\udf81 Extra\u00a0: avec votre pack d'essai, vous recevrez \u00e9galement un code de r\u00e9duction de 10\u00a0% sur les grands emballages Pure Horse dans le set Tinybutler\u00a0!\u00a0<\/strong><\/em><\/p>\n<\/div>\n<p>Le contenu du paquet est indiqu\u00e9 dans la description du produit ci-dessous (l'image peut diff\u00e9rer du contenu).<\/p>","protected":false},"featured_media":5819,"comment_status":"open","ping_status":"closed","template":"","meta":{"iawp_total_views":193},"product_brand":[],"product_cat":[60],"product_tag":[],"class_list":{"0":"post-5792","1":"product","2":"type-product","3":"status-publish","4":"has-post-thumbnail","6":"product_cat-tinybutler","7":"product_shipping_class-pakketpost","9":"first","10":"instock","11":"taxable","12":"shipping-taxable","13":"purchasable","14":"product-type-variable"},"_links":{"self":[{"href":"https:\/\/paddocktweaks.nl\/fr\/wp-json\/wp\/v2\/product\/5792","targetHints":{"allow":["GET"]}}],"collection":[{"href":"https:\/\/paddocktweaks.nl\/fr\/wp-json\/wp\/v2\/product"}],"about":[{"href":"https:\/\/paddocktweaks.nl\/fr\/wp-json\/wp\/v2\/types\/product"}],"replies":[{"embeddable":true,"href":"https:\/\/paddocktweaks.nl\/fr\/wp-json\/wp\/v2\/comments?post=5792"}],"wp:featuredmedia":[{"embeddable":true,"href":"https:\/\/paddocktweaks.nl\/fr\/wp-json\/wp\/v2\/media\/5819"}],"wp:attachment":[{"href":"https:\/\/paddocktweaks.nl\/fr\/wp-json\/wp\/v2\/media?parent=5792"}],"wp:term":[{"taxonomy":"product_brand","embeddable":true,"href":"https:\/\/paddocktweaks.nl\/fr\/wp-json\/wp\/v2\/product_brand?post=5792"},{"taxonomy":"product_cat","embeddable":true,"href":"https:\/\/paddocktweaks.nl\/fr\/wp-json\/wp\/v2\/product_cat?post=5792"},{"taxonomy":"product_tag","embeddable":true,"href":"https:\/\/paddocktweaks.nl\/fr\/wp-json\/wp\/v2\/product_tag?post=5792"}],"curies":[{"name":"wp","href":"https:\/\/api.w.org\/{rel}","templated":true}]}}