{"id":5152,"date":"2024-12-02T12:38:27","date_gmt":"2024-12-02T10:38:27","guid":{"rendered":"https:\/\/paddocktweaks.nl\/?post_type=product&#038;p=5152"},"modified":"2026-03-29T14:01:17","modified_gmt":"2026-03-29T12:01:17","slug":"tinybutler","status":"publish","type":"product","link":"https:\/\/paddocktweaks.nl\/fr\/product\/tinybutler\/","title":{"rendered":"Tinybutler"},"content":{"rendered":"<p class=\"whitespace-pre-wrap break-words\">De Tinybutler is een kist met een deksel die automatisch opengaat. Je kunt 1 kist kopen en deze (later) uitbreiden met tot 3 extra kisten, zodat je tot 4 compartimenten hebt waar je voer in kunt doen.<\/p>\n<h4 class=\"font-600 text-xl font-bold\">Veelzijdig voeren<\/h4>\n<p class=\"whitespace-pre-wrap break-words\">En dat kan van alles zijn: slobber, krachtvoer, hooi, muesli, brokken, haver, etc. Zo kun je ook verschillende soorten voer op een dag aanbieden, zodat het goed aansluit op de activiteiten van je paard. Bijvoorbeeld:<\/p>\n<ul class=\"-mt-1 [li&gt;&amp;]:mt-2 list-disc space-y-2 pl-8\">\n<li class=\"whitespace-normal break-words\">'s Nachts ruwvoer en 's morgens wat krachtvoer voordat je gaat trainen<\/li>\n<li class=\"whitespace-normal break-words\">Meerdere keren kleine porties slobber voor oude paarden met gebitsproblemen<\/li>\n<\/ul>\n<h4 class=\"font-600 text-xl font-bold\">Montage<\/h4>\n<p class=\"whitespace-pre-wrap break-words\">De Tinybutler is gebaseerd op onze <a href=\"https:\/\/paddocktweaks.nl\/nl\/diy-haybutler\/\">DIY set<\/a> en bevat alle onderdelen (inclusief de DIY set) om zelf de Tinybutler in elkaar te zetten. Je ontvangt de Tinybutler dus als een bouwpakket, vergelijkbaar met een pakket van IKEA. Je hebt <em>geen<\/em> technische kennis nodig om deze te bouwen, maar wel wat gereedschap:<\/p>\n<ul class=\"-mt-1 [li&gt;&amp;]:mt-2 list-disc space-y-2 pl-8\">\n<li class=\"whitespace-normal break-words\">Een kruiskop schroevendraaier<\/li>\n<li class=\"whitespace-normal break-words\">Een steeksleutel 10mm<\/li>\n<li class=\"whitespace-normal break-words\">Een elektrische schroevendraaier (handig, maar niet noodzakelijk)<\/li>\n<\/ul>\n<p>Heb je al een Tinybutler en wil een extra kist toevoegen? Kies dan voor de uitbreiding. Je kan er maximaal 3 toevoegen (zodat je 4 kistjes in totaal hebt). Deze schroef je tegen je bestaande Tinybutler kist. Vervolgens steek je de stekker van de kabel in het bedieningspaneel, en je extra kistje wordt vanzelf geactiveerd. Uiteraard staat dit netjes beschreven in de meegeleverde handleiding.<\/p>\n","protected":false},"excerpt":{"rendered":"<p>Le Tinybutler est notre distributeur automatique de nourriture pour mash, aliments concentr\u00e9s, muesli, granul\u00e9s, avoine, etc.<\/p>\n<p>Un Tinybutler contient 1\u00a0compartiment que vous pouvez remplir de nourriture. \u00c0 l'heure d\u00e9finie, la trappe s'ouvre pour que votre cheval puisse manger.<br \/>\nLe Tinybutler peut \u00eatre \u00e9tendu avec jusqu'\u00e0 3\u00a0caisses suppl\u00e9mentaires, de sorte que vous ayez un total de 4\u00a0compartiments. Imaginez que vous remplissez 2x par jour, vous pouvez ainsi donner 8\u00a0rations \u00e0 l'avance par jour\u00a0!<\/p>\n<p>Il s'agit d'un kit bas\u00e9 sur notre <a href=\"https:\/\/paddocktweaks.nl\/fr\/haybutler-diy\/\" target=\"_blank\" rel=\"noopener\">Haybutler DIY<\/a>. Tout est inclus, vous n'avez donc plus rien \u00e0 acheter\u00a0!<\/p>\n<p>Voulez-vous rendre cela<strong> encore plus festif<\/strong> ? Ajoutez ensuite le <a href=\"https:\/\/paddocktweaks.nl\/fr\/produit\/pure-horse-tinybutler-proefpakket-2\/\" target=\"_blank\" rel=\"noopener\">Pack d'essai Pure Horse Tinybutler<\/a> , un <strong>paquet rempli de friandises<\/strong> et avec un <strong>seau flexible<\/strong> qui s'ins\u00e8re parfaitement dans le Tinybutler - et le paquet contient \u00e9galement <strong>10\u00a0% de r\u00e9duction<\/strong> chez <a href=\"https:\/\/purehorse.nl\/\" target=\"_blank\" rel=\"noopener\">Pure Horse<\/a>!<\/p>\n<p>Consultez la description d\u00e9taill\u00e9e du produit ci-dessous pour plus d'informations.<\/p>\n<p>Vous recherchez un distributeur automatique de fourrage grossier\u00a0? Alors jetez un \u0153il \u00e0 nos <a href=\"https:\/\/paddocktweaks.nl\/fr\/haybutler\/\">Haybutlers<\/a>.<\/p>\n<p><strong>D\u00e9lai de livraison (si en stock)\u00a0: 2 \u00e0 3\u00a0jours ouvrables<br \/>\nD\u00e9lai de livraison (si en pr\u00e9commande)\u00a0: 4\u00a0semaines<\/strong><\/p>","protected":false},"featured_media":5158,"comment_status":"open","ping_status":"closed","template":"","meta":{"iawp_total_views":4226},"product_brand":[],"product_cat":[60],"product_tag":[],"class_list":{"0":"post-5152","1":"product","2":"type-product","3":"status-publish","4":"has-post-thumbnail","6":"product_cat-tinybutler","7":"product_shipping_class-pakketpost","9":"first","10":"instock","11":"taxable","12":"shipping-taxable","13":"purchasable","14":"product-type-variable","15":"has-default-attributes"},"_links":{"self":[{"href":"https:\/\/paddocktweaks.nl\/fr\/wp-json\/wp\/v2\/product\/5152","targetHints":{"allow":["GET"]}}],"collection":[{"href":"https:\/\/paddocktweaks.nl\/fr\/wp-json\/wp\/v2\/product"}],"about":[{"href":"https:\/\/paddocktweaks.nl\/fr\/wp-json\/wp\/v2\/types\/product"}],"replies":[{"embeddable":true,"href":"https:\/\/paddocktweaks.nl\/fr\/wp-json\/wp\/v2\/comments?post=5152"}],"wp:featuredmedia":[{"embeddable":true,"href":"https:\/\/paddocktweaks.nl\/fr\/wp-json\/wp\/v2\/media\/5158"}],"wp:attachment":[{"href":"https:\/\/paddocktweaks.nl\/fr\/wp-json\/wp\/v2\/media?parent=5152"}],"wp:term":[{"taxonomy":"product_brand","embeddable":true,"href":"https:\/\/paddocktweaks.nl\/fr\/wp-json\/wp\/v2\/product_brand?post=5152"},{"taxonomy":"product_cat","embeddable":true,"href":"https:\/\/paddocktweaks.nl\/fr\/wp-json\/wp\/v2\/product_cat?post=5152"},{"taxonomy":"product_tag","embeddable":true,"href":"https:\/\/paddocktweaks.nl\/fr\/wp-json\/wp\/v2\/product_tag?post=5152"}],"curies":[{"name":"wp","href":"https:\/\/api.w.org\/{rel}","templated":true}]}}