{"id":5065,"date":"2024-10-25T17:06:01","date_gmt":"2024-10-25T15:06:01","guid":{"rendered":"https:\/\/paddocktweaks.nl\/?post_type=product&#038;p=5065"},"modified":"2024-11-14T15:01:48","modified_gmt":"2024-11-14T13:01:48","slug":"fil-electrifie-feed-x","status":"publish","type":"product","link":"https:\/\/paddocktweaks.nl\/fr\/product\/feed-x-schrikdraad\/","title":{"rendered":"Fil \u00e9lectrifi\u00e9 Feed-X"},"content":{"rendered":"<p>Fil \u00e9lectrifi\u00e9 de remplacement pour les syst\u00e8mes de poulie Feed-X. Feed-X a test\u00e9 plusieurs types et celui-ci s'est av\u00e9r\u00e9 \u00eatre le meilleur (faible friction et bonne qualit\u00e9).<\/p>","protected":false},"excerpt":{"rendered":"<p>Fil \u00e9lectrifi\u00e9 us\u00e9\u00a0? Ce fil \u00e9lectrifi\u00e9 convient aux syst\u00e8mes de poulie Feed-X <a href=\"https:\/\/paddocktweaks.nl\/fr\/produit\/systeme-a-poulie-unique-g11\/\">G11<\/a> et <a href=\"https:\/\/paddocktweaks.nl\/fr\/produit\/systeme-de-poulie-double-g112\/\">G112<\/a>.<\/p>\n<p>Ce produit est vendu au m\u00e8tre. Pour le G11, vous avez besoin de 6 m\u00e8tres, pour le G112, 12 m\u00e8tres.<\/p>\n<p>&nbsp;<\/p>","protected":false},"featured_media":5066,"comment_status":"closed","ping_status":"closed","template":"","meta":{"iawp_total_views":13},"product_brand":[],"product_cat":[47],"product_tag":[],"class_list":{"0":"post-5065","1":"product","2":"type-product","3":"status-publish","4":"has-post-thumbnail","6":"product_cat-automatische-weideopener","7":"product_shipping_class-brievenbuspost","9":"first","10":"instock","11":"taxable","12":"shipping-taxable","13":"purchasable","14":"product-type-simple"},"_links":{"self":[{"href":"https:\/\/paddocktweaks.nl\/fr\/wp-json\/wp\/v2\/product\/5065","targetHints":{"allow":["GET"]}}],"collection":[{"href":"https:\/\/paddocktweaks.nl\/fr\/wp-json\/wp\/v2\/product"}],"about":[{"href":"https:\/\/paddocktweaks.nl\/fr\/wp-json\/wp\/v2\/types\/product"}],"replies":[{"embeddable":true,"href":"https:\/\/paddocktweaks.nl\/fr\/wp-json\/wp\/v2\/comments?post=5065"}],"wp:featuredmedia":[{"embeddable":true,"href":"https:\/\/paddocktweaks.nl\/fr\/wp-json\/wp\/v2\/media\/5066"}],"wp:attachment":[{"href":"https:\/\/paddocktweaks.nl\/fr\/wp-json\/wp\/v2\/media?parent=5065"}],"wp:term":[{"taxonomy":"product_brand","embeddable":true,"href":"https:\/\/paddocktweaks.nl\/fr\/wp-json\/wp\/v2\/product_brand?post=5065"},{"taxonomy":"product_cat","embeddable":true,"href":"https:\/\/paddocktweaks.nl\/fr\/wp-json\/wp\/v2\/product_cat?post=5065"},{"taxonomy":"product_tag","embeddable":true,"href":"https:\/\/paddocktweaks.nl\/fr\/wp-json\/wp\/v2\/product_tag?post=5065"}],"curies":[{"name":"wp","href":"https:\/\/api.w.org\/{rel}","templated":true}]}}