{"id":4937,"date":"2024-09-04T09:45:35","date_gmt":"2024-09-04T07:45:35","guid":{"rendered":"https:\/\/paddocktweaks.nl\/?post_type=product&#038;p=4937"},"modified":"2026-02-02T13:54:36","modified_gmt":"2026-02-02T12:54:36","slug":"support-mural-modele-mural-haybutler","status":"publish","type":"product","link":"https:\/\/paddocktweaks.nl\/fr\/product\/muurbeugel-haybutler-wandmodel\/","title":{"rendered":"Support mural Mod\u00e8le Haybutler"},"content":{"rendered":"<p>Le mod\u00e8le mural est livr\u00e9 en standard avec 1 support mural. Avec ce support mural suppl\u00e9mentaire, vous pouvez facilement d\u00e9placer le Haybutler vers un autre endroit.<br \/>\nMat\u00e9riel de fixation inclus.<\/p>","protected":false},"excerpt":{"rendered":"<p>Un support mural suppl\u00e9mentaire pour que vous puissiez facilement d\u00e9placer le Haybutler vers un autre endroit.<\/p>","protected":false},"featured_media":4938,"comment_status":"open","ping_status":"closed","template":"","meta":{"iawp_total_views":42},"product_brand":[],"product_cat":[19],"product_tag":[],"class_list":{"0":"post-4937","1":"product","2":"type-product","3":"status-publish","4":"has-post-thumbnail","6":"product_cat-haybutler","7":"product_shipping_class-pakketpost","9":"first","10":"instock","11":"taxable","12":"shipping-taxable","13":"purchasable","14":"product-type-simple"},"_links":{"self":[{"href":"https:\/\/paddocktweaks.nl\/fr\/wp-json\/wp\/v2\/product\/4937","targetHints":{"allow":["GET"]}}],"collection":[{"href":"https:\/\/paddocktweaks.nl\/fr\/wp-json\/wp\/v2\/product"}],"about":[{"href":"https:\/\/paddocktweaks.nl\/fr\/wp-json\/wp\/v2\/types\/product"}],"replies":[{"embeddable":true,"href":"https:\/\/paddocktweaks.nl\/fr\/wp-json\/wp\/v2\/comments?post=4937"}],"wp:featuredmedia":[{"embeddable":true,"href":"https:\/\/paddocktweaks.nl\/fr\/wp-json\/wp\/v2\/media\/4938"}],"wp:attachment":[{"href":"https:\/\/paddocktweaks.nl\/fr\/wp-json\/wp\/v2\/media?parent=4937"}],"wp:term":[{"taxonomy":"product_brand","embeddable":true,"href":"https:\/\/paddocktweaks.nl\/fr\/wp-json\/wp\/v2\/product_brand?post=4937"},{"taxonomy":"product_cat","embeddable":true,"href":"https:\/\/paddocktweaks.nl\/fr\/wp-json\/wp\/v2\/product_cat?post=4937"},{"taxonomy":"product_tag","embeddable":true,"href":"https:\/\/paddocktweaks.nl\/fr\/wp-json\/wp\/v2\/product_tag?post=4937"}],"curies":[{"name":"wp","href":"https:\/\/api.w.org\/{rel}","templated":true}]}}