{"id":4514,"date":"2024-04-29T16:28:54","date_gmt":"2024-04-29T14:28:54","guid":{"rendered":"https:\/\/paddocktweaks.nl\/?post_type=product&#038;p=4514"},"modified":"2026-04-20T09:07:49","modified_gmt":"2026-04-20T07:07:49","slug":"jeu-damortisseurs-pour-haybutler","status":"publish","type":"product","link":"https:\/\/paddocktweaks.nl\/fr\/product\/demperset-voor-haybutler\/","title":{"rendered":"Amortisseurs pour Haybutler"},"content":{"rendered":"<p>Cet ensemble d'amortisseurs est sp\u00e9cialement con\u00e7u sur mesure pour votre version de Haybutler et se compose de 4 amortisseurs \u00e0 gaz et des raccords correspondants.<br \/>\nLors de la livraison, vous recevrez les instructions de montage (il peut \u00eatre n\u00e9cessaire de percer quelques trous, cela d\u00e9pend de la version de votre Haybutler).<\/p>\n<p>Vous commandez \u00e9galement un Haybutler&nbsp;? nous monterons alors les amortisseurs pour vous.<\/p>\n<p>NB&nbsp;: vous pouvez \u00e9galement utiliser cet ensemble d'amortisseurs avec un Haybutler DIY, nous fournissons alors des supports standard que vous pouvez visser sur vos tiroirs. Attention&nbsp;: la force maximale sur les amortisseurs est de 10 kg.<\/p>","protected":false},"excerpt":{"rendered":"<p>Un ensemble d'amortisseurs pour les 4 tiroirs de votre Haybutler, le rendant silencieux.<\/p>\n<p><strong>D\u00e9lai de livraison (si en stock) : 1 \u00e0 3 jours ouvrables<\/strong><br \/>\n<strong>D\u00e9lai de livraison (si en pr\u00e9commande)\u00a0: 4\u00a0semaines<\/strong><\/p>","protected":false},"featured_media":4716,"comment_status":"open","ping_status":"closed","template":"","meta":{"iawp_total_views":464},"product_brand":[],"product_cat":[19],"product_tag":[],"class_list":{"0":"post-4514","1":"product","2":"type-product","3":"status-publish","4":"has-post-thumbnail","6":"product_cat-haybutler","7":"product_shipping_class-pakketpost","9":"first","10":"instock","11":"taxable","12":"shipping-taxable","13":"purchasable","14":"product-type-simple"},"_links":{"self":[{"href":"https:\/\/paddocktweaks.nl\/fr\/wp-json\/wp\/v2\/product\/4514","targetHints":{"allow":["GET"]}}],"collection":[{"href":"https:\/\/paddocktweaks.nl\/fr\/wp-json\/wp\/v2\/product"}],"about":[{"href":"https:\/\/paddocktweaks.nl\/fr\/wp-json\/wp\/v2\/types\/product"}],"replies":[{"embeddable":true,"href":"https:\/\/paddocktweaks.nl\/fr\/wp-json\/wp\/v2\/comments?post=4514"}],"wp:featuredmedia":[{"embeddable":true,"href":"https:\/\/paddocktweaks.nl\/fr\/wp-json\/wp\/v2\/media\/4716"}],"wp:attachment":[{"href":"https:\/\/paddocktweaks.nl\/fr\/wp-json\/wp\/v2\/media?parent=4514"}],"wp:term":[{"taxonomy":"product_brand","embeddable":true,"href":"https:\/\/paddocktweaks.nl\/fr\/wp-json\/wp\/v2\/product_brand?post=4514"},{"taxonomy":"product_cat","embeddable":true,"href":"https:\/\/paddocktweaks.nl\/fr\/wp-json\/wp\/v2\/product_cat?post=4514"},{"taxonomy":"product_tag","embeddable":true,"href":"https:\/\/paddocktweaks.nl\/fr\/wp-json\/wp\/v2\/product_tag?post=4514"}],"curies":[{"name":"wp","href":"https:\/\/api.w.org\/{rel}","templated":true}]}}