{"id":4360,"date":"2024-04-10T09:08:45","date_gmt":"2024-04-10T07:08:45","guid":{"rendered":"https:\/\/paddocktweaks.nl\/?post_type=product&#038;p=4360"},"modified":"2024-10-30T22:28:18","modified_gmt":"2024-10-30T20:28:18","slug":"filet-a-foin-de-remplacement-haybutler-wall-model","status":"publish","type":"product","link":"https:\/\/paddocktweaks.nl\/fr\/product\/vervangend-hooinet-haybutler-wandmodel\/","title":{"rendered":"Filet \u00e0 foin de remplacement Haybutler (mod\u00e8le mural)"},"content":{"rendered":"<p>Les filets \u00e0 foin finissent par se casser. \u00c9tant donn\u00e9 que le filet \u00e0 foin du Haybutler est pr\u00e8s du sol, il n'est pas judicieux d'attendre trop longtemps pour le remplacer apr\u00e8s avoir constat\u00e9 un trou. Il est en effet possible qu'un cheval s'emp\u00eatrer les sabots dans le trou.<\/p>\n<p>Nous achetons le filet \u00e0 foin aupr\u00e8s de notre fournisseur. Il est sp\u00e9cialement fabriqu\u00e9 sur mesure pour nous et pr\u00e9par\u00e9 par nos soins pour \u00eatre mont\u00e9 sur le Haybutler.<\/p>","protected":false},"excerpt":{"rendered":"<p>Ce filet \u00e0 foin est exactement de la bonne taille et adapt\u00e9 pour \u00eatre mont\u00e9 sur la partie inf\u00e9rieure du Haybutler.<\/p>\n<p>Fabriqu\u00e9 en tissage PPE solide sans n\u0153uds avec un diam\u00e8tre de 8 mm et une taille de maille de 4,5x4,5 cm.<\/p>","protected":false},"featured_media":5082,"comment_status":"open","ping_status":"closed","template":"","meta":{"iawp_total_views":39},"product_brand":[],"product_cat":[19],"product_tag":[],"class_list":{"0":"post-4360","1":"product","2":"type-product","3":"status-publish","4":"has-post-thumbnail","6":"product_cat-haybutler","7":"product_shipping_class-pakketpost","9":"first","10":"instock","11":"taxable","12":"shipping-taxable","13":"purchasable","14":"product-type-simple"},"_links":{"self":[{"href":"https:\/\/paddocktweaks.nl\/fr\/wp-json\/wp\/v2\/product\/4360","targetHints":{"allow":["GET"]}}],"collection":[{"href":"https:\/\/paddocktweaks.nl\/fr\/wp-json\/wp\/v2\/product"}],"about":[{"href":"https:\/\/paddocktweaks.nl\/fr\/wp-json\/wp\/v2\/types\/product"}],"replies":[{"embeddable":true,"href":"https:\/\/paddocktweaks.nl\/fr\/wp-json\/wp\/v2\/comments?post=4360"}],"wp:featuredmedia":[{"embeddable":true,"href":"https:\/\/paddocktweaks.nl\/fr\/wp-json\/wp\/v2\/media\/5082"}],"wp:attachment":[{"href":"https:\/\/paddocktweaks.nl\/fr\/wp-json\/wp\/v2\/media?parent=4360"}],"wp:term":[{"taxonomy":"product_brand","embeddable":true,"href":"https:\/\/paddocktweaks.nl\/fr\/wp-json\/wp\/v2\/product_brand?post=4360"},{"taxonomy":"product_cat","embeddable":true,"href":"https:\/\/paddocktweaks.nl\/fr\/wp-json\/wp\/v2\/product_cat?post=4360"},{"taxonomy":"product_tag","embeddable":true,"href":"https:\/\/paddocktweaks.nl\/fr\/wp-json\/wp\/v2\/product_tag?post=4360"}],"curies":[{"name":"wp","href":"https:\/\/api.w.org\/{rel}","templated":true}]}}