{"id":4271,"date":"2024-02-19T10:20:12","date_gmt":"2024-02-19T08:20:12","guid":{"rendered":"https:\/\/paddocktweaks.nl\/?post_type=product&#038;p=4271"},"modified":"2026-02-02T14:03:12","modified_gmt":"2026-02-02T13:03:12","slug":"crochet-de-balancier-pour-poulie-de-fenaison","status":"publish","type":"product","link":"https:\/\/paddocktweaks.nl\/fr\/product\/schommelhaak-voor-hayfall-katrol\/","title":{"rendered":"Crochet de balan\u00e7oire pour poulie Hayfall"},"content":{"rendered":"<p>Ce crochet de balan\u00e7oire galvanis\u00e9 de 120 mm de long avec filetage \u00e0 bois de 10 mm a \u00e9t\u00e9 sp\u00e9cialement s\u00e9lectionn\u00e9 pour s'adapter parfaitement \u00e0 la <a href=\"https:\/\/paddocktweaks.nl\/fr\/produit\/poulie-pour-chute-de-foin\/\">Hayfall<\/a> de la <a href=\"https:\/\/paddocktweaks.nl\/fr\/produit\/chute-de-foin\/\">Hayfall<\/a> .<\/p>\n<p>Peut \u00e9galement \u00eatre utilis\u00e9 dans les murs en pierre en combinaison avec une cheville de 12 mm (non fournie).<\/p>","protected":false},"excerpt":{"rendered":"<p>Ce crochet de balan\u00e7oire s'adapte \u00e0 la <a href=\"https:\/\/paddocktweaks.nl\/fr\/produit\/chute-de-foin\/\">Hayfall<\/a> <a href=\"https:\/\/paddocktweaks.nl\/fr\/produit\/poulie-pour-chute-de-foin\/\">Hayfall<\/a>.<\/p>","protected":false},"featured_media":4712,"comment_status":"open","ping_status":"closed","template":"","meta":{"iawp_total_views":92},"product_brand":[],"product_cat":[59],"product_tag":[],"class_list":{"0":"post-4271","1":"product","2":"type-product","3":"status-publish","4":"has-post-thumbnail","6":"product_cat-hayfall","7":"product_shipping_class-pakketpost","9":"first","10":"instock","11":"taxable","12":"shipping-taxable","13":"purchasable","14":"product-type-simple"},"_links":{"self":[{"href":"https:\/\/paddocktweaks.nl\/fr\/wp-json\/wp\/v2\/product\/4271","targetHints":{"allow":["GET"]}}],"collection":[{"href":"https:\/\/paddocktweaks.nl\/fr\/wp-json\/wp\/v2\/product"}],"about":[{"href":"https:\/\/paddocktweaks.nl\/fr\/wp-json\/wp\/v2\/types\/product"}],"replies":[{"embeddable":true,"href":"https:\/\/paddocktweaks.nl\/fr\/wp-json\/wp\/v2\/comments?post=4271"}],"wp:featuredmedia":[{"embeddable":true,"href":"https:\/\/paddocktweaks.nl\/fr\/wp-json\/wp\/v2\/media\/4712"}],"wp:attachment":[{"href":"https:\/\/paddocktweaks.nl\/fr\/wp-json\/wp\/v2\/media?parent=4271"}],"wp:term":[{"taxonomy":"product_brand","embeddable":true,"href":"https:\/\/paddocktweaks.nl\/fr\/wp-json\/wp\/v2\/product_brand?post=4271"},{"taxonomy":"product_cat","embeddable":true,"href":"https:\/\/paddocktweaks.nl\/fr\/wp-json\/wp\/v2\/product_cat?post=4271"},{"taxonomy":"product_tag","embeddable":true,"href":"https:\/\/paddocktweaks.nl\/fr\/wp-json\/wp\/v2\/product_tag?post=4271"}],"curies":[{"name":"wp","href":"https:\/\/api.w.org\/{rel}","templated":true}]}}