{"id":4269,"date":"2024-02-19T10:06:10","date_gmt":"2024-02-19T08:06:10","guid":{"rendered":"https:\/\/paddocktweaks.nl\/?post_type=product&#038;p=4269"},"modified":"2026-02-02T14:03:09","modified_gmt":"2026-02-02T13:03:09","slug":"poulie-pour-chute-de-foin","status":"publish","type":"product","link":"https:\/\/paddocktweaks.nl\/fr\/product\/katrol-voor-hayfall\/","title":{"rendered":"Poulie pour Hayfall"},"content":{"rendered":"<p>Cette poulie zingu\u00e9e de 10 mm a \u00e9t\u00e9 sp\u00e9cialement s\u00e9lectionn\u00e9e pour s'adapter parfaitement \u00e0 la <a href=\"https:\/\/paddocktweaks.nl\/fr\/produit\/corde-pour-la-chute-du-foin\/\">et au<\/a> et le <a href=\"https:\/\/paddocktweaks.nl\/fr\/produit\/crochet-de-balancier-pour-poulie-de-fenaison\/\">Hayfall<\/a> de la <a href=\"https:\/\/paddocktweaks.nl\/fr\/produit\/chute-de-foin\/\">Hayfall<\/a> .<\/p>","protected":false},"excerpt":{"rendered":"<p>Cette poulie s'adapte \u00e0 la <a href=\"https:\/\/paddocktweaks.nl\/fr\/produit\/chute-de-foin\/\">Hayfall<\/a> <a href=\"https:\/\/paddocktweaks.nl\/fr\/produit\/corde-pour-la-chute-du-foin\/\">et au<\/a> et <a href=\"https:\/\/paddocktweaks.nl\/fr\/produit\/crochet-de-balancier-pour-poulie-de-fenaison\/\">Hayfall<\/a>.<\/p>","protected":false},"featured_media":4270,"comment_status":"open","ping_status":"closed","template":"","meta":{"iawp_total_views":75},"product_brand":[],"product_cat":[59],"product_tag":[],"class_list":{"0":"post-4269","1":"product","2":"type-product","3":"status-publish","4":"has-post-thumbnail","6":"product_cat-hayfall","7":"product_shipping_class-pakketpost","9":"first","10":"instock","11":"taxable","12":"shipping-taxable","13":"purchasable","14":"product-type-simple"},"_links":{"self":[{"href":"https:\/\/paddocktweaks.nl\/fr\/wp-json\/wp\/v2\/product\/4269","targetHints":{"allow":["GET"]}}],"collection":[{"href":"https:\/\/paddocktweaks.nl\/fr\/wp-json\/wp\/v2\/product"}],"about":[{"href":"https:\/\/paddocktweaks.nl\/fr\/wp-json\/wp\/v2\/types\/product"}],"replies":[{"embeddable":true,"href":"https:\/\/paddocktweaks.nl\/fr\/wp-json\/wp\/v2\/comments?post=4269"}],"wp:featuredmedia":[{"embeddable":true,"href":"https:\/\/paddocktweaks.nl\/fr\/wp-json\/wp\/v2\/media\/4270"}],"wp:attachment":[{"href":"https:\/\/paddocktweaks.nl\/fr\/wp-json\/wp\/v2\/media?parent=4269"}],"wp:term":[{"taxonomy":"product_brand","embeddable":true,"href":"https:\/\/paddocktweaks.nl\/fr\/wp-json\/wp\/v2\/product_brand?post=4269"},{"taxonomy":"product_cat","embeddable":true,"href":"https:\/\/paddocktweaks.nl\/fr\/wp-json\/wp\/v2\/product_cat?post=4269"},{"taxonomy":"product_tag","embeddable":true,"href":"https:\/\/paddocktweaks.nl\/fr\/wp-json\/wp\/v2\/product_tag?post=4269"}],"curies":[{"name":"wp","href":"https:\/\/api.w.org\/{rel}","templated":true}]}}