{"id":4148,"date":"2024-01-29T11:18:40","date_gmt":"2024-01-29T09:18:40","guid":{"rendered":"https:\/\/paddocktweaks.nl\/?post_type=product&#038;p=4148"},"modified":"2026-03-27T14:19:35","modified_gmt":"2026-03-27T13:19:35","slug":"serrure-pour-haybutler","status":"publish","type":"product","link":"https:\/\/paddocktweaks.nl\/fr\/product\/slot-voor-haybutler\/","title":{"rendered":"Serrure pour Haybutler\/Tinybutler\/Hayfall"},"content":{"rendered":"<p>Pour remplacer une serrure de Haybutler, Tinybutler ou Hayfall. Facile \u00e0 monter et \u00e0 d\u00e9monter soi-m\u00eame.<\/p>\n<p>Attention : Ces serrures sont fabriqu\u00e9es sur mesure pour les Haybutlers de PaddockTweaks et contiennent des composants \u00e9lectroniques sp\u00e9ciaux qui ne fonctionnent qu'avec nos bo\u00eetiers de commande. N'utilisez pas d'autres marques\/types de serrures, elles peuvent sembler identiques mais ne seront pas utilisables.<\/p>","protected":false},"excerpt":{"rendered":"<p>Cette serrure convient aux Haybutler (tous mod\u00e8les, y compris DIY), Tinybutler et Hayfall.<\/p>\n<p>Attention : veuillez indiquer le num\u00e9ro de commande ou de facture de votre commande dans le champ \"Notes de commande\" lors du paiement, afin que nous puissions vous envoyer la bonne version.<\/p>\n<p>NB\u00a0: ce produit ne peut \u00eatre achet\u00e9 que par les clients poss\u00e9dant un Haybutler, vente s\u00e9par\u00e9e impossible.<\/p>","protected":false},"featured_media":4707,"comment_status":"open","ping_status":"closed","template":"","meta":{"iawp_total_views":621},"product_brand":[],"product_cat":[19,59,60],"product_tag":[],"class_list":{"0":"post-4148","1":"product","2":"type-product","3":"status-publish","4":"has-post-thumbnail","6":"product_cat-haybutler","7":"product_cat-hayfall","8":"product_cat-tinybutler","9":"product_shipping_class-brievenbuspost","11":"first","12":"instock","13":"taxable","14":"shipping-taxable","15":"purchasable","16":"product-type-variable"},"_links":{"self":[{"href":"https:\/\/paddocktweaks.nl\/fr\/wp-json\/wp\/v2\/product\/4148","targetHints":{"allow":["GET"]}}],"collection":[{"href":"https:\/\/paddocktweaks.nl\/fr\/wp-json\/wp\/v2\/product"}],"about":[{"href":"https:\/\/paddocktweaks.nl\/fr\/wp-json\/wp\/v2\/types\/product"}],"replies":[{"embeddable":true,"href":"https:\/\/paddocktweaks.nl\/fr\/wp-json\/wp\/v2\/comments?post=4148"}],"wp:featuredmedia":[{"embeddable":true,"href":"https:\/\/paddocktweaks.nl\/fr\/wp-json\/wp\/v2\/media\/4707"}],"wp:attachment":[{"href":"https:\/\/paddocktweaks.nl\/fr\/wp-json\/wp\/v2\/media?parent=4148"}],"wp:term":[{"taxonomy":"product_brand","embeddable":true,"href":"https:\/\/paddocktweaks.nl\/fr\/wp-json\/wp\/v2\/product_brand?post=4148"},{"taxonomy":"product_cat","embeddable":true,"href":"https:\/\/paddocktweaks.nl\/fr\/wp-json\/wp\/v2\/product_cat?post=4148"},{"taxonomy":"product_tag","embeddable":true,"href":"https:\/\/paddocktweaks.nl\/fr\/wp-json\/wp\/v2\/product_tag?post=4148"}],"curies":[{"name":"wp","href":"https:\/\/api.w.org\/{rel}","templated":true}]}}