{"id":4042,"date":"2024-01-08T13:44:25","date_gmt":"2024-01-08T11:44:25","guid":{"rendered":"https:\/\/paddocktweaks.nl\/?post_type=product&#038;p=4042"},"modified":"2026-02-23T11:10:46","modified_gmt":"2026-02-23T10:10:46","slug":"mise-a-niveau-du-boitier-de-controle","status":"publish","type":"product","link":"https:\/\/paddocktweaks.nl\/fr\/product\/upgrade-bedieningskast\/","title":{"rendered":"Mise \u00e0 niveau du bo\u00eetier de commande"},"content":{"rendered":"<p>Cette mise \u00e0 niveau remplace votre bo\u00eetier de commande actuel. Gr\u00e2ce \u00e0 cette mise \u00e0 niveau, les piles durent plus longtemps et vous pouvez r\u00e9gler jusqu'\u00e0 8&nbsp;heures d'alimentation par 24&nbsp;heures (auparavant&nbsp;: 4). De plus, les heures d'alimentation sont conserv\u00e9es lors du remplacement des piles.<\/p>\n<p>Le nouveau bo\u00eetier de commande fonctionne uniquement sur piles, et non plus sur un adaptateur secteur (ceux-ci \u00e9taient rarement utilis\u00e9s en pratique). Les piles se trouvent dans le bo\u00eetier de commande lui-m\u00eame, et non plus dans un support de piles s\u00e9par\u00e9.<\/p>\n<p>Apr\u00e8s votre commande, vous recevrez les instructions pour la transformation.<\/p>\n<p>D\u00e9lai de livraison\u00a0: 1\u00a0semaine<\/p>","protected":false},"excerpt":{"rendered":"<p>Offrez \u00e0 votre Haybutler une mise \u00e0 niveau vers la derni\u00e8re version de notre bo\u00eetier de commande\u00a0:<\/p>\n<ul>\n<li>Mise \u00e0 niveau pour bo\u00eetier de commande livr\u00e9 jusqu'\u00e0 mi-2023 (les automates plus r\u00e9cents ont d\u00e9j\u00e0 la mise \u00e0 niveau)<\/li>\n<li>Dur\u00e9e de vie des piles plus longue<\/li>\n<li>Jusqu'\u00e0 8\u00a0heures d'alimentation par 24\u00a0heures<\/li>\n<li>Les heures d'alimentation sont conserv\u00e9es lors du remplacement des piles<\/li>\n<li>Plus de support de piles s\u00e9par\u00e9<\/li>\n<\/ul>\n<p>&nbsp;<\/p>\n<p>Attention\u00a0: achetez-vous un nouveau Haybutler\u00a0? Dans ce cas, vous n'avez pas besoin de la mise \u00e0 niveau, ceux-ci re\u00e7oivent de s\u00e9rie la version la plus r\u00e9cente de notre bo\u00eetier de commande.<\/p>\n<p>T\u00e9l\u00e9charger <a href=\"https:\/\/paddocktweaks.nl\/wp-content\/media\/Haybutler-bedieningsinstructie-FR.pdf\">ici<\/a> le mode d'emploi.<\/p>\n<p>NB\u00a0: ce produit ne peut \u00eatre achet\u00e9 que par les clients poss\u00e9dant un Haybutler, vente s\u00e9par\u00e9e impossible.<\/p>","protected":false},"featured_media":4626,"comment_status":"open","ping_status":"closed","template":"","meta":{"iawp_total_views":276},"product_brand":[],"product_cat":[19],"product_tag":[],"class_list":{"0":"post-4042","1":"product","2":"type-product","3":"status-publish","4":"has-post-thumbnail","6":"product_cat-haybutler","7":"product_shipping_class-pakketpost","9":"first","10":"instock","11":"taxable","12":"shipping-taxable","13":"purchasable","14":"product-type-simple"},"_links":{"self":[{"href":"https:\/\/paddocktweaks.nl\/fr\/wp-json\/wp\/v2\/product\/4042","targetHints":{"allow":["GET"]}}],"collection":[{"href":"https:\/\/paddocktweaks.nl\/fr\/wp-json\/wp\/v2\/product"}],"about":[{"href":"https:\/\/paddocktweaks.nl\/fr\/wp-json\/wp\/v2\/types\/product"}],"replies":[{"embeddable":true,"href":"https:\/\/paddocktweaks.nl\/fr\/wp-json\/wp\/v2\/comments?post=4042"}],"wp:featuredmedia":[{"embeddable":true,"href":"https:\/\/paddocktweaks.nl\/fr\/wp-json\/wp\/v2\/media\/4626"}],"wp:attachment":[{"href":"https:\/\/paddocktweaks.nl\/fr\/wp-json\/wp\/v2\/media?parent=4042"}],"wp:term":[{"taxonomy":"product_brand","embeddable":true,"href":"https:\/\/paddocktweaks.nl\/fr\/wp-json\/wp\/v2\/product_brand?post=4042"},{"taxonomy":"product_cat","embeddable":true,"href":"https:\/\/paddocktweaks.nl\/fr\/wp-json\/wp\/v2\/product_cat?post=4042"},{"taxonomy":"product_tag","embeddable":true,"href":"https:\/\/paddocktweaks.nl\/fr\/wp-json\/wp\/v2\/product_tag?post=4042"}],"curies":[{"name":"wp","href":"https:\/\/api.w.org\/{rel}","templated":true}]}}