{"id":3878,"date":"2023-12-14T12:25:25","date_gmt":"2023-12-14T10:25:25","guid":{"rendered":"https:\/\/paddocktweaks.nl\/?post_type=product&#038;p=3878"},"modified":"2026-04-09T10:00:24","modified_gmt":"2026-04-09T08:00:24","slug":"distributeur-de-foin-haybutler-corner-model","status":"publish","type":"product","link":"https:\/\/paddocktweaks.nl\/fr\/product\/hooivoerautomaat-haybutler-hoekmodel\/","title":{"rendered":"Distributeur de foin Haybutler (mod\u00e8le d'angle)"},"content":{"rendered":"<p>Cliquez <a href=\"https:\/\/paddocktweaks.nl\/fr\/haybutler\/\" target=\"_blank\" rel=\"noopener\">ici<\/a> pour des informations g\u00e9n\u00e9rales sur le Haybutler, les diff\u00e9rents mod\u00e8les, les possibilit\u00e9s et le fonctionnement. Consultez \u00e9galement notre <a href=\"https:\/\/paddocktweaks.nl\/fr\/haybutler\/#faq\" target=\"_blank\" rel=\"noopener\">FAQ<\/a> pour obtenir des r\u00e9ponses aux questions fr\u00e9quemment pos\u00e9es.<\/p>\n<p>Le mod\u00e8le d'angle peut \u00eatre mont\u00e9 dans le coin d'un abri pour chevaux, comme un box ou une \u00e9curie (abri). Gr\u00e2ce \u00e0 la forme de ce mod\u00e8le, il prend peu de place.<\/p>\n<p>Le fourrage grossier tombe directement vers le bas. Le sol dans le coin d'une \u00e9curie est souvent relativement propre, de sorte qu'un cheval peut manger \u00e0 partir du sol. Avez-vous peu de hauteur \u00e0 disposition\u00a0? Le mod\u00e8le d'angle peut d\u00e9j\u00e0 \u00eatre utilis\u00e9 avec des hauteurs d'\u00e9curie de 1,60\u00a0m.<\/p>\n<p>Ce mod\u00e8le est \u00e9quip\u00e9 en standard d'un \u00ab\u00a0pare-chocs\u00a0\u00bb robuste \u00e0 l'avant pour prot\u00e9ger l'appareil contre les frottements et les pouss\u00e9es.<\/p>\n<p>Vous souhaitez donner des concentr\u00e9s, du muesli, des croquettes, des \u00e9pis de foin, de l'avoine, etc. Alors jetez un coup d'\u0153il \u00e0 la <a href=\"https:\/\/paddocktweaks.nl\/fr\/produit\/tinybutler\/\">Tinybutler<\/a><\/p>","protected":false},"excerpt":{"rendered":"<div class=\"woocommerce-product-details__short-description\">\n<p>Le <a href=\"https:\/\/paddocktweaks.nl\/fr\/haybutler\/\">Haybutler<\/a> est notre distributeur de foin automatique. Celui-ci donne \u00e0 votre cheval des portions de foin r\u00e9parties sur la journ\u00e9e.<\/p>\n<p>Le mod\u00e8le d'angle peut \u00eatre mont\u00e9 dans le coin d'un abri pour chevaux, comme un box ou une \u00e9curie (abri). Gr\u00e2ce \u00e0 la forme de ce mod\u00e8le, il prend peu de place. Convient \u00e9galement aux \u00e9curies avec porte coulissante. La machine est s\u00fbre et lisse, et n'a aucune influence sur les dimensions d'un box telles que <a href=\"https:\/\/www.fnrs.nl\/?file=9163&amp;m=1685454326&amp;action=file.download\" target=\"_blank\" rel=\"noopener\">mesur\u00e9es par la FNRS<\/a>: vous conservez donc vos points\/\u00e9toiles.<\/p>\n<p>\u00c9galement disponible en version pouvant \u00eatre remplie depuis l'all\u00e9e (au moyen d'une ouverture dans la paroi de l'\u00e9curie), de sorte que vous n'ayez pas \u00e0 entrer dans l'\u00e9curie pour la remplir.<\/p>\n<p>Nous \u00e9quipons ce Haybutler en standard avec des <a href=\"https:\/\/paddocktweaks.nl\/fr\/produit\/jeu-damortisseurs-pour-haybutler\/\">silencieux<\/a>, vous n'avez donc pas besoin de les commander s\u00e9par\u00e9ment.<\/p>\n<p><strong>D\u00e9lai de livraison : 6 semaines<\/strong><\/p>\n<\/div>\n<p>&nbsp;<\/p>","protected":false},"featured_media":5076,"comment_status":"open","ping_status":"closed","template":"","meta":{"iawp_total_views":1129},"product_brand":[],"product_cat":[19],"product_tag":[],"class_list":{"0":"post-3878","1":"product","2":"type-product","3":"status-publish","4":"has-post-thumbnail","6":"product_cat-haybutler","7":"product_shipping_class-palletvracht","9":"first","10":"onbackorder","11":"taxable","12":"shipping-taxable","13":"purchasable","14":"product-type-variable","15":"has-default-attributes"},"_links":{"self":[{"href":"https:\/\/paddocktweaks.nl\/fr\/wp-json\/wp\/v2\/product\/3878","targetHints":{"allow":["GET"]}}],"collection":[{"href":"https:\/\/paddocktweaks.nl\/fr\/wp-json\/wp\/v2\/product"}],"about":[{"href":"https:\/\/paddocktweaks.nl\/fr\/wp-json\/wp\/v2\/types\/product"}],"replies":[{"embeddable":true,"href":"https:\/\/paddocktweaks.nl\/fr\/wp-json\/wp\/v2\/comments?post=3878"}],"wp:featuredmedia":[{"embeddable":true,"href":"https:\/\/paddocktweaks.nl\/fr\/wp-json\/wp\/v2\/media\/5076"}],"wp:attachment":[{"href":"https:\/\/paddocktweaks.nl\/fr\/wp-json\/wp\/v2\/media?parent=3878"}],"wp:term":[{"taxonomy":"product_brand","embeddable":true,"href":"https:\/\/paddocktweaks.nl\/fr\/wp-json\/wp\/v2\/product_brand?post=3878"},{"taxonomy":"product_cat","embeddable":true,"href":"https:\/\/paddocktweaks.nl\/fr\/wp-json\/wp\/v2\/product_cat?post=3878"},{"taxonomy":"product_tag","embeddable":true,"href":"https:\/\/paddocktweaks.nl\/fr\/wp-json\/wp\/v2\/product_tag?post=3878"}],"curies":[{"name":"wp","href":"https:\/\/api.w.org\/{rel}","templated":true}]}}