{"id":3690,"date":"2023-10-15T12:05:26","date_gmt":"2023-10-15T10:05:26","guid":{"rendered":"https:\/\/paddocktweaks.nl\/?post_type=product&#038;p=3690"},"modified":"2026-04-06T11:37:42","modified_gmt":"2026-04-06T09:37:42","slug":"chute-de-foin","status":"publish","type":"product","link":"https:\/\/paddocktweaks.nl\/fr\/product\/hayfall\/","title":{"rendered":"Hayfall"},"content":{"rendered":"<p>Avec cet appareil pratique, vous pouvez faire tomber automatiquement un ou plusieurs filets \u00e0 foin \u00e0 une heure pr\u00e9d\u00e9finie.<\/p>\n<p><strong>Diff\u00e9rentes configurations cr\u00e9atives possibles<\/strong><\/p>\n<p>De nombreuses configurations sont envisageables. Par exemple, une configuration peut \u00eatre r\u00e9alis\u00e9e en accrochant un filet \u00e0 foin en hauteur dans une \u00e9table (abri). Si le plafond n'est pas assez haut, une petite planche peut \u00e9ventuellement \u00eatre suspendue devant pour prot\u00e9ger le filet \u00e0 foin des chevaux avant qu'il ne tombe. Une autre possibilit\u00e9 consiste \u00e0 planter un poteau haut dans le sol et \u00e0 y accrocher le filet (voir photos). La configuration ne doit pas n\u00e9cessairement se faire avec un filet \u00e0 foin, vous pouvez \u00e9galement faire preuve de cr\u00e9ativit\u00e9 avec une trappe ou un clapet. Vous trouverez quelques exemples dans le manuel (<a href=\"https:\/\/paddocktweaks.nl\/wp-content\/media\/Manual-Hayfall-FR.pdf\" target=\"_blank\" rel=\"noopener\">cliquez ici<\/a> pour le t\u00e9l\u00e9charger) et dans les \u00e9valuations.<\/p>\n<p><strong>Pas de raccordement \u00e9lectrique n\u00e9cessaire<\/strong><\/p>\n<p>Le Hayfall fonctionne avec quatre piles LR6, ce qui signifie que vous n'avez pas besoin d'une prise de courant \u00e0 proximit\u00e9. Vous n'avez donc pas \u00e0 vous soucier des c\u00e2bles d'alimentation dans l'enclos de vos chevaux.<\/p>\n<p><strong>Le kit de d\u00e9marrage<\/strong><\/p>\n<p>Lorsque vous achetez le Hayfall, vous avez le choix de le commander avec ou sans kit de d\u00e9marrage. Nous vous recommandons de choisir le kit de d\u00e9marrage pour votre premi\u00e8re installation. Avec ce kit de d\u00e9marrage, vous avez tout ce dont vous avez besoin pour r\u00e9aliser une installation simple.<\/p>\n<p>Les pi\u00e8ces sont test\u00e9es et soigneusement s\u00e9lectionn\u00e9es pour une longue dur\u00e9e de vie et un fonctionnement optimal en combinaison avec le Hayfall. Le kit contient 8 m\u00e8tres de corde, 1 mousqueton, 2 poulies, 2 crochets de balan\u00e7oire et quelques serre-c\u00e2bles.<\/p>\n<p>Les serre-c\u00e2bles sont destin\u00e9s \u00e0 une s\u00e9curit\u00e9 accrue et peuvent \u00eatre utilis\u00e9s pour fixer le filet \u00e0 foin au mousqueton. Des serre-c\u00e2bles sont fournis pour une raison importante\u00a0: si un cheval tire trop fort sur le filet \u00e0 foin ou s'y emp\u00eatr\u00e9, il est important que le filet \u00e0 foin se d\u00e9tache, et non la corde, les crochets et les poulies.<\/p>\n<p>Si vous pr\u00e9f\u00e9rez uniquement l'appareil, vous pouvez commander le Hayfall sans kit de d\u00e9marrage, il est livr\u00e9 en standard avec 4 piles LR6. Vous vous chargez ensuite vous-m\u00eame de la corde, des crochets et des poulies (disponibles dans la plupart des quincailleries).<\/p>\n<p><strong>Installation facile<\/strong><\/p>\n<p>Le Hayfall est r\u00e9sistant aux \u00e9claboussures, ce qui signifie qu'il r\u00e9siste \u00e0 une l\u00e9g\u00e8re humidit\u00e9, mais pas \u00e0 la pluie. Placez l'appareil dans un endroit abrit\u00e9 afin d'\u00e9viter une exposition inutile \u00e0 l'humidit\u00e9, ce qui profite \u00e0 sa dur\u00e9e de vie.<\/p>\n<p>Assurez-vous que la surface est plane. Si ce n'est pas le cas, vous pouvez d'abord monter une planche et y fixer le Hayfall.<\/p>\n<p><strong>Capacit\u00e9 du Hayfall<\/strong><\/p>\n<p>La pince du Hayfall peut supporter une force de traction maximale de 10 kg, si elle est d\u00e9pass\u00e9e, la pince s'ouvrira d'elle-m\u00eame. Il s'agit d'une s\u00e9curit\u00e9 qui ne risque pas d'endommager l'appareil. Dans une configuration standard, vous pouvez donc suspendre un total de 10 kg de foin. \u00c0 l'aide de poulies suppl\u00e9mentaires, vous pouvez augmenter la capacit\u00e9 (voir aussi les exemples dans le <a href=\"https:\/\/paddocktweaks.nl\/wp-content\/media\/Manual-Hayfall-FR.pdf\" target=\"_blank\" rel=\"noopener\">manuel<\/a>).<\/p>\n<p>Une seule corde peut \u00eatre ins\u00e9r\u00e9e \u00e0 la fois dans l'appareil, mais vous pouvez \u00e9galement connecter plusieurs cordes \u00e0 partir de la corde de base. Vous pouvez par exemple r\u00e9aliser une installation avec 3 filets \u00e0 foin, chaque filet \u00e0 foin pouvant facilement contenir 3 kg de foin (et encore plus si vous utilisez des poulies suppl\u00e9mentaires).<\/p>","protected":false},"excerpt":{"rendered":"<p>Avec le Hayfall, vous pouvez faire tomber automatiquement un ou plusieurs filets \u00e0 foin \u00e0 une heure pr\u00e9d\u00e9finie. Vous cr\u00e9ez ainsi un moment d'alimentation suppl\u00e9mentaire pour vos chevaux. Cliquez <a href=\"https:\/\/paddocktweaks.nl\/fr\/chute-de-foin\/\">ici<\/a> pour plus d'informations sur le Hayfall, y compris des exemples pratiques.<\/p>\n<p>Le kit de d\u00e9marrage en option contient 8 m\u00e8tres de <a href=\"https:\/\/paddocktweaks.nl\/fr\/produit\/corde-pour-la-chute-du-foin\/\">et au<\/a>, 1 <a href=\"https:\/\/paddocktweaks.nl\/fr\/produit\/mousqueton-pour-chute-de-foin\/\">mousqueton<\/a>, 2 <a href=\"https:\/\/paddocktweaks.nl\/fr\/produit\/poulie-pour-chute-de-foin\/\">poulies<\/a> et 2 <a href=\"https:\/\/paddocktweaks.nl\/fr\/produit\/crochet-de-balancier-pour-poulie-de-fenaison\/\">crochets de balan\u00e7oire<\/a>extra robustes. Cliquez sur les liens des produits pour commander des articles suppl\u00e9mentaires.<\/p>\n<p><strong>D\u00e9lai de livraison : 1 semaine.<\/strong><\/p>","protected":false},"featured_media":4616,"comment_status":"open","ping_status":"closed","template":"","meta":{"iawp_total_views":4817},"product_brand":[],"product_cat":[59],"product_tag":[],"class_list":{"0":"post-3690","1":"product","2":"type-product","3":"status-publish","4":"has-post-thumbnail","6":"product_cat-hayfall","7":"product_shipping_class-pakketpost","9":"first","10":"onbackorder","11":"taxable","12":"shipping-taxable","13":"purchasable","14":"product-type-variable"},"_links":{"self":[{"href":"https:\/\/paddocktweaks.nl\/fr\/wp-json\/wp\/v2\/product\/3690","targetHints":{"allow":["GET"]}}],"collection":[{"href":"https:\/\/paddocktweaks.nl\/fr\/wp-json\/wp\/v2\/product"}],"about":[{"href":"https:\/\/paddocktweaks.nl\/fr\/wp-json\/wp\/v2\/types\/product"}],"replies":[{"embeddable":true,"href":"https:\/\/paddocktweaks.nl\/fr\/wp-json\/wp\/v2\/comments?post=3690"}],"wp:featuredmedia":[{"embeddable":true,"href":"https:\/\/paddocktweaks.nl\/fr\/wp-json\/wp\/v2\/media\/4616"}],"wp:attachment":[{"href":"https:\/\/paddocktweaks.nl\/fr\/wp-json\/wp\/v2\/media?parent=3690"}],"wp:term":[{"taxonomy":"product_brand","embeddable":true,"href":"https:\/\/paddocktweaks.nl\/fr\/wp-json\/wp\/v2\/product_brand?post=3690"},{"taxonomy":"product_cat","embeddable":true,"href":"https:\/\/paddocktweaks.nl\/fr\/wp-json\/wp\/v2\/product_cat?post=3690"},{"taxonomy":"product_tag","embeddable":true,"href":"https:\/\/paddocktweaks.nl\/fr\/wp-json\/wp\/v2\/product_tag?post=3690"}],"curies":[{"name":"wp","href":"https:\/\/api.w.org\/{rel}","templated":true}]}}