{"id":3065,"date":"2023-07-17T09:06:06","date_gmt":"2023-07-17T07:06:06","guid":{"rendered":"https:\/\/paddocktweaks.nl\/?post_type=product&#038;p=3065"},"modified":"2026-02-02T14:02:59","modified_gmt":"2026-02-02T13:02:59","slug":"crochet-orange-pour-alimentation-x-minuterie-de-portail","status":"publish","type":"product","link":"https:\/\/paddocktweaks.nl\/fr\/product\/oranje-haak-voor-feed-x-gate-timer\/","title":{"rendered":"Crochet orange pour minuterie de portail Feed-X"},"content":{"rendered":"<p>Le crochet orange peut s'endommager si la minuterie tombe, par exemple. Avec cette pi\u00e8ce de rechange, vous pouvez la r\u00e9parer vous-m\u00eame&nbsp;!<\/p>\n<p>Retirez le crochet de la minuterie (cela demande un peu de force). Enfoncez le nouveau crochet.<\/p>","protected":false},"excerpt":{"rendered":"<p>Pi\u00e8ce de rechange pour la minuterie de portail Feed-X.<\/p>\n<p>Le crochet orange peut s'endommager si la minuterie tombe, par exemple. Avec cette pi\u00e8ce de rechange, vous pouvez la r\u00e9parer vous-m\u00eame&nbsp;!<\/p>","protected":false},"featured_media":4623,"comment_status":"open","ping_status":"closed","template":"","meta":{"iawp_total_views":25},"product_brand":[],"product_cat":[47],"product_tag":[],"class_list":{"0":"post-3065","1":"product","2":"type-product","3":"status-publish","4":"has-post-thumbnail","6":"product_cat-automatische-weideopener","7":"product_shipping_class-brievenbuspost","9":"first","10":"instock","11":"taxable","12":"shipping-taxable","13":"purchasable","14":"product-type-simple"},"_links":{"self":[{"href":"https:\/\/paddocktweaks.nl\/fr\/wp-json\/wp\/v2\/product\/3065","targetHints":{"allow":["GET"]}}],"collection":[{"href":"https:\/\/paddocktweaks.nl\/fr\/wp-json\/wp\/v2\/product"}],"about":[{"href":"https:\/\/paddocktweaks.nl\/fr\/wp-json\/wp\/v2\/types\/product"}],"replies":[{"embeddable":true,"href":"https:\/\/paddocktweaks.nl\/fr\/wp-json\/wp\/v2\/comments?post=3065"}],"wp:featuredmedia":[{"embeddable":true,"href":"https:\/\/paddocktweaks.nl\/fr\/wp-json\/wp\/v2\/media\/4623"}],"wp:attachment":[{"href":"https:\/\/paddocktweaks.nl\/fr\/wp-json\/wp\/v2\/media?parent=3065"}],"wp:term":[{"taxonomy":"product_brand","embeddable":true,"href":"https:\/\/paddocktweaks.nl\/fr\/wp-json\/wp\/v2\/product_brand?post=3065"},{"taxonomy":"product_cat","embeddable":true,"href":"https:\/\/paddocktweaks.nl\/fr\/wp-json\/wp\/v2\/product_cat?post=3065"},{"taxonomy":"product_tag","embeddable":true,"href":"https:\/\/paddocktweaks.nl\/fr\/wp-json\/wp\/v2\/product_tag?post=3065"}],"curies":[{"name":"wp","href":"https:\/\/api.w.org\/{rel}","templated":true}]}}