{"id":3061,"date":"2023-07-17T09:03:47","date_gmt":"2023-07-17T07:03:47","guid":{"rendered":"https:\/\/paddocktweaks.nl\/?post_type=product&#038;p=3061"},"modified":"2026-03-13T11:24:13","modified_gmt":"2026-03-13T10:24:13","slug":"crochet-noir-pour-alimentation-x-minuterie-de-portail","status":"publish","type":"product","link":"https:\/\/paddocktweaks.nl\/fr\/product\/zwarte-haak-voor-feed-x-gate-timer\/","title":{"rendered":"Crochet noir pour minuterie de porte Feed-X"},"content":{"rendered":"<p>Le crochet noir peut \u00eatre endommag\u00e9 si la minuterie tombe, par exemple. Avec cette pi\u00e8ce de rechange, vous pouvez la r\u00e9parer vous-m\u00eame&nbsp;!<\/p>\n<p>L\u2019ensemble comprend un crochet, un boulon et une rondelle en plastique. Desserrez le boulon et retirez le crochet de la minuterie. N\u2019oubliez pas de retirer l\u2019ancienne rondelle en plastique. Replacez les nouvelles pi\u00e8ces de la m\u00eame mani\u00e8re.<\/p>","protected":false},"excerpt":{"rendered":"<p>Pi\u00e8ce de rechange pour la minuterie de portail Feed-X.<\/p>\n<p>Le crochet noir peut \u00eatre endommag\u00e9 si la minuterie tombe, par exemple. Avec cette pi\u00e8ce de rechange, vous pouvez la r\u00e9parer vous-m\u00eame&nbsp;!<\/p>","protected":false},"featured_media":4621,"comment_status":"open","ping_status":"closed","template":"","meta":{"iawp_total_views":62},"product_brand":[],"product_cat":[47],"product_tag":[],"class_list":{"0":"post-3061","1":"product","2":"type-product","3":"status-publish","4":"has-post-thumbnail","6":"product_cat-automatische-weideopener","7":"product_shipping_class-brievenbuspost","9":"first","10":"instock","11":"taxable","12":"shipping-taxable","13":"purchasable","14":"product-type-simple"},"_links":{"self":[{"href":"https:\/\/paddocktweaks.nl\/fr\/wp-json\/wp\/v2\/product\/3061","targetHints":{"allow":["GET"]}}],"collection":[{"href":"https:\/\/paddocktweaks.nl\/fr\/wp-json\/wp\/v2\/product"}],"about":[{"href":"https:\/\/paddocktweaks.nl\/fr\/wp-json\/wp\/v2\/types\/product"}],"replies":[{"embeddable":true,"href":"https:\/\/paddocktweaks.nl\/fr\/wp-json\/wp\/v2\/comments?post=3061"}],"wp:featuredmedia":[{"embeddable":true,"href":"https:\/\/paddocktweaks.nl\/fr\/wp-json\/wp\/v2\/media\/4621"}],"wp:attachment":[{"href":"https:\/\/paddocktweaks.nl\/fr\/wp-json\/wp\/v2\/media?parent=3061"}],"wp:term":[{"taxonomy":"product_brand","embeddable":true,"href":"https:\/\/paddocktweaks.nl\/fr\/wp-json\/wp\/v2\/product_brand?post=3061"},{"taxonomy":"product_cat","embeddable":true,"href":"https:\/\/paddocktweaks.nl\/fr\/wp-json\/wp\/v2\/product_cat?post=3061"},{"taxonomy":"product_tag","embeddable":true,"href":"https:\/\/paddocktweaks.nl\/fr\/wp-json\/wp\/v2\/product_tag?post=3061"}],"curies":[{"name":"wp","href":"https:\/\/api.w.org\/{rel}","templated":true}]}}