{"id":2094,"date":"2022-11-16T08:49:07","date_gmt":"2022-11-16T06:49:07","guid":{"rendered":"https:\/\/paddocktweaks.nl\/?post_type=product&#038;p=2094"},"modified":"2026-04-14T06:51:40","modified_gmt":"2026-04-14T04:51:40","slug":"compagnon-de-leau","status":"publish","type":"product","link":"https:\/\/paddocktweaks.nl\/fr\/product\/waterbuddy\/","title":{"rendered":"Waterbuddy"},"content":{"rendered":"<p>Vous connaissez \u00e7a\u00a0? Remplir rapidement les abreuvoirs et nettoyer en m\u00eame temps. Et l\u00e0, vous vous souvenez que vous \u00e9tiez en train de remplir les abreuvoirs, et bien s\u00fbr, tout le paddock est inond\u00e9. C'est du pass\u00e9 avec le Waterbuddy\u00a0!<\/p>\n<p>Le Waterbuddy est un outil pratique que vous pouvez utiliser pour remplir les abreuvoirs. Le Waterbuddy fonctionne avec un flotteur qui monte lentement lorsque le niveau de l'eau augmente. Lorsque le flotteur est compl\u00e8tement dans le r\u00e9cipient, l'alimentation en eau s'arr\u00eate automatiquement.<\/p>\n<p>Comme vous fixez le tuyau d'arrosage sur le Waterbuddy, qui est viss\u00e9 sur votre abreuvoir. Vous \u00e9vitez \u00e9galement que le tuyau d'arrosage ne prenne son propre chemin pendant le remplissage, de sorte que l'eau se retrouve partout sauf dans l'abreuvoir.<\/p>\n<p>Vous pouvez l'utiliser uniquement pendant le remplissage ou laisser le Waterbuddy suspendu pour que l'abreuvoir se remplisse automatiquement apr\u00e8s avoir bu.<\/p>\n<p>Le Waterbuddy est en acier inoxydable et poss\u00e8de 2\u00a0supports de suspension pour une fixation facile \u00e0 l'abreuvoir.<\/p>\n<p>Attention, pour fixer un tuyau d'arrosage au Waterbuddy, un raccord de robinet est n\u00e9cessaire, il peut \u00eatre s\u00e9lectionn\u00e9 lors de la commande.<\/p>\n<p><strong>Attention<\/strong>: utilisez-vous une pompe \u00e0 eau souterraine\u00a0? Celles-ci ont parfois une pression d'eau beaucoup plus \u00e9lev\u00e9e qu'une conduite d'eau standard, ce qui peut entra\u00eener des fuites du Waterbuddy. Nous d\u00e9conseillons donc l'utilisation avec une pompe \u00e0 eau souterraine, sauf si elle est \u00e9quip\u00e9e d'un r\u00e9gulateur de pression. Il est \u00e9galement possible d'utiliser un r\u00e9gulateur de pression s\u00e9par\u00e9 (disponible dans les bonnes quincailleries ou chez un plombier).<\/p>\n<p>&nbsp;<\/p>\n<p>&nbsp;<\/p>","protected":false},"excerpt":{"rendered":"<p>Outil pratique pour remplir les abreuvoirs. Plus jamais d'abreuvoirs inond\u00e9s ou de tuyaux d'arrosage qui prennent leur propre chemin\u00a0!<\/p>\n<p class=\"translation-block\">Curieux de savoir comment assembler le Waterbuddy ? regardez cette <a href=\"https:\/\/www.youtube.com\/watch?v=KdPd9bOZSm0\" target=\"_blank\" rel=\"noopener\">vid\u00e9o<\/a><\/p>\n<p><strong>D\u00e9lai de livraison\u00a0: 1 \u00e0 3\u00a0jours ouvrables.<\/strong><\/p>","protected":false},"featured_media":7894,"comment_status":"open","ping_status":"closed","template":"","meta":{"iawp_total_views":2191},"product_brand":[],"product_cat":[46],"product_tag":[],"class_list":{"0":"post-2094","1":"product","2":"type-product","3":"status-publish","4":"has-post-thumbnail","6":"product_cat-waterbuddy","7":"product_shipping_class-pakketpost","9":"first","10":"instock","11":"taxable","12":"shipping-taxable","13":"purchasable","14":"product-type-variable","15":"has-default-attributes"},"_links":{"self":[{"href":"https:\/\/paddocktweaks.nl\/fr\/wp-json\/wp\/v2\/product\/2094","targetHints":{"allow":["GET"]}}],"collection":[{"href":"https:\/\/paddocktweaks.nl\/fr\/wp-json\/wp\/v2\/product"}],"about":[{"href":"https:\/\/paddocktweaks.nl\/fr\/wp-json\/wp\/v2\/types\/product"}],"replies":[{"embeddable":true,"href":"https:\/\/paddocktweaks.nl\/fr\/wp-json\/wp\/v2\/comments?post=2094"}],"wp:featuredmedia":[{"embeddable":true,"href":"https:\/\/paddocktweaks.nl\/fr\/wp-json\/wp\/v2\/media\/7894"}],"wp:attachment":[{"href":"https:\/\/paddocktweaks.nl\/fr\/wp-json\/wp\/v2\/media?parent=2094"}],"wp:term":[{"taxonomy":"product_brand","embeddable":true,"href":"https:\/\/paddocktweaks.nl\/fr\/wp-json\/wp\/v2\/product_brand?post=2094"},{"taxonomy":"product_cat","embeddable":true,"href":"https:\/\/paddocktweaks.nl\/fr\/wp-json\/wp\/v2\/product_cat?post=2094"},{"taxonomy":"product_tag","embeddable":true,"href":"https:\/\/paddocktweaks.nl\/fr\/wp-json\/wp\/v2\/product_tag?post=2094"}],"curies":[{"name":"wp","href":"https:\/\/api.w.org\/{rel}","templated":true}]}}