{"id":1174,"date":"2021-10-13T07:57:58","date_gmt":"2021-10-13T05:57:58","guid":{"rendered":"https:\/\/paddocktweaks.nl\/?post_type=product&#038;p=1174"},"modified":"2026-04-08T22:48:31","modified_gmt":"2026-04-08T20:48:31","slug":"faire-soi-meme-haybutler","status":"publish","type":"product","link":"https:\/\/paddocktweaks.nl\/fr\/product\/doe-het-zelf-haybutler\/","title":{"rendered":"Haybutler DIY"},"content":{"rendered":"<p>Cliquez <a href=\"https:\/\/paddocktweaks.nl\/fr\/haybutler-diy\/\">ici<\/a> pour obtenir des informations g\u00e9n\u00e9rales sur le Haybutler DIY, les diff\u00e9rents mod\u00e8les, les possibilit\u00e9s et le fonctionnement. Consultez \u00e9galement notre <a href=\"https:\/\/paddocktweaks.nl\/fr\/questions-frequemment-posees\/\">FAQ<\/a> pour obtenir des r\u00e9ponses aux questions fr\u00e9quemment pos\u00e9es.<\/p>\n<p>\u00cates-vous habile et cr\u00e9atif ? Vous recherchez une version alternative d'un distributeur de foin qui correspond mieux \u00e0 vos besoins, par exemple plus haute, plus large ou avec une porte d'un autre c\u00f4t\u00e9 ? Alors nous avons le produit parfait pour vous : le kit Haybutler DIY, autrement dit le Haybutler \u00ab\u00a0Do It Yourself\u00a0\u00bb\u00a0!<\/p>\n<p>Nous avons cr\u00e9\u00e9 des kits pour les mod\u00e8les les plus courants. Le kit contient des instructions d\u00e9taill\u00e9es pour la construction de ce mod\u00e8le, ainsi que toutes les pi\u00e8ces pour une armoire \u00e0 4\u00a0\u00e9tag\u00e8res. Vous vous occupez vous-m\u00eame du bois. <span class=\"box\">\ud83d\udca1<\/span> Conseil\u00a0: faites d\u00e9couper le bois dans un magasin de bricolage. C'est souvent gratuit et c'est fait en un rien de temps avec le plan de sciage fourni\u00a0!<\/p>\n<p>Vous trouverez un aper\u00e7u de tous les kits <a href=\"https:\/\/paddocktweaks.nl\/fr\/haybutler-diy\/#models\">ici<\/a>.<\/p>\n<p>Vous voulez faire autre chose\u00a0? Choisissez alors <em>Kit de construction\u00a0<\/em>sous <em>Kit de construction (uniquement serrures, c\u00e2bles et panneau de commande)<\/em>.  Dans ce cas, vous concevez vous-m\u00eame l'armoire et vous utilisez notre kit DIY pour automatiser votre armoire. Vous pouvez \u00e9galement opter pour moins de serrures (1 \u00e0 4) dans ce cas.<\/p>\n<p>Saviez-vous que plusieurs pi\u00e8ces de notre Haybutler standard conviennent \u00e9galement \u00e0 votre distributeur automatique DIY\u00a0? Par exemple\u00a0:<\/p>\n<ul>\n<li><a href=\"https:\/\/paddocktweaks.nl\/fr\/produit\/jeu-damortisseurs-pour-haybutler\/\">Amortisseurs de bruit<\/a> pour un fonctionnement silencieux (inclus de s\u00e9rie avec le mod\u00e8le A-XL)<\/li>\n<li><a href=\"https:\/\/paddocktweaks.nl\/fr\/produit\/support-de-foin-pour-botteleuse-de-foin\/\">R\u00e2telier avec filet slow-feeding<\/a> pour les armoires de 60\u00a0cm de large, afin que le foin ne s'envole pas et que votre cheval ne puisse pas manger trop vite<\/li>\n<li><a href=\"https:\/\/paddocktweaks.nl\/fr\/produit\/serrure-pour-haybutler\/\">Serrure de tiroir<\/a> \u00e0 \u00e9tendre (jusqu'\u00e0 4\u00a0maximum) - si vous souhaitez \u00e9quiper votre armoire d'un tiroir suppl\u00e9mentaire<\/li>\n<li><a href=\"https:\/\/paddocktweaks.nl\/fr\/produit\/cable-dextension-haybutler-diy-lock\/\">Rallonges<\/a> pour les grandes armoires<\/li>\n<li><a href=\"https:\/\/paddocktweaks.nl\/fr\/produit\/serrure-de-porte-pour-haybutler\/\">Blocage de porte<\/a> pour laisser la porte ouverte par temps venteux<\/li>\n<\/ul>\n<p>Vous souhaitez donner de la bouillie, des aliments concentr\u00e9s, du foin, du muesli, des granul\u00e9s, des bouchons de foin, de l'avoine, etc.\u00a0? Alors jetez un coup d'\u0153il au <a href=\"https:\/\/paddocktweaks.nl\/fr\/produit\/tinybutler\/\">Tinybutler<\/a>: un kit bas\u00e9 sur le kit DIY avec tout ce qu'il faut pour assembler un distributeur automatique.<\/p>","protected":false},"excerpt":{"rendered":"<p>\u00cates-vous habile et recherchez-vous une version alternative d'un distributeur de foin qui correspond mieux \u00e0 vos besoins, par exemple plus haute, plus large ou avec une porte d'un autre c\u00f4t\u00e9\u00a0? Alors nous avons le produit parfait pour vous\u00a0: le kit Haybutler DIY\u00a0!<\/p>\n<p>Vous trouverez plus d'informations dans la description d\u00e9taill\u00e9e ci-dessous \ud83d\udc47<\/p>\n<p><strong>D\u00e9lai de livraison\u00a0: 3 \u00e0 5\u00a0jours ouvrables<\/strong><\/p>","protected":false},"featured_media":6922,"comment_status":"open","ping_status":"closed","template":"","meta":{"iawp_total_views":6343},"product_brand":[],"product_cat":[19],"product_tag":[],"class_list":{"0":"post-1174","1":"product","2":"type-product","3":"status-publish","4":"has-post-thumbnail","6":"product_cat-haybutler","7":"product_shipping_class-pakketpost","9":"first","10":"instock","11":"taxable","12":"shipping-taxable","13":"purchasable","14":"product-type-variable","15":"has-default-attributes"},"_links":{"self":[{"href":"https:\/\/paddocktweaks.nl\/fr\/wp-json\/wp\/v2\/product\/1174","targetHints":{"allow":["GET"]}}],"collection":[{"href":"https:\/\/paddocktweaks.nl\/fr\/wp-json\/wp\/v2\/product"}],"about":[{"href":"https:\/\/paddocktweaks.nl\/fr\/wp-json\/wp\/v2\/types\/product"}],"replies":[{"embeddable":true,"href":"https:\/\/paddocktweaks.nl\/fr\/wp-json\/wp\/v2\/comments?post=1174"}],"wp:featuredmedia":[{"embeddable":true,"href":"https:\/\/paddocktweaks.nl\/fr\/wp-json\/wp\/v2\/media\/6922"}],"wp:attachment":[{"href":"https:\/\/paddocktweaks.nl\/fr\/wp-json\/wp\/v2\/media?parent=1174"}],"wp:term":[{"taxonomy":"product_brand","embeddable":true,"href":"https:\/\/paddocktweaks.nl\/fr\/wp-json\/wp\/v2\/product_brand?post=1174"},{"taxonomy":"product_cat","embeddable":true,"href":"https:\/\/paddocktweaks.nl\/fr\/wp-json\/wp\/v2\/product_cat?post=1174"},{"taxonomy":"product_tag","embeddable":true,"href":"https:\/\/paddocktweaks.nl\/fr\/wp-json\/wp\/v2\/product_tag?post=1174"}],"curies":[{"name":"wp","href":"https:\/\/api.w.org\/{rel}","templated":true}]}}