{"id":1004,"date":"2021-08-08T20:47:35","date_gmt":"2021-08-08T18:47:35","guid":{"rendered":"https:\/\/paddocktweaks.nl\/?post_type=product&#038;p=1004"},"modified":"2026-02-16T09:36:33","modified_gmt":"2026-02-16T08:36:33","slug":"systeme-de-poulie-double-g112","status":"publish","type":"product","link":"https:\/\/paddocktweaks.nl\/fr\/product\/dubbel-katrolsysteem-g112\/","title":{"rendered":"Syst\u00e8me de poulie double (G112)"},"content":{"rendered":"<p>Pour ouvrir automatiquement un p\u00e2turage, vous avez besoin, en plus du <em><a href=\"https:\/\/paddocktweaks.nl\/fr\/produit\/feed-x-gate-timer\/\">programmateur de portail Feed-X<\/a>\u00a0<\/em>, d'un syst\u00e8me pour ouvrir le p\u00e2turage lui-m\u00eame. Ce syst\u00e8me de poulie double est pratique, par exemple, lorsque votre cheval passe facilement sous les fils.<\/p>\n<p>Le syst\u00e8me fonctionnant avec des poulies, le fil \u00e9lectrique s'ouvre lentement. Pour plus d'explications sur ce concept, consultez la <a href=\"https:\/\/paddocktweaks.nl\/fr\/feed-x-gate-timer\/#main\"><em>page produit<\/em><\/a>\u00a0du syst\u00e8me.<\/p>\n<p>Que contient le paquet de ce syst\u00e8me\u00a0:<\/p>\n<ul>\n<li>Blocs et poids<\/li>\n<li>Vis de montage<\/li>\n<li>Manchons d'isolation et entretoises<\/li>\n<li>Fil \u00e9lectrique et conduites de distribution<\/li>\n<li>Poign\u00e9e de portail<\/li>\n<li>Support magn\u00e9tique<\/li>\n<li>Isolateurs annulaires<\/li>\n<li>Mode d'emploi<\/li>\n<\/ul>\n<p><strong>T\u00e9l\u00e9charger<\/strong><\/p>\n<p><a href=\"https:\/\/www.feed-x.se\/viewpdf.html?pdf=g112_manual_2_8_a3_en.pdf&amp;backstack=%2Finternational.html%3BIn+English\" target=\"_new\" rel=\"noopener\">Manuel G112 (EN)<\/a><\/p>\n<p><strong>Le <a href=\"https:\/\/paddocktweaks.nl\/fr\/produit\/feed-x-gate-timer\/\">programmateur de portail Feed-X<\/a> n'est pas inclus dans l'emballage, vous devez l'ajouter s\u00e9par\u00e9ment au panier\u00a0!<\/strong><\/p>\n<p><iframe title=\"Ouverture automatique des p\u00e2turages : Feed-X Gate timer with double-wire pulley system.\" width=\"500\" height=\"281\" src=\"https:\/\/www.youtube.com\/embed\/gad7pVNyZ9g?feature=oembed\" frameborder=\"0\" allow=\"accelerometer; autoplay; clipboard-write; encrypted-media; gyroscope; picture-in-picture; web-share\" referrerpolicy=\"strict-origin-when-cross-origin\" allowfullscreen><\/iframe><\/p>","protected":false},"excerpt":{"rendered":"<p style=\"text-align: left;\">Pour ouvrir automatiquement un p\u00e2turage, vous avez besoin, en plus du\u00a0<em><a href=\"https:\/\/paddocktweaks.nl\/fr\/produit\/feed-x-gate-timer\/\">programmateur de portail feed-X<\/a>\u00a0<\/em>, d'un syst\u00e8me pour ouvrir le p\u00e2turage lui-m\u00eame. Ce syst\u00e8me de poulie double est pratique, par exemple, lorsque votre cheval passe facilement sous les fils.<\/p>\n<p><strong>D\u00e9lai de livraison (si en stock) : 1 \u00e0 3 jours ouvrables<br \/>\nD\u00e9lai de livraison (si en pr\u00e9commande) : 2 semaines<\/strong><\/p>","protected":false},"featured_media":4744,"comment_status":"open","ping_status":"closed","template":"","meta":{"iawp_total_views":437},"product_brand":[],"product_cat":[47],"product_tag":[],"class_list":{"0":"post-1004","1":"product","2":"type-product","3":"status-publish","4":"has-post-thumbnail","6":"product_cat-automatische-weideopener","7":"product_shipping_class-pakketpost","9":"first","10":"instock","11":"taxable","12":"shipping-taxable","13":"purchasable","14":"product-type-simple"},"_links":{"self":[{"href":"https:\/\/paddocktweaks.nl\/fr\/wp-json\/wp\/v2\/product\/1004","targetHints":{"allow":["GET"]}}],"collection":[{"href":"https:\/\/paddocktweaks.nl\/fr\/wp-json\/wp\/v2\/product"}],"about":[{"href":"https:\/\/paddocktweaks.nl\/fr\/wp-json\/wp\/v2\/types\/product"}],"replies":[{"embeddable":true,"href":"https:\/\/paddocktweaks.nl\/fr\/wp-json\/wp\/v2\/comments?post=1004"}],"wp:featuredmedia":[{"embeddable":true,"href":"https:\/\/paddocktweaks.nl\/fr\/wp-json\/wp\/v2\/media\/4744"}],"wp:attachment":[{"href":"https:\/\/paddocktweaks.nl\/fr\/wp-json\/wp\/v2\/media?parent=1004"}],"wp:term":[{"taxonomy":"product_brand","embeddable":true,"href":"https:\/\/paddocktweaks.nl\/fr\/wp-json\/wp\/v2\/product_brand?post=1004"},{"taxonomy":"product_cat","embeddable":true,"href":"https:\/\/paddocktweaks.nl\/fr\/wp-json\/wp\/v2\/product_cat?post=1004"},{"taxonomy":"product_tag","embeddable":true,"href":"https:\/\/paddocktweaks.nl\/fr\/wp-json\/wp\/v2\/product_tag?post=1004"}],"curies":[{"name":"wp","href":"https:\/\/api.w.org\/{rel}","templated":true}]}}