{"id":1001,"date":"2021-08-08T20:31:33","date_gmt":"2021-08-08T18:31:33","guid":{"rendered":"https:\/\/paddocktweaks.nl\/?post_type=product&#038;p=1001"},"modified":"2026-03-19T09:39:24","modified_gmt":"2026-03-19T08:39:24","slug":"enrouleur-g15-pour-la-minuterie-de-portail","status":"publish","type":"product","link":"https:\/\/paddocktweaks.nl\/fr\/product\/haspel-g15-t-b-v-gate-time-opener\/","title":{"rendered":"Syst\u00e8me d'enrouleur (G15)"},"content":{"rendered":"<p>Ce syst\u00e8me d'enrouleur est un compl\u00e9ment au <em><a href=\"https:\/\/paddocktweaks.nl\/fr\/produit\/feed-x-gate-timer\/#main\">minuteur de portail Feed-X.<\/a><\/em>\u00a0 Vous devrez donc ajouter le minuteur de portail Feed-X s\u00e9par\u00e9ment \u00e0 votre panier. Cet enrouleur permet de couvrir une distance de 15 m\u00e8tres. Il vous permet non seulement d'ouvrir automatiquement le pr\u00e9, mais aussi de fermer une partie du paddock. Par exemple, l\u00e0 o\u00f9 vous avez d\u00e9pos\u00e9 une portion de foin ou de granul\u00e9s, vous pouvez ainsi retarder un moment d'alimentation.<\/p>\n<p>Que contient l'emballage de ce syst\u00e8me\u00a0:<\/p>\n<ul>\n<li>Enrouleur \u00e0 ressort avec fil \u00e9lectrique<\/li>\n<li>Poign\u00e9e de portail<\/li>\n<li>Vis de montage<\/li>\n<li>Manchons d'isolation et entretoises<\/li>\n<li>Mode d'emploi<\/li>\n<\/ul>\n<p><strong>T\u00e9l\u00e9charger<\/strong><\/p>\n<p><a href=\"https:\/\/www.feed-x.se\/viewpdf.html?pdf=g15_manual_2_7_en.pdf&amp;backstack=%2Finternational.html%3BIn+English\" target=\"_new\" rel=\"noopener\">Manuel G15 (EN)<\/a><\/p>\n<p><strong>Le\u00a0<a href=\"https:\/\/paddocktweaks.nl\/fr\/produit\/feed-x-gate-timer\/\">programmateur de portail Feed-X<\/a>\u00a0n'est pas inclus dans l'emballage, vous devez l'ajouter s\u00e9par\u00e9ment au panier\u00a0!<\/strong><\/p>\n<p><iframe title=\"Feed-X G15 - Syst\u00e8me automatis\u00e9 d&#039;alimentation des chevaux et des animaux.\" width=\"500\" height=\"375\" src=\"https:\/\/www.youtube.com\/embed\/NfIoNq96PBM?feature=oembed\" frameborder=\"0\" allow=\"accelerometer; autoplay; clipboard-write; encrypted-media; gyroscope; picture-in-picture; web-share\" referrerpolicy=\"strict-origin-when-cross-origin\" allowfullscreen><\/iframe><\/p>","protected":false},"excerpt":{"rendered":"<p>Pour ouvrir automatiquement un p\u00e2turage, vous avez besoin, en plus du <em><a href=\"https:\/\/paddocktweaks.nl\/fr\/produit\/feed-x-gate-timer\/\">programmateur de portail Feed-X<\/a>\u00a0<\/em>, d'un syst\u00e8me pour ouvrir le p\u00e2turage lui-m\u00eame. Ce syst\u00e8me d'enrouleur s'enroule automatiquement une fois que le minuteur de portail Feed-X s'est d\u00e9clench\u00e9. Ce syst\u00e8me vous permet de couvrir une distance maximale de 15 m\u00e8tres.<br \/>\nCe syst\u00e8me d'enrouleur est une version modifi\u00e9e de l'enrouleur standard de Gallagher\u00a0: il est \u00e9quip\u00e9 d'un frein \u00e0 volant d'inertie pour assurer un retour lent, afin qu'il ne revienne pas comme un fouet\u00a0!<\/p>\n<p><strong>D\u00e9lai de livraison (si en stock) : 1 \u00e0 3 jours ouvrables<br \/>\nD\u00e9lai de livraison (si en r\u00e9assort)\u00a0: 3 semaines<\/strong><\/p>\n<p>&nbsp;<\/p>","protected":false},"featured_media":4619,"comment_status":"open","ping_status":"closed","template":"","meta":{"iawp_total_views":385},"product_brand":[],"product_cat":[47],"product_tag":[],"class_list":{"0":"post-1001","1":"product","2":"type-product","3":"status-publish","4":"has-post-thumbnail","6":"product_cat-automatische-weideopener","7":"product_shipping_class-pakketpost","9":"first","10":"instock","11":"taxable","12":"shipping-taxable","13":"purchasable","14":"product-type-simple"},"_links":{"self":[{"href":"https:\/\/paddocktweaks.nl\/fr\/wp-json\/wp\/v2\/product\/1001","targetHints":{"allow":["GET"]}}],"collection":[{"href":"https:\/\/paddocktweaks.nl\/fr\/wp-json\/wp\/v2\/product"}],"about":[{"href":"https:\/\/paddocktweaks.nl\/fr\/wp-json\/wp\/v2\/types\/product"}],"replies":[{"embeddable":true,"href":"https:\/\/paddocktweaks.nl\/fr\/wp-json\/wp\/v2\/comments?post=1001"}],"wp:featuredmedia":[{"embeddable":true,"href":"https:\/\/paddocktweaks.nl\/fr\/wp-json\/wp\/v2\/media\/4619"}],"wp:attachment":[{"href":"https:\/\/paddocktweaks.nl\/fr\/wp-json\/wp\/v2\/media?parent=1001"}],"wp:term":[{"taxonomy":"product_brand","embeddable":true,"href":"https:\/\/paddocktweaks.nl\/fr\/wp-json\/wp\/v2\/product_brand?post=1001"},{"taxonomy":"product_cat","embeddable":true,"href":"https:\/\/paddocktweaks.nl\/fr\/wp-json\/wp\/v2\/product_cat?post=1001"},{"taxonomy":"product_tag","embeddable":true,"href":"https:\/\/paddocktweaks.nl\/fr\/wp-json\/wp\/v2\/product_tag?post=1001"}],"curies":[{"name":"wp","href":"https:\/\/api.w.org\/{rel}","templated":true}]}}