{"id":6,"date":"2025-08-04T06:46:11","date_gmt":"2025-08-04T06:46:11","guid":{"rendered":"https:\/\/paddocktweaks.nl\/?page_id=6"},"modified":"2025-09-21T16:43:58","modified_gmt":"2025-09-21T14:43:58","slug":"a-propos","status":"publish","type":"page","link":"https:\/\/paddocktweaks.nl\/fr\/over-ons\/","title":{"rendered":"\u00c0 propos de nous"},"content":{"rendered":"<div class=\"wp-block-group alignfull has-global-padding is-layout-constrained wp-block-group-is-layout-constrained\" style=\"padding-top:var(--wp--preset--spacing--60);padding-bottom:var(--wp--preset--spacing--60)\">\n<div class=\"wp-block-group alignwide is-layout-flow wp-container-core-group-is-layout-c951c46d wp-block-group-is-layout-flow\">\n<h3 class=\"wp-block-heading\">Pourquoi nous faisons ce que nous faisons \u2013 et pour qui nous le faisons<\/h3>\n\n\n\n<p class=\"has-text-align-left\">Tout a commenc\u00e9 avec un cheval particulier\u2026<br>Un jeune cheval avec un probl\u00e8me d\u2019estomac cong\u00e9nital. Le foin, un besoin de base normal, lui cause de la douleur. Lui donner de la bouillie est alors une bonne solution, mais il faut pouvoir le faire r\u00e9guli\u00e8rement. Que faire si vous avez \u00e9galement une famille, un travail et d\u2019autres obligations ? Pour le propri\u00e9taire de ce cheval, nos produits, le <a href=\"https:\/\/paddocktweaks.nl\/fr\/tinybutler\/\" data-type=\"product\" data-id=\"5152\">Tinybutler<\/a> et le <a href=\"https:\/\/paddocktweaks.nl\/fr\/chute-de-foin\/\" data-type=\"product\" data-id=\"3690\">Hayfall<\/a>, se sont av\u00e9r\u00e9s \u00eatre la solution. Lorsqu\u2019elle nous a fait savoir par message priv\u00e9 combien de repos et de soulagement cela lui apportait, pour elle et son cheval, nous avons su que c\u2019\u00e9tait pr\u00e9cis\u00e9ment la raison pour laquelle nous avions cr\u00e9\u00e9 PaddockTweaks.<\/p>\n\n\n\n<h3 class=\"wp-block-heading\">Notre motivation<\/h3>\n\n\n\n<p class=\"has-text-align-left\">Nous sommes Justus et Shanna. Amoureux des animaux dans l\u2019\u00e2me. Nous sommes motiv\u00e9s par tout ce que nous voyons dans le monde \u00e9quin, ce qui nous pousse \u00e0 vouloir faire mieux. Heureusement, il y a de plus en plus de connaissances sur ce dont les chevaux ont r\u00e9ellement besoin. Il y a donc de plus en plus de possibilit\u00e9s de faire mieux.<\/p>\n\n\n\n<h3 class=\"wp-block-heading\">Ce que fait PaddockTweaks<\/h3>\n\n\n\n<p class=\"has-text-align-left\">Nous sommes heureux d\u2019y contribuer, avec des produits qui am\u00e9liorent non seulement la vie des chevaux, mais facilitent \u00e9galement la vie de leurs propri\u00e9taires. Vous profitez ainsi encore plus de votre hobby, et vous \u00e9conomisez du temps et de l\u2019argent. Gr\u00e2ce \u00e0 nos distributeurs automatiques de nourriture intelligents, nous rendons l\u2019alimentation saine r\u00e9alisable, m\u00eame dans une vie bien remplie. Pour votre tranquillit\u00e9 d\u2019esprit et leur bien-\u00eatre.<\/p>\n\n\n\n<p><br><strong>PaddockTweaks \u2013 Des chevaux plus sains, plus de libert\u00e9 pour vous.<\/strong><br><\/p>\n\n\n\n<div class=\"wp-block-cloudcatch-splide-carousel wp-block-splide-carousel__container\"><figure class=\"wp-block-splide-carousel splide\" data-splide=\"{&quot;type&quot;:&quot;loop&quot;,&quot;perPage&quot;:1,&quot;speed&quot;:400,&quot;gap&quot;:&quot;&quot;,&quot;fixedWidth&quot;:&quot;420px&quot;,&quot;autoWidth&quot;:false,&quot;perMove&quot;:1,&quot;direction&quot;:&quot;ltr&quot;,&quot;fixedHeight&quot;:&quot;&quot;,&quot;height&quot;:&quot;&quot;,&quot;arrows&quot;:true,&quot;pagination&quot;:true,&quot;autoplay&quot;:true,&quot;interval&quot;:&quot;4000&quot;,&quot;pauseOnHover&quot;:true,&quot;mediaQuery&quot;:&quot;max&quot;,&quot;breakpoints&quot;:{}}\" data-splide-extensions=\"{&quot;autoScroll&quot;:false,&quot;urlHash&quot;:false,&quot;grid&quot;:false}\"><div class=\"wp-block-splide-carousel__track splide__track\"><div class=\"wp-block-splide-carousel__list splide__list\">\n<div class=\"wp-block-cloudcatch-splide-carousel-item wp-block-splide-carousel__slide splide__slide pt-slide\">\n<figure class=\"wp-block-image\"><img decoding=\"async\" width=\"1126\" height=\"751\" src=\"https:\/\/paddocktweaks.nl\/wp-content\/media\/woman-fills-haybutler-horse-feeder.jpg\" alt=\"Une femme remplit un distributeur automatique de foin pour chevaux Haybutler\" class=\"wp-image-33\" srcset=\"https:\/\/paddocktweaks.nl\/wp-content\/media\/woman-fills-haybutler-horse-feeder.jpg 1126w, https:\/\/paddocktweaks.nl\/wp-content\/media\/woman-fills-haybutler-horse-feeder-600x400.jpg 600w, https:\/\/paddocktweaks.nl\/wp-content\/media\/woman-fills-haybutler-horse-feeder-300x200.jpg 300w, https:\/\/paddocktweaks.nl\/wp-content\/media\/woman-fills-haybutler-horse-feeder-1024x683.jpg 1024w, https:\/\/paddocktweaks.nl\/wp-content\/media\/woman-fills-haybutler-horse-feeder-768x512.jpg 768w\" sizes=\"(max-width: 1126px) 100vw, 1126px\" \/><\/figure>\n<\/div>\n\n\n\n<div class=\"wp-block-cloudcatch-splide-carousel-item wp-block-splide-carousel__slide splide__slide pt-slide\">\n<figure class=\"wp-block-image\"><img decoding=\"async\" width=\"1443\" height=\"962\" src=\"https:\/\/paddocktweaks.nl\/wp-content\/media\/woman_packing_box.jpg\" alt=\"Femme emballant un carton\" class=\"wp-image-24\" srcset=\"https:\/\/paddocktweaks.nl\/wp-content\/media\/woman_packing_box.jpg 1443w, https:\/\/paddocktweaks.nl\/wp-content\/media\/woman_packing_box-600x400.jpg 600w, https:\/\/paddocktweaks.nl\/wp-content\/media\/woman_packing_box-300x200.jpg 300w, https:\/\/paddocktweaks.nl\/wp-content\/media\/woman_packing_box-1024x683.jpg 1024w, https:\/\/paddocktweaks.nl\/wp-content\/media\/woman_packing_box-768x512.jpg 768w\" sizes=\"(max-width: 1443px) 100vw, 1443px\" \/><\/figure>\n<\/div>\n\n\n\n<div class=\"wp-block-cloudcatch-splide-carousel-item wp-block-splide-carousel__slide splide__slide pt-slide\">\n<figure class=\"wp-block-image\"><img decoding=\"async\" width=\"1227\" height=\"819\" src=\"https:\/\/paddocktweaks.nl\/wp-content\/media\/woman-with-fjord-on-pasture.jpg\" alt=\"Femme avec fjord au p\u00e2turage\" class=\"wp-image-40\" srcset=\"https:\/\/paddocktweaks.nl\/wp-content\/media\/woman-with-fjord-on-pasture.jpg 1227w, https:\/\/paddocktweaks.nl\/wp-content\/media\/woman-with-fjord-on-pasture-600x400.jpg 600w, https:\/\/paddocktweaks.nl\/wp-content\/media\/woman-with-fjord-on-pasture-300x200.jpg 300w, https:\/\/paddocktweaks.nl\/wp-content\/media\/woman-with-fjord-on-pasture-1024x684.jpg 1024w, https:\/\/paddocktweaks.nl\/wp-content\/media\/woman-with-fjord-on-pasture-768x513.jpg 768w\" sizes=\"(max-width: 1227px) 100vw, 1227px\" \/><\/figure>\n<\/div>\n\n\n\n<div class=\"wp-block-cloudcatch-splide-carousel-item wp-block-splide-carousel__slide splide__slide pt-slide\">\n<figure class=\"wp-block-image\"><img decoding=\"async\" width=\"1785\" height=\"1190\" src=\"https:\/\/paddocktweaks.nl\/wp-content\/media\/justus-bouwt-hayfall.jpg\" alt=\"Justus construit le PaddockTweaks Hayfall\" class=\"wp-image-45\" srcset=\"https:\/\/paddocktweaks.nl\/wp-content\/media\/justus-bouwt-hayfall.jpg 1785w, https:\/\/paddocktweaks.nl\/wp-content\/media\/justus-bouwt-hayfall-600x400.jpg 600w, https:\/\/paddocktweaks.nl\/wp-content\/media\/justus-bouwt-hayfall-300x200.jpg 300w, https:\/\/paddocktweaks.nl\/wp-content\/media\/justus-bouwt-hayfall-1024x683.jpg 1024w, https:\/\/paddocktweaks.nl\/wp-content\/media\/justus-bouwt-hayfall-768x512.jpg 768w, https:\/\/paddocktweaks.nl\/wp-content\/media\/justus-bouwt-hayfall-1536x1024.jpg 1536w\" sizes=\"(max-width: 1785px) 100vw, 1785px\" \/><\/figure>\n<\/div>\n<\/div><\/div><\/figure><\/div>\n<\/div>\n<\/div>","protected":false},"excerpt":{"rendered":"<p>Waarom we doen wat we doen - en voor wie we het doen Het begon met een bijzonder paard\u2026Een jong paard met een aangeboren maagprobleem. Hooi, een normale basisbehoefte, zorgt bij hem juist voor pijn. Slobber geven is dan een goede oplossing, maar dat moet je wel regelmatig kunnen voeren. Wat doe je als je [&hellip;]<\/p>\n","protected":false},"author":1,"featured_media":29,"parent":0,"menu_order":0,"comment_status":"closed","ping_status":"closed","template":"","meta":{"iawp_total_views":342,"footnotes":""},"class_list":["post-6","page","type-page","status-publish","has-post-thumbnail","hentry"],"_links":{"self":[{"href":"https:\/\/paddocktweaks.nl\/fr\/wp-json\/wp\/v2\/pages\/6","targetHints":{"allow":["GET"]}}],"collection":[{"href":"https:\/\/paddocktweaks.nl\/fr\/wp-json\/wp\/v2\/pages"}],"about":[{"href":"https:\/\/paddocktweaks.nl\/fr\/wp-json\/wp\/v2\/types\/page"}],"author":[{"embeddable":true,"href":"https:\/\/paddocktweaks.nl\/fr\/wp-json\/wp\/v2\/users\/1"}],"replies":[{"embeddable":true,"href":"https:\/\/paddocktweaks.nl\/fr\/wp-json\/wp\/v2\/comments?post=6"}],"version-history":[{"count":10,"href":"https:\/\/paddocktweaks.nl\/fr\/wp-json\/wp\/v2\/pages\/6\/revisions"}],"predecessor-version":[{"id":6462,"href":"https:\/\/paddocktweaks.nl\/fr\/wp-json\/wp\/v2\/pages\/6\/revisions\/6462"}],"wp:featuredmedia":[{"embeddable":true,"href":"https:\/\/paddocktweaks.nl\/fr\/wp-json\/wp\/v2\/media\/29"}],"wp:attachment":[{"href":"https:\/\/paddocktweaks.nl\/fr\/wp-json\/wp\/v2\/media?parent=6"}],"curies":[{"name":"wp","href":"https:\/\/api.w.org\/{rel}","templated":true}]}}