{"id":981,"date":"2021-08-08T17:37:05","date_gmt":"2021-08-08T15:37:05","guid":{"rendered":"https:\/\/paddocktweaks.nl\/?post_type=product&#038;p=981"},"modified":"2026-04-13T16:30:05","modified_gmt":"2026-04-13T14:30:05","slug":"feed-x-gate-timer","status":"publish","type":"product","link":"https:\/\/paddocktweaks.nl\/de\/product\/feed-x-gate-timer\/","title":{"rendered":"Feed-X Gate Timer"},"content":{"rendered":"<p>Der Feed-X Gate Timer ist ein automatischer Weide\u00f6ffner, der sehr einfach zu installieren und zu bedienen ist.<\/p>\n<p>Der Feed-X Gate Timer ist einfach einzustellen, vergleichbar mit einem Eierwecker. Du stellst zuerst unten am Ger\u00e4t die gew\u00fcnschte Anzahl Stunden ein. Anschlie\u00dfend drehst du den Mechanismus, der obenauf sitzt, nach links, dort hakst du den Handgriff darin fest. Nach der Anzahl eingestellter Stunden dreht sich der Mechanismus und der Zugang zur Weide wird freigegeben.<\/p>\n<p>Achtung: Die Timer funktionieren mit einem Aufziehmechanismus und sind daher nicht so genau wie beispielsweise eine Digitaluhr. Eine Abweichung von bis zu 5 % ist normal. Ein 6-Stunden-Timer ist daher genauer als ein 12-Stunden-Timer.<\/p>\n<p>Der Feed-X Gate Timer kann beispielsweise auch verwendet werden, um ein kleines St\u00fcck Paddock abzutrennen, hinter dem sich dann eine Portion Heu befindet. Auf diese Weise kannst du deinem Pferd eine F\u00fctterung verz\u00f6gert geben.<\/p>\n<p>Neben dem Feed-X Gate Timer selbst ben\u00f6tigst du ein System, das die Weide abschlie\u00dft. Vom Hersteller werden daf\u00fcr eine Reihe von Systemen angeboten, bei denen die Funktion des Timers garantiert ist:<\/p>\n<ul>\n<li>3 Meter einfaches Rollensystem (<a href=\"https:\/\/paddocktweaks.nl\/de\/produkt\/einfaches-flaschenzugsystem-g11\/\">G11<\/a>)<\/li>\n<li>3 Meter doppeltes Rollensystem (<a href=\"https:\/\/paddocktweaks.nl\/de\/produkt\/doppel-flaschenzugsystem-g112\/\">G112<\/a>), z. B. f\u00fcr Shetlander<\/li>\n<li>15 Meter Haspel (<a href=\"https:\/\/paddocktweaks.nl\/de\/produkt\/haspelsystem-g15-feed-x-gate-timer\/\">G15<\/a>)<\/li>\n<\/ul>\n<p>Weitere Erkl\u00e4rungen zu diesen Systemen und dem Feed-X Timer selbst findest du auf der <a href=\"https:\/\/paddocktweaks.nl\/de\/feed-x-gate-timer\/#main\"><em>Produktseite.<\/em><\/a><\/p>\n<p>M\u00f6chtest du den Timer verwenden, um Heunetze fallen zu lassen? Dann solltest du dich besser f\u00fcr den <a href=\"https:\/\/paddocktweaks.nl\/de\/produkt\/heufall\/\">Hayfall<\/a> entscheiden.<\/p>\n<p><strong>Download<\/strong><\/p>\n<p><a href=\"https:\/\/www.feed-x.se\/viewpdf.html?pdf=gt6_12_manual_2_5_en.pdf&amp;backstack=%2Finternational.html%3BIn+English\" target=\"_new\" rel=\"noopener\">GT6\/GT12 manual (EN)<\/a><\/p>","protected":false},"excerpt":{"rendered":"<p>Der Feed-X Gate Timer ist ein automatischer Weide\u00f6ffner, der sehr einfach zu installieren und zu bedienen ist. Beim Kauf eines Gate Timers wird standardm\u00e4\u00dfig eine Befestigungsschiene mitgeliefert.<\/p>\n<p>Neben dem Feed-X Gate Timer selbst ben\u00f6tigst du ein System, das die Weide abschlie\u00dft. Feed-X bietet folgende Optionen:<\/p>\n<ul>\n<li>3 Meter einfaches Rollensystem (<a href=\"https:\/\/paddocktweaks.nl\/de\/produkt\/einfaches-flaschenzugsystem-g11\/\">G11<\/a>)<\/li>\n<li>3 Meter doppeltes Rollensystem (<a href=\"https:\/\/paddocktweaks.nl\/de\/produkt\/doppel-flaschenzugsystem-g112\/\">G112<\/a>), z. B. f\u00fcr Shetlander<\/li>\n<li>15 Meter Haspel (<a href=\"https:\/\/paddocktweaks.nl\/de\/produkt\/haspelsystem-g15-feed-x-gate-timer\/\">G15<\/a>)<\/li>\n<\/ul>\n<p>&nbsp;<\/p>\n<p>Von der Verwendung anderer Systeme (Rollb\u00e4nder, Spannfedern usw.) raten wir ab: Die Systeme k\u00f6nnen die Lebensdauer und Zuverl\u00e4ssigkeit des Timers beeintr\u00e4chtigen, da sie zu viel Kraft aus\u00fcben oder eine Gefahr darstellen, weil der Haken schnell zur\u00fcckschnellt. Verwende daher die offiziellen Feed-X Weideabschl\u00fcsse.<\/p>\n<p>M\u00f6chtest du den Timer verwenden, um Heunetze fallen zu lassen? Dann solltest du dich besser f\u00fcr den <a href=\"https:\/\/paddocktweaks.nl\/de\/produkt\/heufall\/\">Hayfall<\/a> entscheiden.<\/p>\n<p>Weitere Erkl\u00e4rungen zu diesen Systemen und dem Feed-X Timer selbst findest du auf der <a href=\"https:\/\/paddocktweaks.nl\/de\/feed-x-gate-timer\/#main\">Produktseite.<\/a><\/p>\n<p><strong>Lieferzeit (falls vorr\u00e4tig): 1-3 Werktage<br \/>\nLieferzeit (falls in Nachbestellung): 3 Wochen<\/strong><\/p>","protected":false},"featured_media":4614,"comment_status":"open","ping_status":"closed","template":"","meta":{"iawp_total_views":2484},"product_brand":[],"product_cat":[47],"product_tag":[],"class_list":{"0":"post-981","1":"product","2":"type-product","3":"status-publish","4":"has-post-thumbnail","6":"product_cat-automatische-weideopener","7":"product_shipping_class-pakketpost","9":"first","10":"instock","11":"taxable","12":"shipping-taxable","13":"purchasable","14":"product-type-variable"},"_links":{"self":[{"href":"https:\/\/paddocktweaks.nl\/de\/wp-json\/wp\/v2\/product\/981","targetHints":{"allow":["GET"]}}],"collection":[{"href":"https:\/\/paddocktweaks.nl\/de\/wp-json\/wp\/v2\/product"}],"about":[{"href":"https:\/\/paddocktweaks.nl\/de\/wp-json\/wp\/v2\/types\/product"}],"replies":[{"embeddable":true,"href":"https:\/\/paddocktweaks.nl\/de\/wp-json\/wp\/v2\/comments?post=981"}],"wp:featuredmedia":[{"embeddable":true,"href":"https:\/\/paddocktweaks.nl\/de\/wp-json\/wp\/v2\/media\/4614"}],"wp:attachment":[{"href":"https:\/\/paddocktweaks.nl\/de\/wp-json\/wp\/v2\/media?parent=981"}],"wp:term":[{"taxonomy":"product_brand","embeddable":true,"href":"https:\/\/paddocktweaks.nl\/de\/wp-json\/wp\/v2\/product_brand?post=981"},{"taxonomy":"product_cat","embeddable":true,"href":"https:\/\/paddocktweaks.nl\/de\/wp-json\/wp\/v2\/product_cat?post=981"},{"taxonomy":"product_tag","embeddable":true,"href":"https:\/\/paddocktweaks.nl\/de\/wp-json\/wp\/v2\/product_tag?post=981"}],"curies":[{"name":"wp","href":"https:\/\/api.w.org\/{rel}","templated":true}]}}