{"id":858,"date":"2021-07-16T15:57:18","date_gmt":"2021-07-16T13:57:18","guid":{"rendered":"https:\/\/paddocktweaks.nl\/?post_type=product&#038;p=858"},"modified":"2024-10-30T21:01:26","modified_gmt":"2024-10-30T19:01:26","slug":"tuer-haybutler-freistehendes-modell","status":"publish","type":"product","link":"https:\/\/paddocktweaks.nl\/de\/product\/deur-t-b-v-haybutler\/","title":{"rendered":"T\u00fcr f\u00fcr Haybutler (freistehendes Modell)"},"content":{"rendered":"<p>Du hast zuvor einen Haybutler ohne T\u00fcr bestellt, da er eigentlich drinnen stehen sollte. Jetzt m\u00f6chtest du ihn aber doch drau\u00dfen aufstellen. Dann ist es doch praktisch, nachtr\u00e4glich eine T\u00fcr zu montieren. Alle Haybutler sind f\u00fcr die Montage einer T\u00fcr vorbereitet. Diese l\u00e4sst sich anhand der mitgelieferten Anleitung einfach selbst montieren (sowohl links- als auch rechtsanschlagend).<\/p>","protected":false},"excerpt":{"rendered":"<p>T\u00fcr f\u00fcr Haybutler. Einfache Selbstmontage.<\/p>","protected":false},"featured_media":5077,"comment_status":"open","ping_status":"closed","template":"","meta":{"iawp_total_views":22},"product_brand":[],"product_cat":[19],"product_tag":[],"class_list":{"0":"post-858","1":"product","2":"type-product","3":"status-publish","4":"has-post-thumbnail","6":"product_cat-haybutler","7":"product_shipping_class-pakketpost","9":"first","10":"instock","11":"taxable","12":"shipping-taxable","13":"purchasable","14":"product-type-simple"},"_links":{"self":[{"href":"https:\/\/paddocktweaks.nl\/de\/wp-json\/wp\/v2\/product\/858","targetHints":{"allow":["GET"]}}],"collection":[{"href":"https:\/\/paddocktweaks.nl\/de\/wp-json\/wp\/v2\/product"}],"about":[{"href":"https:\/\/paddocktweaks.nl\/de\/wp-json\/wp\/v2\/types\/product"}],"replies":[{"embeddable":true,"href":"https:\/\/paddocktweaks.nl\/de\/wp-json\/wp\/v2\/comments?post=858"}],"wp:featuredmedia":[{"embeddable":true,"href":"https:\/\/paddocktweaks.nl\/de\/wp-json\/wp\/v2\/media\/5077"}],"wp:attachment":[{"href":"https:\/\/paddocktweaks.nl\/de\/wp-json\/wp\/v2\/media?parent=858"}],"wp:term":[{"taxonomy":"product_brand","embeddable":true,"href":"https:\/\/paddocktweaks.nl\/de\/wp-json\/wp\/v2\/product_brand?post=858"},{"taxonomy":"product_cat","embeddable":true,"href":"https:\/\/paddocktweaks.nl\/de\/wp-json\/wp\/v2\/product_cat?post=858"},{"taxonomy":"product_tag","embeddable":true,"href":"https:\/\/paddocktweaks.nl\/de\/wp-json\/wp\/v2\/product_tag?post=858"}],"curies":[{"name":"wp","href":"https:\/\/api.w.org\/{rel}","templated":true}]}}