{"id":854,"date":"2021-07-16T15:33:34","date_gmt":"2021-07-16T13:33:34","guid":{"rendered":"https:\/\/paddocktweaks.nl\/?post_type=product&#038;p=854"},"modified":"2026-02-02T14:07:19","modified_gmt":"2026-02-02T13:07:19","slug":"heunetz-haybutler-freistehendes-modell","status":"publish","type":"product","link":"https:\/\/paddocktweaks.nl\/de\/product\/vervangend-hooinet-haybutler\/","title":{"rendered":"Ersatz-Heunetz Haybutler (freistehendes Modell)"},"content":{"rendered":"<p>Heunetze gehen mit der Zeit kaputt. Da das Heunetz des Haybutler niedrig am Boden liegt, ist es nicht ratsam, zu lange mit dem Austausch zu warten, nachdem ein Loch festgestellt wurde. Es ist n\u00e4mlich m\u00f6glich, dass sich ein Pferd mit seinen Hufen in dem Loch verf\u00e4ngt.<\/p>\n<p>Das Heunetz kaufen wir bei unserem Lieferanten PaardEerlijk und es ist speziell f\u00fcr uns ma\u00dfgefertigt und von uns f\u00fcr die Montage am Haybutler vorbereitet.<\/p>","protected":false},"excerpt":{"rendered":"<p>Dieses Slowfeeder-Netz hat genau die richtige Gr\u00f6\u00dfe und ist f\u00fcr die Montage am Trog des Haybutler geeignet.<\/p>\n<p>Hergestellt aus starkem, knotenfreiem PPE-Gewebe mit einem Durchmesser von 8 mm und erh\u00e4ltlich mit einer Maschenweite von 4,5 cm oder 6 cm.<br \/>\nStandardm\u00e4\u00dfig liefern wir 4,5 cm. Diese sollten lange halten (durchschnittlich ein Jahr). Ist das Slowfeeder-Netz bereits innerhalb weniger Monate besch\u00e4digt oder ist dein Pferd frustriert, weil es das Heu nicht herausbekommt? dann empfehlen wir, das 6-cm-Netz zu verwenden.<\/p>\n<p>Die 2 Gummib\u00e4nder, mit denen das Netz gespannt wird, halten normalerweise l\u00e4nger als das Netz und sind daher optional.<\/p>","protected":false},"featured_media":5079,"comment_status":"open","ping_status":"closed","template":"","meta":{"iawp_total_views":71},"product_brand":[],"product_cat":[19],"product_tag":[],"class_list":{"0":"post-854","1":"product","2":"type-product","3":"status-publish","4":"has-post-thumbnail","6":"product_cat-haybutler","7":"product_shipping_class-pakketpost","9":"first","10":"instock","11":"taxable","12":"shipping-taxable","13":"purchasable","14":"product-type-variable"},"_links":{"self":[{"href":"https:\/\/paddocktweaks.nl\/de\/wp-json\/wp\/v2\/product\/854","targetHints":{"allow":["GET"]}}],"collection":[{"href":"https:\/\/paddocktweaks.nl\/de\/wp-json\/wp\/v2\/product"}],"about":[{"href":"https:\/\/paddocktweaks.nl\/de\/wp-json\/wp\/v2\/types\/product"}],"replies":[{"embeddable":true,"href":"https:\/\/paddocktweaks.nl\/de\/wp-json\/wp\/v2\/comments?post=854"}],"wp:featuredmedia":[{"embeddable":true,"href":"https:\/\/paddocktweaks.nl\/de\/wp-json\/wp\/v2\/media\/5079"}],"wp:attachment":[{"href":"https:\/\/paddocktweaks.nl\/de\/wp-json\/wp\/v2\/media?parent=854"}],"wp:term":[{"taxonomy":"product_brand","embeddable":true,"href":"https:\/\/paddocktweaks.nl\/de\/wp-json\/wp\/v2\/product_brand?post=854"},{"taxonomy":"product_cat","embeddable":true,"href":"https:\/\/paddocktweaks.nl\/de\/wp-json\/wp\/v2\/product_cat?post=854"},{"taxonomy":"product_tag","embeddable":true,"href":"https:\/\/paddocktweaks.nl\/de\/wp-json\/wp\/v2\/product_tag?post=854"}],"curies":[{"name":"wp","href":"https:\/\/api.w.org\/{rel}","templated":true}]}}