{"id":7988,"date":"2026-01-26T10:27:09","date_gmt":"2026-01-26T09:27:09","guid":{"rendered":"https:\/\/paddocktweaks.nl\/?post_type=product&#038;p=7988"},"modified":"2026-01-26T10:32:52","modified_gmt":"2026-01-26T09:32:52","slug":"scharniersatz-fur-heubutler-abnehmbar","status":"publish","type":"product","link":"https:\/\/paddocktweaks.nl\/de\/product\/scharnier-set-voor-diy-haybutler-uitneembaar\/","title":{"rendered":"Scharnierset f\u00fcr DIY Haybutler (abnehmbar)"},"content":{"rendered":"","protected":false},"excerpt":{"rendered":"<p>Satz abnehmbare Scharniere (ein linkes und ein rechtes) f\u00fcr einen DIY Haybutler.<\/p>\n<p>Mit diesen Scharnieren k\u00f6nnen Sie das Regal leicht abnehmen, ideal f\u00fcr den Aufbau und f\u00fcr die Wartung\/Reinigung.<\/p>\n<p>Ein Set ist f\u00fcr 1 Regal geeignet und besteht aus:<\/p>\n<ul>\n<li>8 Schrauben (geeignet f\u00fcr die Montage auf 18 mm Holz)<\/li>\n<li>2 L-Winkel<\/li>\n<li>1 linkes Scharnier<\/li>\n<li>1 rechtes Scharnier<\/li>\n<\/ul>","protected":false},"featured_media":7989,"comment_status":"open","ping_status":"closed","template":"","meta":{"iawp_total_views":14},"product_brand":[],"product_cat":[19],"product_tag":[],"class_list":{"0":"post-7988","1":"product","2":"type-product","3":"status-publish","4":"has-post-thumbnail","6":"product_cat-haybutler","7":"product_shipping_class-brievenbuspost","9":"first","10":"instock","11":"taxable","12":"shipping-taxable","13":"purchasable","14":"product-type-simple"},"_links":{"self":[{"href":"https:\/\/paddocktweaks.nl\/de\/wp-json\/wp\/v2\/product\/7988","targetHints":{"allow":["GET"]}}],"collection":[{"href":"https:\/\/paddocktweaks.nl\/de\/wp-json\/wp\/v2\/product"}],"about":[{"href":"https:\/\/paddocktweaks.nl\/de\/wp-json\/wp\/v2\/types\/product"}],"replies":[{"embeddable":true,"href":"https:\/\/paddocktweaks.nl\/de\/wp-json\/wp\/v2\/comments?post=7988"}],"wp:featuredmedia":[{"embeddable":true,"href":"https:\/\/paddocktweaks.nl\/de\/wp-json\/wp\/v2\/media\/7989"}],"wp:attachment":[{"href":"https:\/\/paddocktweaks.nl\/de\/wp-json\/wp\/v2\/media?parent=7988"}],"wp:term":[{"taxonomy":"product_brand","embeddable":true,"href":"https:\/\/paddocktweaks.nl\/de\/wp-json\/wp\/v2\/product_brand?post=7988"},{"taxonomy":"product_cat","embeddable":true,"href":"https:\/\/paddocktweaks.nl\/de\/wp-json\/wp\/v2\/product_cat?post=7988"},{"taxonomy":"product_tag","embeddable":true,"href":"https:\/\/paddocktweaks.nl\/de\/wp-json\/wp\/v2\/product_tag?post=7988"}],"curies":[{"name":"wp","href":"https:\/\/api.w.org\/{rel}","templated":true}]}}