{"id":5792,"date":"2025-06-16T13:54:02","date_gmt":"2025-06-16T11:54:02","guid":{"rendered":"https:\/\/paddocktweaks.nl\/?post_type=product&#038;p=5792"},"modified":"2026-02-19T15:23:15","modified_gmt":"2026-02-19T14:23:15","slug":"pure-horse-tinybutler-probierpaket","status":"publish","type":"product","link":"https:\/\/paddocktweaks.nl\/de\/product\/pure-horse-tinybutler-proefpakket\/","title":{"rendered":"Pure Horse Tinybutler Probierpaket"},"content":{"rendered":"<div id=\"tab-description\" class=\"woocommerce-Tabs-panel woocommerce-Tabs-panel--description panel entry-content active\" role=\"tabpanel\" aria-labelledby=\"tab-title-description\">\n<p>Gib deinem (\u00e4lteren) Pferd einen sanften, nahrhaften Boost mit diesem sorgf\u00e4ltig von <a href=\"https:\/\/purehorse.nl\/product\/tinybutler-proefpakket\/\" rel=\"noopener\">Pure Horse<\/a> zusammengestellten Probierpaket. Perfekt, um zu testen, ob das <a href=\"https:\/\/paddocktweaks.nl\/de\/tinybutler\/\">Tinybutler<\/a>-Konzept zu euch passt \u2013 ohne gleich einen vollen Vorratsschrank zu haben. Ideal f\u00fcr sensible Typen, w\u00e4hlerische Feinschmecker oder einfach als Verw\u00f6hntag f\u00fcr deinen treuen Freund.<\/p>\n<p>Was ist im Probierpaket enthalten?<\/p>\n<ul>\n<li><strong>Minerala \u043a\u043e\u043d\u0446\u0435\u043d\u0442\u0440\u0430t Puur P oder Senior Puur G:<\/strong> ein Ausgleichsmittel mit gut aufnehmbaren Mineralien.<\/li>\n<li><strong>Agrobs Wiesencobs oder Pre-alpin Senior<\/strong>: strukturreiche Raufuttermischung von Top-Qualit\u00e4t<\/li>\n<\/ul>\n<p><em>Zusammen geeignet f\u00fcr 10 Tage F\u00fctterung!\u00a0<\/em><\/p>\n<p>Und au\u00dferdem noch 2 tolle \u201eToppings\u201c, um die Basisern\u00e4hrung zu bereichern.<\/p>\n<ul>\n<li><strong>BePure Bl\u00fctenmischung<\/strong>: duftende Bl\u00fcten zur Unterst\u00fctzung der Verdauung und f\u00fcr die fr\u00f6hliche Note.<\/li>\n<li><strong>Oder die Season Care Saisonmischung<\/strong>: abgestimmt auf die Saison \u2013 denn Pferde sind auch Saisontiere.<\/li>\n<li><strong>Oder die SeniorSan von Pernaturam:<\/strong> Diese ist speziell auf das Senioren Pferd abgestimmt<\/li>\n<\/ul>\n<p>Du kannst die Probierverpackung mit und ohne Eimer erwerben. Der Eimer passt perfekt in den Tinybutler<\/p>\n<p><strong>Mit Eimer:<\/strong><\/p>\n<p>Du erh\u00e4ltst das alles in unserem stabilen Eimer, der perfekt in den Tinybutler passt!<\/p>\n<p>\u2705 Bonus: Er sieht auch noch gut aus.<br \/>\n\u2705 F\u00fcr den Pferdemenschen mit Auge f\u00fcr Detail (und Ordnung im Regal).<\/p>\n<p><strong>Ohne Eimer:<\/strong><\/p>\n<p>Lieber minimalistisch? Dann bekommst du exakt den gleichen Inhalt, aber ohne den Futtereimer. Perfekt, wenn du schon eine ganze Sammlung von Beh\u00e4ltern hast oder es einfach nur ausprobieren m\u00f6chtest.<\/p>\n<p><em><strong>\ud83c\udf81 Extra: Zu deinem Probierpaket erh\u00e4ltst du auch einen Rabattcode f\u00fcr 10 % Rabatt auf die Pure Horse Gro\u00dfverpackungen im Tinybutler-Set!\u00a0<\/strong><\/em><\/p>\n<\/div>","protected":false},"excerpt":{"rendered":"<div class=\"product-short-description\">\n<p>Probiere jetzt das <a href=\"https:\/\/paddocktweaks.nl\/de\/tinybutler\/\">Tinybutler<\/a> Probierpaket \u2013 speziell f\u00fcr \u00e4ltere Pferde, die etwas zus\u00e4tzliche Liebe gebrauchen k\u00f6nnen. Mit sorgf\u00e4ltig von <a href=\"https:\/\/purehorse.nl\">Pure Horse<\/a> ausgew\u00e4hlten Produkten f\u00fcr Vitalit\u00e4t, Geschmack und einen gl\u00fccklichen Bauch, mit oder ohne praktischen Eimer.<\/p>\n<p><em><strong>\ud83c\udf81 Extra: Zu deinem Probierpaket erh\u00e4ltst du auch einen Rabattcode f\u00fcr 10 % Rabatt auf die Pure Horse Gro\u00dfverpackungen im Tinybutler-Set!\u00a0<\/strong><\/em><\/p>\n<\/div>\n<p>Der Inhalt des Pakets steht in der Produktbeschreibung hier unten (die Abbildung kann vom Inhalt abweichen).<\/p>","protected":false},"featured_media":5819,"comment_status":"open","ping_status":"closed","template":"","meta":{"iawp_total_views":193},"product_brand":[],"product_cat":[60],"product_tag":[],"class_list":{"0":"post-5792","1":"product","2":"type-product","3":"status-publish","4":"has-post-thumbnail","6":"product_cat-tinybutler","7":"product_shipping_class-pakketpost","9":"first","10":"instock","11":"taxable","12":"shipping-taxable","13":"purchasable","14":"product-type-variable"},"_links":{"self":[{"href":"https:\/\/paddocktweaks.nl\/de\/wp-json\/wp\/v2\/product\/5792","targetHints":{"allow":["GET"]}}],"collection":[{"href":"https:\/\/paddocktweaks.nl\/de\/wp-json\/wp\/v2\/product"}],"about":[{"href":"https:\/\/paddocktweaks.nl\/de\/wp-json\/wp\/v2\/types\/product"}],"replies":[{"embeddable":true,"href":"https:\/\/paddocktweaks.nl\/de\/wp-json\/wp\/v2\/comments?post=5792"}],"wp:featuredmedia":[{"embeddable":true,"href":"https:\/\/paddocktweaks.nl\/de\/wp-json\/wp\/v2\/media\/5819"}],"wp:attachment":[{"href":"https:\/\/paddocktweaks.nl\/de\/wp-json\/wp\/v2\/media?parent=5792"}],"wp:term":[{"taxonomy":"product_brand","embeddable":true,"href":"https:\/\/paddocktweaks.nl\/de\/wp-json\/wp\/v2\/product_brand?post=5792"},{"taxonomy":"product_cat","embeddable":true,"href":"https:\/\/paddocktweaks.nl\/de\/wp-json\/wp\/v2\/product_cat?post=5792"},{"taxonomy":"product_tag","embeddable":true,"href":"https:\/\/paddocktweaks.nl\/de\/wp-json\/wp\/v2\/product_tag?post=5792"}],"curies":[{"name":"wp","href":"https:\/\/api.w.org\/{rel}","templated":true}]}}