{"id":5650,"date":"2025-05-06T09:49:12","date_gmt":"2025-05-06T07:49:12","guid":{"rendered":"https:\/\/paddocktweaks.nl\/?post_type=product&#038;p=5650"},"modified":"2026-01-22T12:21:17","modified_gmt":"2026-01-22T11:21:17","slug":"tuerschluessel-haybutler","status":"publish","type":"product","link":"https:\/\/paddocktweaks.nl\/de\/product\/deursleutel-haybutler\/","title":{"rendered":"T\u00fcrschl\u00fcssel Haybutler"},"content":{"rendered":"","protected":false},"excerpt":{"rendered":"<p>Ein zus\u00e4tzlicher Reserveschl\u00fcssel f\u00fcr Haybutler mit Flachschl\u00f6ssern (Wand- und Eckmodell).<\/p>","protected":false},"featured_media":7900,"comment_status":"closed","ping_status":"closed","template":"","meta":{"iawp_total_views":14},"product_brand":[],"product_cat":[19],"product_tag":[],"class_list":{"0":"post-5650","1":"product","2":"type-product","3":"status-publish","4":"has-post-thumbnail","6":"product_cat-haybutler","7":"product_shipping_class-brievenbuspost","9":"first","10":"instock","11":"taxable","12":"shipping-taxable","13":"purchasable","14":"product-type-simple"},"_links":{"self":[{"href":"https:\/\/paddocktweaks.nl\/de\/wp-json\/wp\/v2\/product\/5650","targetHints":{"allow":["GET"]}}],"collection":[{"href":"https:\/\/paddocktweaks.nl\/de\/wp-json\/wp\/v2\/product"}],"about":[{"href":"https:\/\/paddocktweaks.nl\/de\/wp-json\/wp\/v2\/types\/product"}],"replies":[{"embeddable":true,"href":"https:\/\/paddocktweaks.nl\/de\/wp-json\/wp\/v2\/comments?post=5650"}],"wp:featuredmedia":[{"embeddable":true,"href":"https:\/\/paddocktweaks.nl\/de\/wp-json\/wp\/v2\/media\/7900"}],"wp:attachment":[{"href":"https:\/\/paddocktweaks.nl\/de\/wp-json\/wp\/v2\/media?parent=5650"}],"wp:term":[{"taxonomy":"product_brand","embeddable":true,"href":"https:\/\/paddocktweaks.nl\/de\/wp-json\/wp\/v2\/product_brand?post=5650"},{"taxonomy":"product_cat","embeddable":true,"href":"https:\/\/paddocktweaks.nl\/de\/wp-json\/wp\/v2\/product_cat?post=5650"},{"taxonomy":"product_tag","embeddable":true,"href":"https:\/\/paddocktweaks.nl\/de\/wp-json\/wp\/v2\/product_tag?post=5650"}],"curies":[{"name":"wp","href":"https:\/\/api.w.org\/{rel}","templated":true}]}}