{"id":5600,"date":"2025-04-17T13:37:24","date_gmt":"2025-04-17T11:37:24","guid":{"rendered":"https:\/\/paddocktweaks.nl\/?post_type=product&#038;p=5600"},"modified":"2026-01-21T11:54:51","modified_gmt":"2026-01-21T10:54:51","slug":"karabinerhaken","status":"publish","type":"product","link":"https:\/\/paddocktweaks.nl\/de\/product\/karabijnhaak-voor-hayfall\/","title":{"rendered":"Karabinerhaken f\u00fcr Hayfall"},"content":{"rendered":"<p>Dieser verzinkte Karabinerhaken mit 80 mm L\u00e4nge und 8 mm Dicke eignet sich zum Aufh\u00e4ngen von Heunetzen, wie sie beim <a href=\"https:\/\/paddocktweaks.nl\/de\/produkt\/heufall\/\">Hayfall<\/a>.<\/p>","protected":false},"excerpt":{"rendered":"<p>Diesen Karabinerhaken verwendest du zum Aufh\u00e4ngen von Heunetzen f\u00fcr den <a href=\"https:\/\/paddocktweaks.nl\/de\/produkt\/heufall\/\">Hayfall<\/a>.<\/p>","protected":false},"featured_media":5601,"comment_status":"open","ping_status":"closed","template":"","meta":{"iawp_total_views":23},"product_brand":[],"product_cat":[59],"product_tag":[],"class_list":{"0":"post-5600","1":"product","2":"type-product","3":"status-publish","4":"has-post-thumbnail","6":"product_cat-hayfall","7":"product_shipping_class-brievenbuspost","9":"first","10":"instock","11":"taxable","12":"shipping-taxable","13":"purchasable","14":"product-type-simple"},"_links":{"self":[{"href":"https:\/\/paddocktweaks.nl\/de\/wp-json\/wp\/v2\/product\/5600","targetHints":{"allow":["GET"]}}],"collection":[{"href":"https:\/\/paddocktweaks.nl\/de\/wp-json\/wp\/v2\/product"}],"about":[{"href":"https:\/\/paddocktweaks.nl\/de\/wp-json\/wp\/v2\/types\/product"}],"replies":[{"embeddable":true,"href":"https:\/\/paddocktweaks.nl\/de\/wp-json\/wp\/v2\/comments?post=5600"}],"wp:featuredmedia":[{"embeddable":true,"href":"https:\/\/paddocktweaks.nl\/de\/wp-json\/wp\/v2\/media\/5601"}],"wp:attachment":[{"href":"https:\/\/paddocktweaks.nl\/de\/wp-json\/wp\/v2\/media?parent=5600"}],"wp:term":[{"taxonomy":"product_brand","embeddable":true,"href":"https:\/\/paddocktweaks.nl\/de\/wp-json\/wp\/v2\/product_brand?post=5600"},{"taxonomy":"product_cat","embeddable":true,"href":"https:\/\/paddocktweaks.nl\/de\/wp-json\/wp\/v2\/product_cat?post=5600"},{"taxonomy":"product_tag","embeddable":true,"href":"https:\/\/paddocktweaks.nl\/de\/wp-json\/wp\/v2\/product_tag?post=5600"}],"curies":[{"name":"wp","href":"https:\/\/api.w.org\/{rel}","templated":true}]}}