{"id":5065,"date":"2024-10-25T17:06:01","date_gmt":"2024-10-25T15:06:01","guid":{"rendered":"https:\/\/paddocktweaks.nl\/?post_type=product&#038;p=5065"},"modified":"2024-11-14T15:01:48","modified_gmt":"2024-11-14T13:01:48","slug":"feed-x-weidezaun-seil","status":"publish","type":"product","link":"https:\/\/paddocktweaks.nl\/de\/product\/feed-x-schrikdraad\/","title":{"rendered":"Feed-X Weidezaun Seil"},"content":{"rendered":"<p>Ersatz-Weidezaun Seil f\u00fcr die Feed-X-Rollensysteme. Feed-X hat mehrere Sorten getestet, und dies hat sich als die beste erwiesen (wenig Reibung und gute Qualit\u00e4t).<\/p>","protected":false},"excerpt":{"rendered":"<p>Weidezaun Seil verschlissen? Dieses Weidezaun Seil ist f\u00fcr die Feed-X-Rollensysteme <a href=\"https:\/\/paddocktweaks.nl\/de\/produkt\/einfaches-flaschenzugsystem-g11\/\">G11<\/a> und <a href=\"https:\/\/paddocktweaks.nl\/de\/produkt\/doppel-flaschenzugsystem-g112\/\">G112<\/a>.<\/p>\n<p>Dieses Produkt wird pro Meter verkauft. F\u00fcr das G11 ben\u00f6tigst du 6 Meter, f\u00fcr das G112 12 Meter.<\/p>\n<p>&nbsp;<\/p>","protected":false},"featured_media":5066,"comment_status":"closed","ping_status":"closed","template":"","meta":{"iawp_total_views":15},"product_brand":[],"product_cat":[47],"product_tag":[],"class_list":{"0":"post-5065","1":"product","2":"type-product","3":"status-publish","4":"has-post-thumbnail","6":"product_cat-automatische-weideopener","7":"product_shipping_class-brievenbuspost","9":"first","10":"instock","11":"taxable","12":"shipping-taxable","13":"purchasable","14":"product-type-simple"},"_links":{"self":[{"href":"https:\/\/paddocktweaks.nl\/de\/wp-json\/wp\/v2\/product\/5065","targetHints":{"allow":["GET"]}}],"collection":[{"href":"https:\/\/paddocktweaks.nl\/de\/wp-json\/wp\/v2\/product"}],"about":[{"href":"https:\/\/paddocktweaks.nl\/de\/wp-json\/wp\/v2\/types\/product"}],"replies":[{"embeddable":true,"href":"https:\/\/paddocktweaks.nl\/de\/wp-json\/wp\/v2\/comments?post=5065"}],"wp:featuredmedia":[{"embeddable":true,"href":"https:\/\/paddocktweaks.nl\/de\/wp-json\/wp\/v2\/media\/5066"}],"wp:attachment":[{"href":"https:\/\/paddocktweaks.nl\/de\/wp-json\/wp\/v2\/media?parent=5065"}],"wp:term":[{"taxonomy":"product_brand","embeddable":true,"href":"https:\/\/paddocktweaks.nl\/de\/wp-json\/wp\/v2\/product_brand?post=5065"},{"taxonomy":"product_cat","embeddable":true,"href":"https:\/\/paddocktweaks.nl\/de\/wp-json\/wp\/v2\/product_cat?post=5065"},{"taxonomy":"product_tag","embeddable":true,"href":"https:\/\/paddocktweaks.nl\/de\/wp-json\/wp\/v2\/product_tag?post=5065"}],"curies":[{"name":"wp","href":"https:\/\/api.w.org\/{rel}","templated":true}]}}