{"id":4514,"date":"2024-04-29T16:28:54","date_gmt":"2024-04-29T14:28:54","guid":{"rendered":"https:\/\/paddocktweaks.nl\/?post_type=product&#038;p=4514"},"modified":"2026-04-13T10:25:50","modified_gmt":"2026-04-13T08:25:50","slug":"schalldaempfer-haybutler","status":"publish","type":"product","link":"https:\/\/paddocktweaks.nl\/de\/product\/demperset-voor-haybutler\/","title":{"rendered":"Schalld\u00e4mpfer f\u00fcr Haybutler"},"content":{"rendered":"<p>Dieses D\u00e4mpferset wird speziell auf deine Haybutler-Version zugeschnitten und besteht aus 4 Gasdruckd\u00e4mpfern und den dazugeh\u00f6rigen Kupplungen.<br \/>\nBei Lieferung erh\u00e4ltst du die Montageanleitung (hierbei kann es erforderlich sein, einige L\u00f6cher zu bohren, dies ist abh\u00e4ngig von der Version deines Haybutler).<\/p>\n<p>Bestellst du auch einen Haybutler? dann montieren wir die D\u00e4mpfer schon mal f\u00fcr dich.<\/p>\n<p>Hinweis: Du kannst dieses D\u00e4mpferset auch bei einem DIY-Haybutler verwenden, wir liefern dann standardm\u00e4\u00dfig B\u00fcgel mit, die du auf deine Schubladen schrauben kannst. Achtung: Die maximale Kraft auf die Schalld\u00e4mpfer betr\u00e4gt 10 kg.<\/p>","protected":false},"excerpt":{"rendered":"<p>Ein Set Schalld\u00e4mpfer f\u00fcr die 4 Schubladen deines Haybutler, wodurch dieser fl\u00fcsterleise wird.<\/p>\n<p><strong>Lieferzeit (falls vorr\u00e4tig): 1-3 Werktage<\/strong><br \/>\n<strong>Lieferzeit (falls in Nachbestellung): 4 Wochen<\/strong><\/p>","protected":false},"featured_media":4716,"comment_status":"open","ping_status":"closed","template":"","meta":{"iawp_total_views":452},"product_brand":[],"product_cat":[19],"product_tag":[],"class_list":{"0":"post-4514","1":"product","2":"type-product","3":"status-publish","4":"has-post-thumbnail","6":"product_cat-haybutler","7":"product_shipping_class-pakketpost","9":"first","10":"instock","11":"taxable","12":"shipping-taxable","13":"purchasable","14":"product-type-simple"},"_links":{"self":[{"href":"https:\/\/paddocktweaks.nl\/de\/wp-json\/wp\/v2\/product\/4514","targetHints":{"allow":["GET"]}}],"collection":[{"href":"https:\/\/paddocktweaks.nl\/de\/wp-json\/wp\/v2\/product"}],"about":[{"href":"https:\/\/paddocktweaks.nl\/de\/wp-json\/wp\/v2\/types\/product"}],"replies":[{"embeddable":true,"href":"https:\/\/paddocktweaks.nl\/de\/wp-json\/wp\/v2\/comments?post=4514"}],"wp:featuredmedia":[{"embeddable":true,"href":"https:\/\/paddocktweaks.nl\/de\/wp-json\/wp\/v2\/media\/4716"}],"wp:attachment":[{"href":"https:\/\/paddocktweaks.nl\/de\/wp-json\/wp\/v2\/media?parent=4514"}],"wp:term":[{"taxonomy":"product_brand","embeddable":true,"href":"https:\/\/paddocktweaks.nl\/de\/wp-json\/wp\/v2\/product_brand?post=4514"},{"taxonomy":"product_cat","embeddable":true,"href":"https:\/\/paddocktweaks.nl\/de\/wp-json\/wp\/v2\/product_cat?post=4514"},{"taxonomy":"product_tag","embeddable":true,"href":"https:\/\/paddocktweaks.nl\/de\/wp-json\/wp\/v2\/product_tag?post=4514"}],"curies":[{"name":"wp","href":"https:\/\/api.w.org\/{rel}","templated":true}]}}