{"id":4360,"date":"2024-04-10T09:08:45","date_gmt":"2024-04-10T07:08:45","guid":{"rendered":"https:\/\/paddocktweaks.nl\/?post_type=product&#038;p=4360"},"modified":"2024-10-30T22:28:18","modified_gmt":"2024-10-30T20:28:18","slug":"ersatz-heunetz-haybutler-wandmodell","status":"publish","type":"product","link":"https:\/\/paddocktweaks.nl\/de\/product\/vervangend-hooinet-haybutler-wandmodel\/","title":{"rendered":"Ersatz-Heunetz Haybutler (Wandmodell)"},"content":{"rendered":"<p>Heunetze gehen mit der Zeit kaputt. Da das Heunetz des Haybutler niedrig am Boden liegt, ist es nicht ratsam, zu lange mit dem Austausch zu warten, nachdem ein Loch festgestellt wurde. Es ist n\u00e4mlich m\u00f6glich, dass sich ein Pferd mit seinen Hufen in dem Loch verf\u00e4ngt.<\/p>\n<p>Wir kaufen das Heunetz bei unserem Lieferanten und es wird speziell f\u00fcr uns angefertigt und von uns f\u00fcr die Montage am Haybutler vorbereitet.<\/p>","protected":false},"excerpt":{"rendered":"<p>Dieses Heunetz hat exakt die richtige Gr\u00f6\u00dfe und ist f\u00fcr die Montage an der Unterseite des Haybutlers geeignet.<\/p>\n<p>Hergestellt aus starkem, knotenfreiem PPE-Gewebe mit einem Durchmesser von 8 mm und einer Maschenweite von 4,5x4,5 cm.<\/p>","protected":false},"featured_media":5082,"comment_status":"open","ping_status":"closed","template":"","meta":{"iawp_total_views":39},"product_brand":[],"product_cat":[19],"product_tag":[],"class_list":{"0":"post-4360","1":"product","2":"type-product","3":"status-publish","4":"has-post-thumbnail","6":"product_cat-haybutler","7":"product_shipping_class-pakketpost","9":"first","10":"instock","11":"taxable","12":"shipping-taxable","13":"purchasable","14":"product-type-simple"},"_links":{"self":[{"href":"https:\/\/paddocktweaks.nl\/de\/wp-json\/wp\/v2\/product\/4360","targetHints":{"allow":["GET"]}}],"collection":[{"href":"https:\/\/paddocktweaks.nl\/de\/wp-json\/wp\/v2\/product"}],"about":[{"href":"https:\/\/paddocktweaks.nl\/de\/wp-json\/wp\/v2\/types\/product"}],"replies":[{"embeddable":true,"href":"https:\/\/paddocktweaks.nl\/de\/wp-json\/wp\/v2\/comments?post=4360"}],"wp:featuredmedia":[{"embeddable":true,"href":"https:\/\/paddocktweaks.nl\/de\/wp-json\/wp\/v2\/media\/5082"}],"wp:attachment":[{"href":"https:\/\/paddocktweaks.nl\/de\/wp-json\/wp\/v2\/media?parent=4360"}],"wp:term":[{"taxonomy":"product_brand","embeddable":true,"href":"https:\/\/paddocktweaks.nl\/de\/wp-json\/wp\/v2\/product_brand?post=4360"},{"taxonomy":"product_cat","embeddable":true,"href":"https:\/\/paddocktweaks.nl\/de\/wp-json\/wp\/v2\/product_cat?post=4360"},{"taxonomy":"product_tag","embeddable":true,"href":"https:\/\/paddocktweaks.nl\/de\/wp-json\/wp\/v2\/product_tag?post=4360"}],"curies":[{"name":"wp","href":"https:\/\/api.w.org\/{rel}","templated":true}]}}