{"id":4271,"date":"2024-02-19T10:20:12","date_gmt":"2024-02-19T08:20:12","guid":{"rendered":"https:\/\/paddocktweaks.nl\/?post_type=product&#038;p=4271"},"modified":"2026-02-02T14:03:12","modified_gmt":"2026-02-02T13:03:12","slug":"schaukelhaken-fuer-hayfall","status":"publish","type":"product","link":"https:\/\/paddocktweaks.nl\/de\/product\/schommelhaak-voor-hayfall-katrol\/","title":{"rendered":"Schaukelhaken f\u00fcr Hayfall-Flaschenzug"},"content":{"rendered":"<p>Dieser verzinkte Schaukelhaken mit 120 mm L\u00e4nge und 10 mm Holzgewinde wurde speziell ausgew\u00e4hlt, um gut zum <a href=\"https:\/\/paddocktweaks.nl\/de\/produkt\/rolle-fuer-hayfall\/\">Flaschenzug<\/a> von <a href=\"https:\/\/paddocktweaks.nl\/de\/produkt\/heufall\/\">Hayfall<\/a> zu passen.<\/p>\n<p>Auch in Steinw\u00e4nden in Kombination mit einem 12-mm-D\u00fcbel (nicht im Lieferumfang enthalten) verwendbar.<\/p>","protected":false},"excerpt":{"rendered":"<p>Dieser Schaukelhaken passt zum <a href=\"https:\/\/paddocktweaks.nl\/de\/produkt\/heufall\/\">Hayfall<\/a> <a href=\"https:\/\/paddocktweaks.nl\/de\/produkt\/rolle-fuer-hayfall\/\">Flaschenzug<\/a>.<\/p>","protected":false},"featured_media":4712,"comment_status":"open","ping_status":"closed","template":"","meta":{"iawp_total_views":92},"product_brand":[],"product_cat":[59],"product_tag":[],"class_list":{"0":"post-4271","1":"product","2":"type-product","3":"status-publish","4":"has-post-thumbnail","6":"product_cat-hayfall","7":"product_shipping_class-pakketpost","9":"first","10":"instock","11":"taxable","12":"shipping-taxable","13":"purchasable","14":"product-type-simple"},"_links":{"self":[{"href":"https:\/\/paddocktweaks.nl\/de\/wp-json\/wp\/v2\/product\/4271","targetHints":{"allow":["GET"]}}],"collection":[{"href":"https:\/\/paddocktweaks.nl\/de\/wp-json\/wp\/v2\/product"}],"about":[{"href":"https:\/\/paddocktweaks.nl\/de\/wp-json\/wp\/v2\/types\/product"}],"replies":[{"embeddable":true,"href":"https:\/\/paddocktweaks.nl\/de\/wp-json\/wp\/v2\/comments?post=4271"}],"wp:featuredmedia":[{"embeddable":true,"href":"https:\/\/paddocktweaks.nl\/de\/wp-json\/wp\/v2\/media\/4712"}],"wp:attachment":[{"href":"https:\/\/paddocktweaks.nl\/de\/wp-json\/wp\/v2\/media?parent=4271"}],"wp:term":[{"taxonomy":"product_brand","embeddable":true,"href":"https:\/\/paddocktweaks.nl\/de\/wp-json\/wp\/v2\/product_brand?post=4271"},{"taxonomy":"product_cat","embeddable":true,"href":"https:\/\/paddocktweaks.nl\/de\/wp-json\/wp\/v2\/product_cat?post=4271"},{"taxonomy":"product_tag","embeddable":true,"href":"https:\/\/paddocktweaks.nl\/de\/wp-json\/wp\/v2\/product_tag?post=4271"}],"curies":[{"name":"wp","href":"https:\/\/api.w.org\/{rel}","templated":true}]}}