{"id":4148,"date":"2024-01-29T11:18:40","date_gmt":"2024-01-29T09:18:40","guid":{"rendered":"https:\/\/paddocktweaks.nl\/?post_type=product&#038;p=4148"},"modified":"2026-03-27T14:19:35","modified_gmt":"2026-03-27T13:19:35","slug":"schloss-fuer-haybutler","status":"publish","type":"product","link":"https:\/\/paddocktweaks.nl\/de\/product\/slot-voor-haybutler\/","title":{"rendered":"Schloss f\u00fcr Haybutler\/Tinybutler\/Hayfall"},"content":{"rendered":"<p>Zum Austausch eines Haybutler-, Tinybutler- oder Hayfall-Schlosses. Einfach selbst zu (de)montieren.<\/p>\n<p>Achtung: Diese Schl\u00f6sser werden auf Ma\u00df f\u00fcr PaddockTweaks Haybutler hergestellt und enthalten spezielle Elektronik, die nur in Kombination mit unseren Bedienungsk\u00e4sten funktioniert. Verwenden Sie kein anderes Fabrikat\/Typ Schloss, diese k\u00f6nnen gleich aussehen, sind aber nicht verwendbar.<\/p>","protected":false},"excerpt":{"rendered":"<p>Dieses Schloss ist geeignet f\u00fcr den Haybutler (alle Modelle, inkl. DIY), Tinybutler und Hayfall.<\/p>\n<p>Achtung: Notieren Sie bei der Bestellung im Feld \"Bestellhinweise\" die Bestell- oder Rechnungsnummer Ihrer Bestellung, damit wir die richtige Version zusenden k\u00f6nnen.<\/p>\n<p>Hinweis: Dieses Produkt kann nur von Kunden mit einem Haybutler gekauft werden, Einzelverkauf nicht m\u00f6glich.<\/p>","protected":false},"featured_media":4707,"comment_status":"open","ping_status":"closed","template":"","meta":{"iawp_total_views":621},"product_brand":[],"product_cat":[19,59,60],"product_tag":[],"class_list":{"0":"post-4148","1":"product","2":"type-product","3":"status-publish","4":"has-post-thumbnail","6":"product_cat-haybutler","7":"product_cat-hayfall","8":"product_cat-tinybutler","9":"product_shipping_class-brievenbuspost","11":"first","12":"instock","13":"taxable","14":"shipping-taxable","15":"purchasable","16":"product-type-variable"},"_links":{"self":[{"href":"https:\/\/paddocktweaks.nl\/de\/wp-json\/wp\/v2\/product\/4148","targetHints":{"allow":["GET"]}}],"collection":[{"href":"https:\/\/paddocktweaks.nl\/de\/wp-json\/wp\/v2\/product"}],"about":[{"href":"https:\/\/paddocktweaks.nl\/de\/wp-json\/wp\/v2\/types\/product"}],"replies":[{"embeddable":true,"href":"https:\/\/paddocktweaks.nl\/de\/wp-json\/wp\/v2\/comments?post=4148"}],"wp:featuredmedia":[{"embeddable":true,"href":"https:\/\/paddocktweaks.nl\/de\/wp-json\/wp\/v2\/media\/4707"}],"wp:attachment":[{"href":"https:\/\/paddocktweaks.nl\/de\/wp-json\/wp\/v2\/media?parent=4148"}],"wp:term":[{"taxonomy":"product_brand","embeddable":true,"href":"https:\/\/paddocktweaks.nl\/de\/wp-json\/wp\/v2\/product_brand?post=4148"},{"taxonomy":"product_cat","embeddable":true,"href":"https:\/\/paddocktweaks.nl\/de\/wp-json\/wp\/v2\/product_cat?post=4148"},{"taxonomy":"product_tag","embeddable":true,"href":"https:\/\/paddocktweaks.nl\/de\/wp-json\/wp\/v2\/product_tag?post=4148"}],"curies":[{"name":"wp","href":"https:\/\/api.w.org\/{rel}","templated":true}]}}