{"id":4042,"date":"2024-01-08T13:44:25","date_gmt":"2024-01-08T11:44:25","guid":{"rendered":"https:\/\/paddocktweaks.nl\/?post_type=product&#038;p=4042"},"modified":"2026-02-23T11:10:46","modified_gmt":"2026-02-23T10:10:46","slug":"upgrade-bedienfeld","status":"publish","type":"product","link":"https:\/\/paddocktweaks.nl\/de\/product\/upgrade-bedieningskast\/","title":{"rendered":"Upgrade-Bedienfeld"},"content":{"rendered":"<p>Dieses Upgrade ersetzt deinen aktuellen Bedienfeld. Mit diesem Upgrade halten die Batterien l\u00e4nger und du kannst bis zu 8 F\u00fctterungszeiten pro 24 Stunden einstellen (vorher: 4). Au\u00dferdem bleiben die F\u00fctterungszeiten beim Batteriewechsel erhalten.<\/p>\n<p>Das neue Bedienfeld funktioniert nur noch mit Batterien, nicht mehr mit einem Netzteil (diese wurden in der Praxis selten verwendet). Die Batterien befinden sich im Bedienfeld selbst, nicht mehr in einem separaten Batteriehalter.<\/p>\n<p>Nach deiner Bestellung erh\u00e4ltst du Anweisungen f\u00fcr den Umbau.<\/p>\n<p>Lieferzeit: 1 Woche<\/p>","protected":false},"excerpt":{"rendered":"<p>Verleihe deinem Haybutler ein Upgrade auf die neueste Version unseres Bedienfeld:<\/p>\n<ul>\n<li>Upgrade f\u00fcr Bedienfelder, geliefert bis Mitte 2023 (neuere Automaten haben das Upgrade bereits)<\/li>\n<li>l\u00e4ngere Lebensdauer der Batterien<\/li>\n<li>bis zu 8 F\u00fctterungszeiten pro 24 Stunden<\/li>\n<li>F\u00fctterungszeiten bleiben beim Batteriewechsel erhalten<\/li>\n<li>kein separater Batteriehalter mehr<\/li>\n<\/ul>\n<p>&nbsp;<\/p>\n<p>Achtung: Kaufst du einen neuen Haybutler? Dann ben\u00f6tigst du das Upgrade nicht, diese erhalten standardm\u00e4\u00dfig die neueste Version unseres Steuerkastens.<\/p>\n<p>Download <a href=\"https:\/\/paddocktweaks.nl\/wp-content\/media\/Haybutler-bedieningsinstructie-DE.pdf\">hier<\/a> der Bedienungsanleitung.<\/p>\n<p>Hinweis: Dieses Produkt kann nur von Kunden mit einem Haybutler gekauft werden, Einzelverkauf nicht m\u00f6glich.<\/p>","protected":false},"featured_media":4626,"comment_status":"open","ping_status":"closed","template":"","meta":{"iawp_total_views":276},"product_brand":[],"product_cat":[19],"product_tag":[],"class_list":{"0":"post-4042","1":"product","2":"type-product","3":"status-publish","4":"has-post-thumbnail","6":"product_cat-haybutler","7":"product_shipping_class-pakketpost","9":"first","10":"instock","11":"taxable","12":"shipping-taxable","13":"purchasable","14":"product-type-simple"},"_links":{"self":[{"href":"https:\/\/paddocktweaks.nl\/de\/wp-json\/wp\/v2\/product\/4042","targetHints":{"allow":["GET"]}}],"collection":[{"href":"https:\/\/paddocktweaks.nl\/de\/wp-json\/wp\/v2\/product"}],"about":[{"href":"https:\/\/paddocktweaks.nl\/de\/wp-json\/wp\/v2\/types\/product"}],"replies":[{"embeddable":true,"href":"https:\/\/paddocktweaks.nl\/de\/wp-json\/wp\/v2\/comments?post=4042"}],"wp:featuredmedia":[{"embeddable":true,"href":"https:\/\/paddocktweaks.nl\/de\/wp-json\/wp\/v2\/media\/4626"}],"wp:attachment":[{"href":"https:\/\/paddocktweaks.nl\/de\/wp-json\/wp\/v2\/media?parent=4042"}],"wp:term":[{"taxonomy":"product_brand","embeddable":true,"href":"https:\/\/paddocktweaks.nl\/de\/wp-json\/wp\/v2\/product_brand?post=4042"},{"taxonomy":"product_cat","embeddable":true,"href":"https:\/\/paddocktweaks.nl\/de\/wp-json\/wp\/v2\/product_cat?post=4042"},{"taxonomy":"product_tag","embeddable":true,"href":"https:\/\/paddocktweaks.nl\/de\/wp-json\/wp\/v2\/product_tag?post=4042"}],"curies":[{"name":"wp","href":"https:\/\/api.w.org\/{rel}","templated":true}]}}