{"id":3878,"date":"2023-12-14T12:25:25","date_gmt":"2023-12-14T10:25:25","guid":{"rendered":"https:\/\/paddocktweaks.nl\/?post_type=product&#038;p=3878"},"modified":"2026-04-09T10:00:24","modified_gmt":"2026-04-09T08:00:24","slug":"heuautomat-haybutler-eckmodell","status":"publish","type":"product","link":"https:\/\/paddocktweaks.nl\/de\/product\/hooivoerautomaat-haybutler-hoekmodel\/","title":{"rendered":"Heuautomat Haybutler (Eckmodell)"},"content":{"rendered":"<p>Klicken Sie <a href=\"https:\/\/paddocktweaks.nl\/de\/heubutler\/\" target=\"_blank\" rel=\"noopener\">hier<\/a> f\u00fcr allgemeine Informationen \u00fcber den Haybutler, die verschiedenen Modelle, M\u00f6glichkeiten und Funktionsweise. Schauen Sie auch auf unsere <a href=\"https:\/\/paddocktweaks.nl\/de\/heubutler\/#faq\" target=\"_blank\" rel=\"noopener\">FAQ<\/a> f\u00fcr Antworten auf h\u00e4ufig gestellte Fragen.<\/p>\n<p>Das Eckmodell kann in der Ecke eines Pferdeunterstandes montiert werden, wie z.B. einer Box oder einem (Schutz-)Stall. Durch die Form dieses Modells nimmt es wenig Platz in Anspruch.<\/p>\n<p>Das Eckmodell kann in der Ecke eines Pferdeunterstandes montiert werden, wie z.B. einer Box oder einem (Schutz-)Stall. Durch die Form dieses Modells nimmt es wenig Platz in Anspruch.<\/p>\n<p>Dieses Modell ist standardm\u00e4\u00dfig mit einem stabilen \"Bumper\" an der Vorderseite ausgestattet, um das Ger\u00e4t vor Scheuern und Schieben zu sch\u00fctzen.<\/p>\n<p>Sie m\u00f6chten Kraftfutter, M\u00fcsli, Kroketten, Heucobs, Hafer usw. f\u00fcttern? Dann werfen Sie einen Blick auf die <a href=\"https:\/\/paddocktweaks.nl\/de\/produkt\/tinybutler\/\">Tinybutler<\/a><\/p>","protected":false},"excerpt":{"rendered":"<div class=\"woocommerce-product-details__short-description\">\n<p>Der <a href=\"https:\/\/paddocktweaks.nl\/de\/heubutler\/\">Haybutler<\/a> ist unser Heufutterautomat. Dieser gibt Ihrem Pferd \u00fcber den Tag verteilt Portionen Heu.<\/p>\n<p>Das Eckmodell kann in der Ecke eines Pferdeunterstandes montiert werden, wie z.B. einer Box oder einem (Schutz-)Stall. Durch die Form dieses Modells nimmt es wenig Platz in Anspruch. Auch geeignet f\u00fcr St\u00e4lle mit Schiebet\u00fcr. Die Maschine ist sicher und glatt verarbeitet und hat keinen Einfluss auf die Abmessungen einer Box, wie die <a href=\"https:\/\/www.fnrs.nl\/?file=9163&amp;m=1685454326&amp;action=file.download\" target=\"_blank\" rel=\"noopener\">FNRS diese misst<\/a>: Du beh\u00e4ltst also deine Punkte\/Sterne.<\/p>\n<p>Auch als Ausf\u00fchrung erh\u00e4ltlich, bei der das Bef\u00fcllen vom Gang aus erfolgen kann (mittels einer \u00d6ffnung in der Stallwand), sodass du den Stall zum Bef\u00fcllen nicht betreten musst.<\/p>\n<p>Diesen Haybutler liefern wir standardm\u00e4\u00dfig mit <a href=\"https:\/\/paddocktweaks.nl\/de\/produkt\/schalldaempfer-haybutler\/\">Schalld\u00e4mpfern<\/a>aus, diese musst du also nicht separat bestellen.<\/p>\n<p><strong>Lieferzeit: 6 Wochen<\/strong><\/p>\n<\/div>\n<p>&nbsp;<\/p>","protected":false},"featured_media":5076,"comment_status":"open","ping_status":"closed","template":"","meta":{"iawp_total_views":1129},"product_brand":[],"product_cat":[19],"product_tag":[],"class_list":{"0":"post-3878","1":"product","2":"type-product","3":"status-publish","4":"has-post-thumbnail","6":"product_cat-haybutler","7":"product_shipping_class-palletvracht","9":"first","10":"onbackorder","11":"taxable","12":"shipping-taxable","13":"purchasable","14":"product-type-variable","15":"has-default-attributes"},"_links":{"self":[{"href":"https:\/\/paddocktweaks.nl\/de\/wp-json\/wp\/v2\/product\/3878","targetHints":{"allow":["GET"]}}],"collection":[{"href":"https:\/\/paddocktweaks.nl\/de\/wp-json\/wp\/v2\/product"}],"about":[{"href":"https:\/\/paddocktweaks.nl\/de\/wp-json\/wp\/v2\/types\/product"}],"replies":[{"embeddable":true,"href":"https:\/\/paddocktweaks.nl\/de\/wp-json\/wp\/v2\/comments?post=3878"}],"wp:featuredmedia":[{"embeddable":true,"href":"https:\/\/paddocktweaks.nl\/de\/wp-json\/wp\/v2\/media\/5076"}],"wp:attachment":[{"href":"https:\/\/paddocktweaks.nl\/de\/wp-json\/wp\/v2\/media?parent=3878"}],"wp:term":[{"taxonomy":"product_brand","embeddable":true,"href":"https:\/\/paddocktweaks.nl\/de\/wp-json\/wp\/v2\/product_brand?post=3878"},{"taxonomy":"product_cat","embeddable":true,"href":"https:\/\/paddocktweaks.nl\/de\/wp-json\/wp\/v2\/product_cat?post=3878"},{"taxonomy":"product_tag","embeddable":true,"href":"https:\/\/paddocktweaks.nl\/de\/wp-json\/wp\/v2\/product_tag?post=3878"}],"curies":[{"name":"wp","href":"https:\/\/api.w.org\/{rel}","templated":true}]}}