{"id":3764,"date":"2023-10-31T14:18:01","date_gmt":"2023-10-31T12:18:01","guid":{"rendered":"https:\/\/paddocktweaks.nl\/?post_type=product&#038;p=3764"},"modified":"2026-02-23T11:10:49","modified_gmt":"2026-02-23T10:10:49","slug":"verlaengerungskabel-haybutler-diy-schloss","status":"publish","type":"product","link":"https:\/\/paddocktweaks.nl\/de\/product\/verlengkabel-haybutler-diy-slot\/","title":{"rendered":"Verl\u00e4ngerungskabel Haybutler DIY-Schloss"},"content":{"rendered":"<p>Ein Verl\u00e4ngerungskabel f\u00fcr dein DIY Haybutler Schloss. Praktisch, wenn du beispielsweise einen gr\u00f6\u00dferen Schrank bauen oder die Bedienung weiter entfernt platzieren m\u00f6chtest!<\/p>","protected":false},"excerpt":{"rendered":"<p>Ein Verl\u00e4ngerungskabel f\u00fcr dein DIY Haybutler Schloss. Praktisch, wenn du beispielsweise einen gr\u00f6\u00dferen Schrank bauen oder die Bedienung weiter entfernt platzieren m\u00f6chtest!<\/p>\n<p>Achtung: Wir empfehlen, das Kabel zum Schloss nicht l\u00e4nger als 5 Meter zu machen.<\/p>","protected":false},"featured_media":4715,"comment_status":"open","ping_status":"closed","template":"","meta":{"iawp_total_views":249},"product_brand":[],"product_cat":[19],"product_tag":[],"class_list":{"0":"post-3764","1":"product","2":"type-product","3":"status-publish","4":"has-post-thumbnail","6":"product_cat-haybutler","7":"product_shipping_class-brievenbuspost","9":"first","10":"instock","11":"taxable","12":"shipping-taxable","13":"purchasable","14":"product-type-variable"},"_links":{"self":[{"href":"https:\/\/paddocktweaks.nl\/de\/wp-json\/wp\/v2\/product\/3764","targetHints":{"allow":["GET"]}}],"collection":[{"href":"https:\/\/paddocktweaks.nl\/de\/wp-json\/wp\/v2\/product"}],"about":[{"href":"https:\/\/paddocktweaks.nl\/de\/wp-json\/wp\/v2\/types\/product"}],"replies":[{"embeddable":true,"href":"https:\/\/paddocktweaks.nl\/de\/wp-json\/wp\/v2\/comments?post=3764"}],"wp:featuredmedia":[{"embeddable":true,"href":"https:\/\/paddocktweaks.nl\/de\/wp-json\/wp\/v2\/media\/4715"}],"wp:attachment":[{"href":"https:\/\/paddocktweaks.nl\/de\/wp-json\/wp\/v2\/media?parent=3764"}],"wp:term":[{"taxonomy":"product_brand","embeddable":true,"href":"https:\/\/paddocktweaks.nl\/de\/wp-json\/wp\/v2\/product_brand?post=3764"},{"taxonomy":"product_cat","embeddable":true,"href":"https:\/\/paddocktweaks.nl\/de\/wp-json\/wp\/v2\/product_cat?post=3764"},{"taxonomy":"product_tag","embeddable":true,"href":"https:\/\/paddocktweaks.nl\/de\/wp-json\/wp\/v2\/product_tag?post=3764"}],"curies":[{"name":"wp","href":"https:\/\/api.w.org\/{rel}","templated":true}]}}