{"id":3690,"date":"2023-10-15T12:05:26","date_gmt":"2023-10-15T10:05:26","guid":{"rendered":"https:\/\/paddocktweaks.nl\/?post_type=product&#038;p=3690"},"modified":"2026-04-06T11:37:42","modified_gmt":"2026-04-06T09:37:42","slug":"heufall","status":"publish","type":"product","link":"https:\/\/paddocktweaks.nl\/de\/product\/hayfall\/","title":{"rendered":"Hayfall"},"content":{"rendered":"<p>Mit diesem praktischen Ger\u00e4t kannst du ein oder mehrere Heunetze zu einer voreingestellten Zeit automatisch fallen lassen.<\/p>\n<p><strong>Verschiedene kreative Aufstellungen m\u00f6glich<\/strong><\/p>\n<p>Es sind viele Aufstellungen denkbar. So kann eine Aufstellung geschaffen werden, indem ein Heunetz hoch in einem (Schutz-)Stall aufgeh\u00e4ngt wird. Wenn die Decke nicht hoch genug ist, k\u00f6nnte eventuell ein Brett davor geh\u00e4ngt werden, um das Heunetz vor den Pferden abzuschirmen, bevor es gefallen ist. Eine andere M\u00f6glichkeit ist, einen hohen Pfahl in den Boden zu setzen und dort das Netz aufzuh\u00e4ngen (siehe Fotos). Die Aufstellung muss nicht unbedingt mit einem Heunetz erfolgen, du kannst auch kreativ mit einer Fallt\u00fcr oder Klappe arbeiten. In der Anleitung (<a href=\"https:\/\/paddocktweaks.nl\/wp-content\/media\/Manual-Hayfall-DE.pdf\" target=\"_blank\" rel=\"noopener\">hier klicken<\/a> zum Herunterladen) und bei den Bewertungen findest du einige Beispiele.<\/p>\n<p><strong>Kein Stromanschluss erforderlich<\/strong><\/p>\n<p>Der Hayfall funktioniert mit vier Mignon-Batterien, was bedeutet, dass du keine Steckdose in der N\u00e4he ben\u00f6tigst. Also keine Sorge wegen Stromkabeln im Pferdebereich.<\/p>\n<p><strong>Das Starterpaket<\/strong><\/p>\n<p>Wenn du den Hayfall kaufst, hast du die Wahl, ihn mit oder ohne Starterpaket zu bestellen. Wir empfehlen, f\u00fcr deine erste Aufstellung das Starterpaket zu w\u00e4hlen. Mit diesem Starterpaket hast du alle notwendigen Dinge im Haus, um eine einfache Aufstellung zu machen.<\/p>\n<p>Die Teile sind getestet und sorgf\u00e4ltig f\u00fcr eine lange Lebensdauer und optimale Funktion in Kombination mit dem Hayfall ausgew\u00e4hlt. Das Paket enth\u00e4lt 8 Meter Seil, 1 Karabinerhaken, 2 Rollen, 2 Schaukelhaken und einige Kabelbinder.<\/p>\n<p>Die Kabelbinder sind f\u00fcr zus\u00e4tzliche Sicherheit gedacht und k\u00f6nnen verwendet werden, um das Heunetz am Karabinerhaken zu befestigen. Es werden Kabelbinder aus einem wichtigen Grund mitgeliefert: Wenn ein Pferd zu stark am Heunetz zieht oder sich darin verf\u00e4ngt, ist es wichtig, dass sich das Heunetz l\u00f6st und nicht das Seil, die Haken und die Rollen.<\/p>\n<p>Wenn du lieber nur das Ger\u00e4t m\u00f6chtest, kannst du den Hayfall ohne Starterpaket bestellen. Dieser wird standardm\u00e4\u00dfig inklusive 4 Mignon-Batterien geliefert. Du sorgst dann selbst f\u00fcr Seil, Haken und Rollen (erh\u00e4ltlich in den meisten Baum\u00e4rkten).<\/p>\n<p><strong>Einfache Platzierung<\/strong><\/p>\n<p>Der Hayfall ist spritzwassergesch\u00fctzt, was bedeutet, dass er gegen leichte Feuchtigkeit best\u00e4ndig ist, aber nicht gegen Regen. Platziere das Ger\u00e4t an einem gesch\u00fctzten Ort, um unn\u00f6tige Feuchtigkeitseinwirkung zu vermeiden, was der Lebensdauer zugutekommt.<\/p>\n<p>Stelle sicher, dass der Untergrund eben ist. Wenn das nicht der Fall ist, kannst du zuerst ein Brett montieren und den Hayfall darauf befestigen.<\/p>\n<p><strong>Kapazit\u00e4t Hayfall<\/strong><\/p>\n<p>Es kann maximal 10 kg Zugkraft auf die Klemme des Hayfall wirken. Wenn es mehr wird, \u00f6ffnet sich die Klemme von selbst. Dies ist eine Sicherung, ohne das Ger\u00e4t dadurch zu besch\u00e4digen. Bei einer Standardaufstellung kannst du also insgesamt 10 kg Heu aufh\u00e4ngen. Mit Hilfe von zus\u00e4tzlichen Rollen k\u00f6nntest du die Kapazit\u00e4t erh\u00f6hen (siehe auch die Beispiele in der <a href=\"https:\/\/paddocktweaks.nl\/wp-content\/media\/Manual-Hayfall-DE.pdf\" target=\"_blank\" rel=\"noopener\">Anleitung<\/a>).<\/p>\n<p>Es kann ein Seil gleichzeitig in das Ger\u00e4t, aber vom Basis-Seil aus kannst du auch mehrere Seile anschlie\u00dfen. So kannst du beispielsweise eine Aufstellung mit 3 Heunetzen machen, pro Heunetz k\u00f6nnen dann problemlos 3 kg Heu (und noch mehr bei Verwendung von zus\u00e4tzlichen Rollen).<\/p>","protected":false},"excerpt":{"rendered":"<p>Mit dem Hayfall kannst du ein oder mehrere Heunetze zu einer voreingestellten Zeit automatisch fallen lassen. So schaffst du einen zus\u00e4tzlichen F\u00fctterungszeitpunkt f\u00fcr deine Pferde. Klicken Sie <a href=\"https:\/\/paddocktweaks.nl\/de\/heufall\/\">hier<\/a> f\u00fcr weitere Informationen \u00fcber den Hayfall, einschlie\u00dflich Praxisbeispielen.<\/p>\n<p>Das optionale Starterpaket enth\u00e4lt 8 Meter <a href=\"https:\/\/paddocktweaks.nl\/de\/produkt\/seil-fuer-hayfall\/\">Seil<\/a>, 1 <a href=\"https:\/\/paddocktweaks.nl\/de\/produkt\/karabinerhaken\/\">Karabinerhaken<\/a>, 2 <a href=\"https:\/\/paddocktweaks.nl\/de\/produkt\/rolle-fuer-hayfall\/\">Rollen<\/a> und 2 extra stabile <a href=\"https:\/\/paddocktweaks.nl\/de\/produkt\/schaukelhaken-fuer-hayfall\/\">Schaukelhaken<\/a>. Klicke auf die Produktlinks, um zus\u00e4tzliche Artikel zu bestellen.<\/p>\n<p><strong>Lieferfrist: 1 Woche.<\/strong><\/p>","protected":false},"featured_media":4616,"comment_status":"open","ping_status":"closed","template":"","meta":{"iawp_total_views":4817},"product_brand":[],"product_cat":[59],"product_tag":[],"class_list":{"0":"post-3690","1":"product","2":"type-product","3":"status-publish","4":"has-post-thumbnail","6":"product_cat-hayfall","7":"product_shipping_class-pakketpost","9":"first","10":"onbackorder","11":"taxable","12":"shipping-taxable","13":"purchasable","14":"product-type-variable"},"_links":{"self":[{"href":"https:\/\/paddocktweaks.nl\/de\/wp-json\/wp\/v2\/product\/3690","targetHints":{"allow":["GET"]}}],"collection":[{"href":"https:\/\/paddocktweaks.nl\/de\/wp-json\/wp\/v2\/product"}],"about":[{"href":"https:\/\/paddocktweaks.nl\/de\/wp-json\/wp\/v2\/types\/product"}],"replies":[{"embeddable":true,"href":"https:\/\/paddocktweaks.nl\/de\/wp-json\/wp\/v2\/comments?post=3690"}],"wp:featuredmedia":[{"embeddable":true,"href":"https:\/\/paddocktweaks.nl\/de\/wp-json\/wp\/v2\/media\/4616"}],"wp:attachment":[{"href":"https:\/\/paddocktweaks.nl\/de\/wp-json\/wp\/v2\/media?parent=3690"}],"wp:term":[{"taxonomy":"product_brand","embeddable":true,"href":"https:\/\/paddocktweaks.nl\/de\/wp-json\/wp\/v2\/product_brand?post=3690"},{"taxonomy":"product_cat","embeddable":true,"href":"https:\/\/paddocktweaks.nl\/de\/wp-json\/wp\/v2\/product_cat?post=3690"},{"taxonomy":"product_tag","embeddable":true,"href":"https:\/\/paddocktweaks.nl\/de\/wp-json\/wp\/v2\/product_tag?post=3690"}],"curies":[{"name":"wp","href":"https:\/\/api.w.org\/{rel}","templated":true}]}}