{"id":2883,"date":"2023-06-08T15:01:31","date_gmt":"2023-06-08T13:01:31","guid":{"rendered":"https:\/\/paddocktweaks.nl\/?post_type=product&#038;p=2883"},"modified":"2026-04-13T10:25:49","modified_gmt":"2026-04-13T08:25:49","slug":"heuautomat-haybutler-wandmodell","status":"publish","type":"product","link":"https:\/\/paddocktweaks.nl\/de\/product\/hooivoerautomaat-haybutler-wandmodel\/","title":{"rendered":"Heu-Futterautomat Haybutler (Wandmodell)"},"content":{"rendered":"<p>Klicken Sie <a href=\"https:\/\/paddocktweaks.nl\/de\/heubutler\/\" target=\"_blank\" rel=\"noopener\">hier<\/a> f\u00fcr allgemeine Informationen \u00fcber den Haybutler, die verschiedenen Modelle, M\u00f6glichkeiten und Funktionsweise. Schauen Sie auch auf unsere <a href=\"https:\/\/paddocktweaks.nl\/de\/heubutler\/#faq\" target=\"_blank\" rel=\"noopener\">FAQ<\/a> f\u00fcr Antworten auf h\u00e4ufig gestellte Fragen.<\/p>\n<p>Das Wandmodell kann innerhalb oder unter einem Vordach an einer Wand aufgeh\u00e4ngt werden. Unter dem Wandmodell kann ein Slowfeeder-Netz montiert werden, in das das Raufutter f\u00e4llt. Das Wandmodell Haybutler kann sowohl au\u00dferhalb als auch innerhalb des Pferdebereichs montiert werden.<\/p>\n<p><strong>Innerhalb des Pferdebereichs<br \/>\n<\/strong>Bei Verwendung innerhalb des Pferdebereichs ist eine T\u00fcr erforderlich. Wir empfehlen, unser Slowfeeder-Netz zu verwenden, das genau die richtige Gr\u00f6\u00dfe hat und das Innere der Maschine vor neugierigen Nasen sch\u00fctzt. Dieses Slowfeeder-Netz ist von hoher Qualit\u00e4t und hat Maschen von 4,5 x 4,5 cm.<br \/>\nUm Sch\u00e4den durch Scheuern\/Schieben zu vermeiden, bieten wir optional einen stabilen <a href=\"https:\/\/paddocktweaks.nl\/de\/produkt\/schutzbuegel-haybutler-wandmodell\/\">Schutzb\u00fcgel<\/a> an. Dieser ist nicht bei allen Pferden notwendig, aber Achtung: Sch\u00e4den durch Scheuern, Treten usw. fallen nicht unter die Garantie.<\/p>\n<p>Die Box kann auch in die Wand zwischen 2 St\u00e4llen eingebaut werden, so dass 2 Pferde gleichzeitig aus dem Slowfeeder-Netz fressen k\u00f6nnen.<\/p>\n<p><strong>Au\u00dferhalb des Pferdebereichs<br \/>\n<\/strong>Die Box kann an der Au\u00dfenseite eines Stallraums (im Gang) montiert werden. Indem man ein Loch durch die Wand unter dem Haybutler macht und das Heu mit einem schr\u00e4gen Brett hindurchgleiten l\u00e4sst, kann das Futter nach innen fallen. Die T\u00fcr und der Schutzb\u00fcgel k\u00f6nnen in diesem Fall weggelassen werden.<\/p>\n<p>Abmessungen Box: H\u00f6he 110 cm, Breite 84 cm, Tiefe 40 cm. Das Netz ist +\/- 90 cm hoch. Wir empfehlen, die Box in 2 m H\u00f6he aufzuh\u00e4ngen (gemessen bis zur Oberkante der Box).<\/p>\n<p>Die Wand muss eben sein. Wenn dies nicht der Fall ist (z. B. bei einer rau gemauerten Wand), empfehlen wir, zuerst eine Betonplexplatte (18 mm dick) zu montieren, an der der Haybutler aufgeh\u00e4ngt werden kann.<\/p>\n<p>Sowohl die T\u00fcr als auch das Slowfeeder-Netz k\u00f6nnen nachtr\u00e4glich bestellt werden. Bei Bestellung inklusive T\u00fcr wird die T\u00fcr von uns im Voraus montiert. Die Drehrichtung kannst du nachtr\u00e4glich selbst noch \u00e4ndern.<\/p>\n<p>Weitere Informationen findest du auf der Produktseite des <a href=\"https:\/\/paddocktweaks.nl\/de\/heubutler\/\">Haybutler<\/a>.<\/p>","protected":false},"excerpt":{"rendered":"<p>Der <a href=\"https:\/\/paddocktweaks.nl\/de\/heubutler\/\">Haybutler<\/a> ist unser Heufutterautomat. Dieser gibt Ihrem Pferd \u00fcber den Tag verteilt Portionen Heu.<\/p>\n<p>Das Wandmodell ist aus hochwertigem Magnelis gefertigt. Aufgrund jahrelanger Erfahrung haben wir uns bewusst f\u00fcr dieses urstarke Material entschieden: Es ist nahezu unzerst\u00f6rbar und absolut vandalensicher!<\/p>\n<p>Du h\u00e4ngst das Modell in wenigen Minuten auf und es ist sofort einsatzbereit. Wir haben uns f\u00fcr Benutzerfreundlichkeit entschieden: Du kannst die Schubladen jederzeit nachf\u00fcllen, ohne das System zur\u00fccksetzen oder Kn\u00f6pfe dr\u00fccken zu m\u00fcssen. Die Bedienung ist so intuitiv, dass sogar ein Nachbar oder Stallhelfer direkt damit arbeiten kann. Einfach f\u00fcllen und fertig!<\/p>\n<p>Das Wandmodell eignet sich f\u00fcr den Einsatz innerhalb des Pferdebereichs (dann empfehlen wir den optionalen <a href=\"https:\/\/paddocktweaks.nl\/de\/produkt\/schutzbuegel-haybutler-wandmodell\/\">Schutzb\u00fcgel<\/a> ), aber auch beispielsweise in einem Heuschuppen, wobei das Heu vom Schuppen durch die Wand in den Stall gelangt.<\/p>\n<p>Steht der Haybutler in der N\u00e4he eines Schlafzimmerfensters oder des Gartens der Nachbarn? dann kann es ratsam sein, diesen mit <a href=\"https:\/\/paddocktweaks.nl\/de\/produkt\/schalldaempfer-haybutler\/\">Schalld\u00e4mpfern<\/a>zus\u00e4tzlich zu d\u00e4mmen. Pferde haben selten Probleme mit dem Ger\u00e4usch der fallenden Lade (= Essen!). Wenn du ein D\u00e4mpferset bestellst, werden wir dieses bereits montieren.<\/p>\n<p>Sie m\u00f6chten Kraftfutter, M\u00fcsli, Kroketten, Heucobs, Hafer usw. f\u00fcttern? Dann werfen Sie einen Blick auf die <a href=\"https:\/\/paddocktweaks.nl\/de\/tinybutler\/\">Tinybutler<\/a><\/p>\n<p><strong>Lieferzeit: 4 Wochen<\/strong><\/p>","protected":false},"featured_media":5073,"comment_status":"open","ping_status":"closed","template":"","meta":{"iawp_total_views":2371},"product_brand":[],"product_cat":[19],"product_tag":[],"class_list":{"0":"post-2883","1":"product","2":"type-product","3":"status-publish","4":"has-post-thumbnail","6":"product_cat-haybutler","7":"product_shipping_class-palletvracht","9":"first","10":"instock","11":"taxable","12":"shipping-taxable","13":"purchasable","14":"product-type-variable","15":"has-default-attributes"},"_links":{"self":[{"href":"https:\/\/paddocktweaks.nl\/de\/wp-json\/wp\/v2\/product\/2883","targetHints":{"allow":["GET"]}}],"collection":[{"href":"https:\/\/paddocktweaks.nl\/de\/wp-json\/wp\/v2\/product"}],"about":[{"href":"https:\/\/paddocktweaks.nl\/de\/wp-json\/wp\/v2\/types\/product"}],"replies":[{"embeddable":true,"href":"https:\/\/paddocktweaks.nl\/de\/wp-json\/wp\/v2\/comments?post=2883"}],"wp:featuredmedia":[{"embeddable":true,"href":"https:\/\/paddocktweaks.nl\/de\/wp-json\/wp\/v2\/media\/5073"}],"wp:attachment":[{"href":"https:\/\/paddocktweaks.nl\/de\/wp-json\/wp\/v2\/media?parent=2883"}],"wp:term":[{"taxonomy":"product_brand","embeddable":true,"href":"https:\/\/paddocktweaks.nl\/de\/wp-json\/wp\/v2\/product_brand?post=2883"},{"taxonomy":"product_cat","embeddable":true,"href":"https:\/\/paddocktweaks.nl\/de\/wp-json\/wp\/v2\/product_cat?post=2883"},{"taxonomy":"product_tag","embeddable":true,"href":"https:\/\/paddocktweaks.nl\/de\/wp-json\/wp\/v2\/product_tag?post=2883"}],"curies":[{"name":"wp","href":"https:\/\/api.w.org\/{rel}","templated":true}]}}