{"id":2094,"date":"2022-11-16T08:49:07","date_gmt":"2022-11-16T06:49:07","guid":{"rendered":"https:\/\/paddocktweaks.nl\/?post_type=product&#038;p=2094"},"modified":"2026-04-14T06:51:40","modified_gmt":"2026-04-14T04:51:40","slug":"waterbuddy","status":"publish","type":"product","link":"https:\/\/paddocktweaks.nl\/de\/product\/waterbuddy\/","title":{"rendered":"Waterbuddy"},"content":{"rendered":"<p>Kennst du das? Noch schnell die Wasserbeh\u00e4lter f\u00fcllen und zwischendurch kurz ausmisten. Pl\u00f6tzlich f\u00e4llt dir wieder ein, dass du ja auch die Wasserbeh\u00e4lter bef\u00fcllen wolltest, und tats\u00e4chlich steht der ganze Paddock wieder unter Wasser. Das geh\u00f6rt jetzt mit dem Waterbuddy der Vergangenheit an!<\/p>\n<p>Der Waterbuddy ist ein praktisches Hilfsmittel, das du zum Bef\u00fcllen der Wasserbeh\u00e4lter verwenden kannst. Der Waterbuddy funktioniert mit einem Schwimmer, der beim Steigen des Wassers langsam nach oben geht. Wenn der Schwimmer vollst\u00e4ndig im Beh\u00e4lter sitzt, stoppt die Wasserzufuhr automatisch.<\/p>\n<p>Dadurch, dass du den Gartenschlauch am Waterbuddy befestigst, der mit Schrauben an deinem Wasserbeh\u00e4lter sitzt, verhinderst du auch, dass der Gartenschlauch beim Bef\u00fcllen ein Eigenleben entwickelt, wodurch das Wasser \u00fcberall hinkommt, nur nicht in den Wasserbeh\u00e4lter.<\/p>\n<p>Du kannst ihn nur w\u00e4hrend des Bef\u00fcllens verwenden oder den Waterbuddy h\u00e4ngen lassen, sodass sich der Wasserbeh\u00e4lter nach dem Trinken automatisch wieder f\u00fcllt.<\/p>\n<p>Der Waterbuddy ist aus Edelstahl und hat 2 Aufh\u00e4ngeb\u00fcgel zur einfachen Befestigung am Wasserbeh\u00e4lter.<\/p>\n<p>Achte darauf, dass zum Befestigen eines Gartenschlauchs am Waterbuddy noch ein Wasserhahnst\u00fcck ben\u00f6tigt wird, das bei der Bestellung ausgew\u00e4hlt werden kann.<\/p>\n<p><strong>Achtung<\/strong>: Verwendest du eine Grundwasserpumpe? Diese haben manchmal einen viel h\u00f6heren Wasserdruck als eine Standard-Wasserleitung, wodurch der Waterbuddy undicht werden kann. Wir raten daher von der Verwendung mit einer Grundwasserpumpe ab, es sei denn, diese hat einen Druckregler. Es ist auch m\u00f6glich, einen separaten Druckregler zu verwenden (erh\u00e4ltlich im gut sortierten Baumarkt oder beim Klempner).<\/p>\n<p>&nbsp;<\/p>\n<p>&nbsp;<\/p>","protected":false},"excerpt":{"rendered":"<p>Praktisches Hilfsmittel beim Nachf\u00fcllen der Wasserbeh\u00e4lter. Nie mehr \u00fcberlaufene Wasserbeh\u00e4lter oder Gartenschl\u00e4uche, die ein Eigenleben entwickeln!<\/p>\n<p class=\"translation-block\">Bist du neugierig, wie du den Waterbuddy zusammenbaust? Dann schau dir dieses <a href=\"https:\/\/www.youtube.com\/watch?v=KdPd9bOZSm0\" target=\"_blank\" rel=\"noopener\">Video<\/a> an<\/p>\n<p><strong>Lieferzeit 1-3 Werktage.<\/strong><\/p>","protected":false},"featured_media":7894,"comment_status":"open","ping_status":"closed","template":"","meta":{"iawp_total_views":2191},"product_brand":[],"product_cat":[46],"product_tag":[],"class_list":{"0":"post-2094","1":"product","2":"type-product","3":"status-publish","4":"has-post-thumbnail","6":"product_cat-waterbuddy","7":"product_shipping_class-pakketpost","9":"first","10":"instock","11":"taxable","12":"shipping-taxable","13":"purchasable","14":"product-type-variable","15":"has-default-attributes"},"_links":{"self":[{"href":"https:\/\/paddocktweaks.nl\/de\/wp-json\/wp\/v2\/product\/2094","targetHints":{"allow":["GET"]}}],"collection":[{"href":"https:\/\/paddocktweaks.nl\/de\/wp-json\/wp\/v2\/product"}],"about":[{"href":"https:\/\/paddocktweaks.nl\/de\/wp-json\/wp\/v2\/types\/product"}],"replies":[{"embeddable":true,"href":"https:\/\/paddocktweaks.nl\/de\/wp-json\/wp\/v2\/comments?post=2094"}],"wp:featuredmedia":[{"embeddable":true,"href":"https:\/\/paddocktweaks.nl\/de\/wp-json\/wp\/v2\/media\/7894"}],"wp:attachment":[{"href":"https:\/\/paddocktweaks.nl\/de\/wp-json\/wp\/v2\/media?parent=2094"}],"wp:term":[{"taxonomy":"product_brand","embeddable":true,"href":"https:\/\/paddocktweaks.nl\/de\/wp-json\/wp\/v2\/product_brand?post=2094"},{"taxonomy":"product_cat","embeddable":true,"href":"https:\/\/paddocktweaks.nl\/de\/wp-json\/wp\/v2\/product_cat?post=2094"},{"taxonomy":"product_tag","embeddable":true,"href":"https:\/\/paddocktweaks.nl\/de\/wp-json\/wp\/v2\/product_tag?post=2094"}],"curies":[{"name":"wp","href":"https:\/\/api.w.org\/{rel}","templated":true}]}}