{"id":1769,"date":"2022-05-25T12:45:30","date_gmt":"2022-05-25T10:45:30","guid":{"rendered":"https:\/\/paddocktweaks.nl\/?post_type=product&#038;p=1769"},"modified":"2026-04-01T15:22:07","modified_gmt":"2026-04-01T13:22:07","slug":"befestigungsschienen-feed-x-gate-timer","status":"publish","type":"product","link":"https:\/\/paddocktweaks.nl\/de\/product\/bevestigingsrails-gate-timer\/","title":{"rendered":"Zus\u00e4tzliche Befestigungsschienen Feed-X Gate Timer"},"content":{"rendered":"<p>Beim Kauf eines Feed-X Gate Timers wird standardm\u00e4\u00dfig eine Befestigungsschiene mitgeliefert. Wenn du den Feed-X Gate Timer auf mehreren Weiden verwenden m\u00f6chtest, kannst du ihn einfach verstellen, indem du an mehreren Stellen eine Befestigungsschiene montierst.<\/p>\n<p>Die Befestigungsschiene wird standardm\u00e4\u00dfig mit 2 Schrauben geliefert.<\/p>","protected":false},"excerpt":{"rendered":"<p>Zus\u00e4tzliche Befestigungsschienen, damit du den Feed-X Gate Timer einfach an mehreren Stellen montieren kannst.<\/p>\n<p>&nbsp;<\/p>","protected":false},"featured_media":4714,"comment_status":"open","ping_status":"closed","template":"","meta":{"iawp_total_views":49},"product_brand":[],"product_cat":[47],"product_tag":[],"class_list":{"0":"post-1769","1":"product","2":"type-product","3":"status-publish","4":"has-post-thumbnail","6":"product_cat-automatische-weideopener","7":"product_shipping_class-brievenbuspost","9":"first","10":"instock","11":"taxable","12":"shipping-taxable","13":"purchasable","14":"product-type-simple"},"_links":{"self":[{"href":"https:\/\/paddocktweaks.nl\/de\/wp-json\/wp\/v2\/product\/1769","targetHints":{"allow":["GET"]}}],"collection":[{"href":"https:\/\/paddocktweaks.nl\/de\/wp-json\/wp\/v2\/product"}],"about":[{"href":"https:\/\/paddocktweaks.nl\/de\/wp-json\/wp\/v2\/types\/product"}],"replies":[{"embeddable":true,"href":"https:\/\/paddocktweaks.nl\/de\/wp-json\/wp\/v2\/comments?post=1769"}],"wp:featuredmedia":[{"embeddable":true,"href":"https:\/\/paddocktweaks.nl\/de\/wp-json\/wp\/v2\/media\/4714"}],"wp:attachment":[{"href":"https:\/\/paddocktweaks.nl\/de\/wp-json\/wp\/v2\/media?parent=1769"}],"wp:term":[{"taxonomy":"product_brand","embeddable":true,"href":"https:\/\/paddocktweaks.nl\/de\/wp-json\/wp\/v2\/product_brand?post=1769"},{"taxonomy":"product_cat","embeddable":true,"href":"https:\/\/paddocktweaks.nl\/de\/wp-json\/wp\/v2\/product_cat?post=1769"},{"taxonomy":"product_tag","embeddable":true,"href":"https:\/\/paddocktweaks.nl\/de\/wp-json\/wp\/v2\/product_tag?post=1769"}],"curies":[{"name":"wp","href":"https:\/\/api.w.org\/{rel}","templated":true}]}}