{"id":1174,"date":"2021-10-13T07:57:58","date_gmt":"2021-10-13T05:57:58","guid":{"rendered":"https:\/\/paddocktweaks.nl\/?post_type=product&#038;p=1174"},"modified":"2026-04-08T22:48:31","modified_gmt":"2026-04-08T20:48:31","slug":"diy-bausatz-haybutler","status":"publish","type":"product","link":"https:\/\/paddocktweaks.nl\/de\/product\/doe-het-zelf-haybutler\/","title":{"rendered":"DIY Haybutler"},"content":{"rendered":"<p>Klicken Sie <a href=\"https:\/\/paddocktweaks.nl\/de\/diy-haybutler-bausatz\/\">hier<\/a> f\u00fcr allgemeine Informationen \u00fcber den DIY Haybutler, die verschiedenen Modelle, M\u00f6glichkeiten und Funktionsweise. Schauen Sie auch auf unsere <a href=\"https:\/\/paddocktweaks.nl\/de\/haufig-gestellte-fragen\/\">FAQ<\/a> f\u00fcr Antworten auf h\u00e4ufig gestellte Fragen.<\/p>\n<p>Bist du handwerklich geschickt und kreativ? Suchst du eine alternative Version eines Heu-Futterautomaten, die besser zu deinen W\u00fcnschen passt, beispielsweise h\u00f6her, breiter oder mit einer T\u00fcr an einer anderen Seite? Dann haben wir das perfekte Produkt f\u00fcr dich: das Haybutler DIY-Paket, oder der \u201eDo It Yourself\u201c-Haybutler!<\/p>\n<p>Wir haben Baus\u00e4tze f\u00fcr die h\u00e4ufigsten Modelle zusammengestellt. Der Bausatz enth\u00e4lt ausf\u00fchrliche Anleitungen f\u00fcr den Bau dieses Modells und alle Teile f\u00fcr einen Schrank mit 4 B\u00f6den. Nur das Holz besorgst du selbst. <span class=\"box\">\ud83d\udca1<\/span> Tipp: Lass es im Baumarkt zus\u00e4gen. Das ist oft kostenlos und mit dem mitgelieferten S\u00e4geplan im Handumdrehen erledigt!<\/p>\n<p>Eine \u00dcbersicht aller Baus\u00e4tze findest du <a href=\"https:\/\/paddocktweaks.nl\/de\/diy-haybutler-bausatz\/#models\">hier<\/a>.<\/p>\n<p>M\u00f6chtest du etwas anderes machen? W\u00e4hle dann bei <em>Bausatz\u00a0<\/em>die Option <em>kein (nur Schl\u00f6sser, Kabel und Bedienfeld)<\/em>.  In diesem Fall entwirfst du den Schrank komplett selbst und verwendest unser DIY-Paket zur Automatisierung deines Schranks. Du kannst in diesem Fall auch weniger Schl\u00f6sser (1 bis 4) w\u00e4hlen.<\/p>\n<p>Wusstest du, dass diverse Teile unseres Standard-Haybutlers auch f\u00fcr deinen DIY-Futterautomaten geeignet sind? Zum Beispiel:<\/p>\n<ul>\n<li><a href=\"https:\/\/paddocktweaks.nl\/de\/produkt\/schalldaempfer-haybutler\/\">Ger\u00e4uschd\u00e4mpfer<\/a> f\u00fcr einen fl\u00fcsterleisen Betrieb (standardm\u00e4\u00dfig im Modell A-XL enthalten)<\/li>\n<li><a href=\"https:\/\/paddocktweaks.nl\/de\/produkt\/heuraufe-haybutler-freistehendes-modell-und-diy\/\">Raufe mit Slowfeedernetz<\/a> f\u00fcr Schr\u00e4nke von 60 cm Breite \u2013 damit das Heu nicht wegweht und dein Pferd nicht zu schnell fressen kann<\/li>\n<li><a href=\"https:\/\/paddocktweaks.nl\/de\/produkt\/schloss-fuer-haybutler\/\">Ladenschloss<\/a> zum Erweitern (bis max. 4) \u2013 falls du deinen Schrank mit einer zus\u00e4tzlichen Lade versehen m\u00f6chtest<\/li>\n<li><a href=\"https:\/\/paddocktweaks.nl\/de\/produkt\/verlaengerungskabel-haybutler-diy-schloss\/\">Verl\u00e4ngerungskabel<\/a> f\u00fcr gro\u00dfe Schr\u00e4nke<\/li>\n<li><a href=\"https:\/\/paddocktweaks.nl\/de\/produkt\/tuerblockierung-fuer-haybutler\/\">T\u00fcrblockierung<\/a> um die T\u00fcr bei windigem Wetter offen stehen zu lassen<\/li>\n<\/ul>\n<p>M\u00f6chtest du Mash, Kraftfutter, Heu, M\u00fcsli, Pellets, Heucobs, Hafer usw. f\u00fcttern? Dann schau dir mal den <a href=\"https:\/\/paddocktweaks.nl\/de\/produkt\/tinybutler\/\">Tinybutler<\/a>an: ein Bausatz auf Basis des DIY-Pakets mit allem, was man zum Zusammenbauen eines Futterautomaten ben\u00f6tigt.<\/p>","protected":false},"excerpt":{"rendered":"<p>Bist du handwerklich geschickt und suchst du eine alternative Version eines Heu-Futterautomaten, die besser zu deinen W\u00fcnschen passt, beispielsweise h\u00f6her, breiter oder mit einer T\u00fcr an einer anderen Seite? Dann haben wir das perfekte Produkt f\u00fcr dich: das Haybutler DIY-Paket!<\/p>\n<p>Weitere Informationen findest du in der ausf\u00fchrlichen Beschreibung unten \ud83d\udc47<\/p>\n<p><strong>Lieferzeit: 3\u20135 Werktage<\/strong><\/p>","protected":false},"featured_media":6922,"comment_status":"open","ping_status":"closed","template":"","meta":{"iawp_total_views":6428},"product_brand":[],"product_cat":[19],"product_tag":[],"class_list":{"0":"post-1174","1":"product","2":"type-product","3":"status-publish","4":"has-post-thumbnail","6":"product_cat-haybutler","7":"product_shipping_class-pakketpost","9":"first","10":"instock","11":"taxable","12":"shipping-taxable","13":"purchasable","14":"product-type-variable","15":"has-default-attributes"},"_links":{"self":[{"href":"https:\/\/paddocktweaks.nl\/de\/wp-json\/wp\/v2\/product\/1174","targetHints":{"allow":["GET"]}}],"collection":[{"href":"https:\/\/paddocktweaks.nl\/de\/wp-json\/wp\/v2\/product"}],"about":[{"href":"https:\/\/paddocktweaks.nl\/de\/wp-json\/wp\/v2\/types\/product"}],"replies":[{"embeddable":true,"href":"https:\/\/paddocktweaks.nl\/de\/wp-json\/wp\/v2\/comments?post=1174"}],"wp:featuredmedia":[{"embeddable":true,"href":"https:\/\/paddocktweaks.nl\/de\/wp-json\/wp\/v2\/media\/6922"}],"wp:attachment":[{"href":"https:\/\/paddocktweaks.nl\/de\/wp-json\/wp\/v2\/media?parent=1174"}],"wp:term":[{"taxonomy":"product_brand","embeddable":true,"href":"https:\/\/paddocktweaks.nl\/de\/wp-json\/wp\/v2\/product_brand?post=1174"},{"taxonomy":"product_cat","embeddable":true,"href":"https:\/\/paddocktweaks.nl\/de\/wp-json\/wp\/v2\/product_cat?post=1174"},{"taxonomy":"product_tag","embeddable":true,"href":"https:\/\/paddocktweaks.nl\/de\/wp-json\/wp\/v2\/product_tag?post=1174"}],"curies":[{"name":"wp","href":"https:\/\/api.w.org\/{rel}","templated":true}]}}