{"id":1005,"date":"2021-08-08T20:50:31","date_gmt":"2021-08-08T18:50:31","guid":{"rendered":"https:\/\/paddocktweaks.nl\/?post_type=product&#038;p=1005"},"modified":"2026-04-13T16:30:00","modified_gmt":"2026-04-13T14:30:00","slug":"einfaches-flaschenzugsystem-g11","status":"publish","type":"product","link":"https:\/\/paddocktweaks.nl\/de\/product\/enkel-katrol-systeem-g11\/","title":{"rendered":"Einfaches Flaschenzugsystem (G11)"},"content":{"rendered":"<p>Um eine Weide automatisch zu \u00f6ffnen, ben\u00f6tigst du neben dem <em><a href=\"https:\/\/paddocktweaks.nl\/de\/produkt\/feed-x-gate-timer\/\">Feed-X Gate Timer<\/a>\u00a0<\/em>auch ein System, um die Weide selbst zu \u00f6ffnen. Dieses einfache Flaschenzugsystem ist die einfachste, aber sicherlich effektive Ausf\u00fchrung.<\/p>\n<p>Da das System mit Flaschenz\u00fcgen arbeitet, \u00f6ffnet sich der Schreckdraht langsam. Weitere Erkl\u00e4rungen zu diesem Konzept findest du auf der <a href=\"https:\/\/paddocktweaks.nl\/de\/feed-x-gate-timer\/#main\"><em>Produktseite<\/em><\/a> des Systems.<\/p>\n<p>Was ist im Paket dieses Systems enthalten:<\/p>\n<ul>\n<li>Bl\u00f6cke und Gewicht<\/li>\n<li>Montageschraube<\/li>\n<li>Isolierh\u00fclsen und Abstandshalter<\/li>\n<li>Pfahlklemme<\/li>\n<li>Torgriff<\/li>\n<li>Gebrauchsanweisung<\/li>\n<\/ul>\n<p><strong>Download<\/strong><\/p>\n<p><a href=\"https:\/\/www.feed-x.se\/viewpdf.html?pdf=g11_manual_2_8_a3_en.pdf&amp;backstack=%2Finternational.html%3BIn+English\" target=\"_new\" rel=\"noopener\">G11-Handbuch (EN)<\/a><\/p>\n<p><strong>Der\u00a0<a href=\"https:\/\/paddocktweaks.nl\/de\/produkt\/feed-x-gate-timer\/\">Feed-X Gate Timer<\/a>\u00a0ist nicht im Paket enthalten, diesen musst du separat in den Warenkorb legen!<\/strong><\/p>\n<p><iframe title=\"Feed-X G11 Automatisches F\u00fctterungssystem f\u00fcr Pferde und Tiere.\" width=\"500\" height=\"375\" src=\"https:\/\/www.youtube.com\/embed\/k3trVl2mzKA?feature=oembed\" frameborder=\"0\" allow=\"accelerometer; autoplay; clipboard-write; encrypted-media; gyroscope; picture-in-picture; web-share\" referrerpolicy=\"strict-origin-when-cross-origin\" allowfullscreen><\/iframe><\/p>\n<p><strong>\u00a0<\/strong><\/p>","protected":false},"excerpt":{"rendered":"<p>Um eine Weide automatisch zu \u00f6ffnen, ben\u00f6tigst du neben dem <em><a href=\"https:\/\/paddocktweaks.nl\/de\/produkt\/feed-x-gate-timer\/\">Feed-X Gate Timer<\/a>\u00a0<\/em>auch ein System, um die Weide selbst zu \u00f6ffnen. Dieses einfache Flaschenzugsystem ist die einfachste, aber sicherlich effektive Ausf\u00fchrung.<\/p>\n<p><strong>Lieferzeit (falls vorr\u00e4tig): 1-3 Werktage<br \/>\nLieferzeit (bei Nachbestellung): 2 Wochen<\/strong><\/p>","protected":false},"featured_media":4711,"comment_status":"open","ping_status":"closed","template":"","meta":{"iawp_total_views":415},"product_brand":[],"product_cat":[47],"product_tag":[],"class_list":{"0":"post-1005","1":"product","2":"type-product","3":"status-publish","4":"has-post-thumbnail","6":"product_cat-automatische-weideopener","7":"product_shipping_class-pakketpost","9":"first","10":"instock","11":"taxable","12":"shipping-taxable","13":"purchasable","14":"product-type-simple"},"_links":{"self":[{"href":"https:\/\/paddocktweaks.nl\/de\/wp-json\/wp\/v2\/product\/1005","targetHints":{"allow":["GET"]}}],"collection":[{"href":"https:\/\/paddocktweaks.nl\/de\/wp-json\/wp\/v2\/product"}],"about":[{"href":"https:\/\/paddocktweaks.nl\/de\/wp-json\/wp\/v2\/types\/product"}],"replies":[{"embeddable":true,"href":"https:\/\/paddocktweaks.nl\/de\/wp-json\/wp\/v2\/comments?post=1005"}],"wp:featuredmedia":[{"embeddable":true,"href":"https:\/\/paddocktweaks.nl\/de\/wp-json\/wp\/v2\/media\/4711"}],"wp:attachment":[{"href":"https:\/\/paddocktweaks.nl\/de\/wp-json\/wp\/v2\/media?parent=1005"}],"wp:term":[{"taxonomy":"product_brand","embeddable":true,"href":"https:\/\/paddocktweaks.nl\/de\/wp-json\/wp\/v2\/product_brand?post=1005"},{"taxonomy":"product_cat","embeddable":true,"href":"https:\/\/paddocktweaks.nl\/de\/wp-json\/wp\/v2\/product_cat?post=1005"},{"taxonomy":"product_tag","embeddable":true,"href":"https:\/\/paddocktweaks.nl\/de\/wp-json\/wp\/v2\/product_tag?post=1005"}],"curies":[{"name":"wp","href":"https:\/\/api.w.org\/{rel}","templated":true}]}}