{"id":1004,"date":"2021-08-08T20:47:35","date_gmt":"2021-08-08T18:47:35","guid":{"rendered":"https:\/\/paddocktweaks.nl\/?post_type=product&#038;p=1004"},"modified":"2026-02-16T09:36:33","modified_gmt":"2026-02-16T08:36:33","slug":"doppel-flaschenzugsystem-g112","status":"publish","type":"product","link":"https:\/\/paddocktweaks.nl\/de\/product\/dubbel-katrolsysteem-g112\/","title":{"rendered":"Doppel-Flaschenzugsystem (G112)"},"content":{"rendered":"<p>Um eine Weide automatisch zu \u00f6ffnen, ben\u00f6tigst du neben dem <em><a href=\"https:\/\/paddocktweaks.nl\/de\/produkt\/feed-x-gate-timer\/\">Feed-X Gate Timer<\/a>\u00a0<\/em>auch ein System, um die Weide selbst zu \u00f6ffnen. Dieses doppelte Flaschenzugsystem ist beispielsweise praktisch, wenn dein Pferd leicht unter den Dr\u00e4hten durchkommt.<\/p>\n<p>Dadurch, dass das System mit Flaschenz\u00fcgen arbeitet, \u00f6ffnet sich der Stromdraht langsam. F\u00fcr weitere Erkl\u00e4rungen zu diesem Konzept besuche die <a href=\"https:\/\/paddocktweaks.nl\/de\/feed-x-gate-timer\/#main\"><em>Produktseite<\/em><\/a>\u00a0des Systems.<\/p>\n<p>Was ist alles im Paket dieses Systems enthalten:<\/p>\n<ul>\n<li>Bl\u00f6cke und Gewicht<\/li>\n<li>Montageschrauben<\/li>\n<li>Isolierh\u00fclsen und Abstandshalter<\/li>\n<li>Stromdraht und Verteilerleitungen<\/li>\n<li>Torgriff<\/li>\n<li>Magnethalter<\/li>\n<li>Ringisolatoren<\/li>\n<li>Gebrauchsanweisung<\/li>\n<\/ul>\n<p><strong>Download<\/strong><\/p>\n<p><a href=\"https:\/\/www.feed-x.se\/viewpdf.html?pdf=g112_manual_2_8_a3_en.pdf&amp;backstack=%2Finternational.html%3BIn+English\" target=\"_new\" rel=\"noopener\">G112-Handbuch (EN)<\/a><\/p>\n<p><strong>Der <a href=\"https:\/\/paddocktweaks.nl\/de\/produkt\/feed-x-gate-timer\/\">Feed-X Gate Timer<\/a> ist nicht im Paket enthalten, diesen musst du separat in den Warenkorb legen!<\/strong><\/p>\n<p><iframe title=\"Automatischer Weide\u00f6ffner: Feed-X Gate Timer mit Doppeldraht-Rollensystem.\" width=\"500\" height=\"281\" src=\"https:\/\/www.youtube.com\/embed\/gad7pVNyZ9g?feature=oembed\" frameborder=\"0\" allow=\"accelerometer; autoplay; clipboard-write; encrypted-media; gyroscope; picture-in-picture; web-share\" referrerpolicy=\"strict-origin-when-cross-origin\" allowfullscreen><\/iframe><\/p>","protected":false},"excerpt":{"rendered":"<p style=\"text-align: left;\">Um eine Weide automatisch zu \u00f6ffnen, ben\u00f6tigst du neben dem\u00a0<em><a href=\"https:\/\/paddocktweaks.nl\/de\/produkt\/feed-x-gate-timer\/\">Feed-X Gate Timer<\/a>\u00a0<\/em>auch ein System, um die Weide selbst zu \u00f6ffnen. Dieses doppelte Flaschenzugsystem ist beispielsweise praktisch, wenn dein Pferd leicht unter den Dr\u00e4hten durchkommt.<\/p>\n<p><strong>Lieferzeit (falls vorr\u00e4tig): 1-3 Werktage<br \/>\nLieferzeit (bei Nachbestellung): 2 Wochen<\/strong><\/p>","protected":false},"featured_media":4744,"comment_status":"open","ping_status":"closed","template":"","meta":{"iawp_total_views":443},"product_brand":[],"product_cat":[47],"product_tag":[],"class_list":{"0":"post-1004","1":"product","2":"type-product","3":"status-publish","4":"has-post-thumbnail","6":"product_cat-automatische-weideopener","7":"product_shipping_class-pakketpost","9":"first","10":"instock","11":"taxable","12":"shipping-taxable","13":"purchasable","14":"product-type-simple"},"_links":{"self":[{"href":"https:\/\/paddocktweaks.nl\/de\/wp-json\/wp\/v2\/product\/1004","targetHints":{"allow":["GET"]}}],"collection":[{"href":"https:\/\/paddocktweaks.nl\/de\/wp-json\/wp\/v2\/product"}],"about":[{"href":"https:\/\/paddocktweaks.nl\/de\/wp-json\/wp\/v2\/types\/product"}],"replies":[{"embeddable":true,"href":"https:\/\/paddocktweaks.nl\/de\/wp-json\/wp\/v2\/comments?post=1004"}],"wp:featuredmedia":[{"embeddable":true,"href":"https:\/\/paddocktweaks.nl\/de\/wp-json\/wp\/v2\/media\/4744"}],"wp:attachment":[{"href":"https:\/\/paddocktweaks.nl\/de\/wp-json\/wp\/v2\/media?parent=1004"}],"wp:term":[{"taxonomy":"product_brand","embeddable":true,"href":"https:\/\/paddocktweaks.nl\/de\/wp-json\/wp\/v2\/product_brand?post=1004"},{"taxonomy":"product_cat","embeddable":true,"href":"https:\/\/paddocktweaks.nl\/de\/wp-json\/wp\/v2\/product_cat?post=1004"},{"taxonomy":"product_tag","embeddable":true,"href":"https:\/\/paddocktweaks.nl\/de\/wp-json\/wp\/v2\/product_tag?post=1004"}],"curies":[{"name":"wp","href":"https:\/\/api.w.org\/{rel}","templated":true}]}}