{"id":1001,"date":"2021-08-08T20:31:33","date_gmt":"2021-08-08T18:31:33","guid":{"rendered":"https:\/\/paddocktweaks.nl\/?post_type=product&#038;p=1001"},"modified":"2026-03-19T09:39:24","modified_gmt":"2026-03-19T08:39:24","slug":"haspelsystem-g15-feed-x-gate-timer","status":"publish","type":"product","link":"https:\/\/paddocktweaks.nl\/de\/product\/haspel-g15-t-b-v-gate-time-opener\/","title":{"rendered":"Haspelsystem (G15)"},"content":{"rendered":"<p>Dieses Haspelsystem ist eine Erg\u00e4nzung zum <em><a href=\"https:\/\/paddocktweaks.nl\/de\/produkt\/feed-x-gate-timer\/#main\">Feed-X Gate Timer<\/a><\/em>\u00a0 . Der Feed-X Gate Timer muss also noch separat in deinen Warenkorb gelegt werden. Mit dieser Haspel kann eine Distanz von 15 Metern \u00fcberbr\u00fcckt werden. Hiermit kannst du nicht nur automatisch die Weide \u00f6ffnen, sondern auch einen Teil des Paddocks damit abtrennen. Wo du beispielsweise eine Portion Heu oder Brocken hingelegt hast, wodurch du einen F\u00fctterungszeitpunkt hinausz\u00f6gern kannst.<\/p>\n<p>Was ist im Paket dieses Systems enthalten:<\/p>\n<ul>\n<li>Federhaspel mit Weidezaunlitze<\/li>\n<li>Torgriff<\/li>\n<li>Montageschraube<\/li>\n<li>Isolierh\u00fclsen und Abstandshalter<\/li>\n<li>Gebrauchsanweisung<\/li>\n<\/ul>\n<p><strong>Download<\/strong><\/p>\n<p><a href=\"https:\/\/www.feed-x.se\/viewpdf.html?pdf=g15_manual_2_7_en.pdf&amp;backstack=%2Finternational.html%3BIn+English\" target=\"_new\" rel=\"noopener\">G15 Anleitung (EN)<\/a><\/p>\n<p><strong>Der\u00a0<a href=\"https:\/\/paddocktweaks.nl\/de\/produkt\/feed-x-gate-timer\/\">Feed-X Gate Timer<\/a>\u00a0ist nicht im Paket enthalten, diesen musst du separat in den Warenkorb legen!<\/strong><\/p>\n<p><iframe title=\"Feed-X G15 - Automatisiertes F\u00fctterungssystem f\u00fcr Pferde und Tiere.\" width=\"500\" height=\"375\" src=\"https:\/\/www.youtube.com\/embed\/NfIoNq96PBM?feature=oembed\" frameborder=\"0\" allow=\"accelerometer; autoplay; clipboard-write; encrypted-media; gyroscope; picture-in-picture; web-share\" referrerpolicy=\"strict-origin-when-cross-origin\" allowfullscreen><\/iframe><\/p>","protected":false},"excerpt":{"rendered":"<p>Um eine Weide automatisch zu \u00f6ffnen, ben\u00f6tigst du neben dem <em><a href=\"https:\/\/paddocktweaks.nl\/de\/produkt\/feed-x-gate-timer\/\">Feed-X Gate Timer<\/a>\u00a0<\/em>auch ein System, um die Weide selbst zu \u00f6ffnen. Dieses Haspelsystem rollt sich von selbst auf, nachdem der Feed-X Gate Timer ausgel\u00f6st hat. Mit diesem System kannst du eine Distanz von maximal 15 Metern \u00fcberbr\u00fccken.<br \/>\nDieses Haspelsystem ist eine angepasste Version der Standardhaspel von Gallagher: Es ist eine Schwungradbremse eingebaut, um sicherzustellen, dass sie langsam zur\u00fcckl\u00e4uft, sodass sie nicht wie eine Peitsche zur\u00fcckfliegt!<\/p>\n<p><strong>Lieferzeit (falls vorr\u00e4tig): 1-3 Werktage<br \/>\nLieferzeit (falls in Nachbestellung): 3 Wochen<\/strong><\/p>\n<p>&nbsp;<\/p>","protected":false},"featured_media":4619,"comment_status":"open","ping_status":"closed","template":"","meta":{"iawp_total_views":383},"product_brand":[],"product_cat":[47],"product_tag":[],"class_list":{"0":"post-1001","1":"product","2":"type-product","3":"status-publish","4":"has-post-thumbnail","6":"product_cat-automatische-weideopener","7":"product_shipping_class-pakketpost","9":"first","10":"instock","11":"taxable","12":"shipping-taxable","13":"purchasable","14":"product-type-simple"},"_links":{"self":[{"href":"https:\/\/paddocktweaks.nl\/de\/wp-json\/wp\/v2\/product\/1001","targetHints":{"allow":["GET"]}}],"collection":[{"href":"https:\/\/paddocktweaks.nl\/de\/wp-json\/wp\/v2\/product"}],"about":[{"href":"https:\/\/paddocktweaks.nl\/de\/wp-json\/wp\/v2\/types\/product"}],"replies":[{"embeddable":true,"href":"https:\/\/paddocktweaks.nl\/de\/wp-json\/wp\/v2\/comments?post=1001"}],"wp:featuredmedia":[{"embeddable":true,"href":"https:\/\/paddocktweaks.nl\/de\/wp-json\/wp\/v2\/media\/4619"}],"wp:attachment":[{"href":"https:\/\/paddocktweaks.nl\/de\/wp-json\/wp\/v2\/media?parent=1001"}],"wp:term":[{"taxonomy":"product_brand","embeddable":true,"href":"https:\/\/paddocktweaks.nl\/de\/wp-json\/wp\/v2\/product_brand?post=1001"},{"taxonomy":"product_cat","embeddable":true,"href":"https:\/\/paddocktweaks.nl\/de\/wp-json\/wp\/v2\/product_cat?post=1001"},{"taxonomy":"product_tag","embeddable":true,"href":"https:\/\/paddocktweaks.nl\/de\/wp-json\/wp\/v2\/product_tag?post=1001"}],"curies":[{"name":"wp","href":"https:\/\/api.w.org\/{rel}","templated":true}]}}