{"id":6,"date":"2025-08-04T06:46:11","date_gmt":"2025-08-04T06:46:11","guid":{"rendered":"https:\/\/paddocktweaks.nl\/?page_id=6"},"modified":"2025-09-21T16:43:58","modified_gmt":"2025-09-21T14:43:58","slug":"uber-uns","status":"publish","type":"page","link":"https:\/\/paddocktweaks.nl\/de\/over-ons\/","title":{"rendered":"\u00dcber uns"},"content":{"rendered":"<div class=\"wp-block-group alignfull has-global-padding is-layout-constrained wp-block-group-is-layout-constrained\" style=\"padding-top:var(--wp--preset--spacing--60);padding-bottom:var(--wp--preset--spacing--60)\">\n<div class=\"wp-block-group alignwide is-layout-flow wp-container-core-group-is-layout-c951c46d wp-block-group-is-layout-flow\">\n<h3 class=\"wp-block-heading\">Warum wir tun, was wir tun \u2013 und f\u00fcr wen wir es tun<\/h3>\n\n\n\n<p class=\"has-text-align-left\">Es begann mit einem besonderen Pferd\u2026<br>Ein junges Pferd mit einem angeborenen Magenproblem. Heu, eine normale Grundversorgung, verursacht bei ihm Schmerzen. Mash zu f\u00fcttern ist dann eine gute L\u00f6sung, aber das muss man regelm\u00e4\u00dfig tun k\u00f6nnen. Was machst du, wenn du auch eine Familie, Arbeit und andere Verpflichtungen hast? F\u00fcr den Besitzer dieses Pferdes erwiesen sich unsere Produkte, der <a href=\"https:\/\/paddocktweaks.nl\/de\/tinybutler\/\" data-type=\"product\" data-id=\"5152\">Tinybutler<\/a> und zum <a href=\"https:\/\/paddocktweaks.nl\/de\/heufall\/\" data-type=\"product\" data-id=\"3690\">Hayfall<\/a>, als die L\u00f6sung. Als sie uns per DM mitteilte, wie viel Ruhe und Erleichterung ihr dies gab, f\u00fcr sie und ihr Pferd, wussten wir: Das ist genau der Grund, warum wir PaddockTweaks gegr\u00fcndet haben.<\/p>\n\n\n\n<h3 class=\"wp-block-heading\">Unsere Motivation<\/h3>\n\n\n\n<p class=\"has-text-align-left\">Wir sind Justus und Shanna. Tierliebhaber mit Leib und Seele. Wir sind getrieben von allem, was wir in der Pferdewelt sehen, wodurch wir es besser machen wollen. Inzwischen gibt es gl\u00fccklicherweise immer mehr Wissen dar\u00fcber, was Pferde wirklich brauchen. Es gibt also auch immer mehr Chancen, es besser zu machen.<\/p>\n\n\n\n<h3 class=\"wp-block-heading\">Was PaddockTweaks tut<\/h3>\n\n\n\n<p class=\"has-text-align-left\">Dazu tragen wir gerne bei, mit Produkten, die nicht nur das Leben von Pferden verbessern, sondern auch das Leben ihrer Besitzer erleichtern. So holst du noch mehr Freude aus deinem Hobby und sparst Zeit und Geld. Mit unseren intelligenten Futterautomaten machen wir eine gesunde F\u00fctterung erreichbar, selbst in einem stressigen Leben. F\u00fcr deine Ruhe und ihr Wohlbefinden.<\/p>\n\n\n\n<p><br><strong>PaddockTweaks \u2013 Ges\u00fcndere Pferde, mehr Freiheit f\u00fcr dich.<\/strong><br><\/p>\n\n\n\n<div class=\"wp-block-cloudcatch-splide-carousel wp-block-splide-carousel__container\"><figure class=\"wp-block-splide-carousel splide\" data-splide=\"{&quot;type&quot;:&quot;loop&quot;,&quot;perPage&quot;:1,&quot;speed&quot;:400,&quot;gap&quot;:&quot;&quot;,&quot;fixedWidth&quot;:&quot;420px&quot;,&quot;autoWidth&quot;:false,&quot;perMove&quot;:1,&quot;direction&quot;:&quot;ltr&quot;,&quot;fixedHeight&quot;:&quot;&quot;,&quot;height&quot;:&quot;&quot;,&quot;arrows&quot;:true,&quot;pagination&quot;:true,&quot;autoplay&quot;:true,&quot;interval&quot;:&quot;4000&quot;,&quot;pauseOnHover&quot;:true,&quot;mediaQuery&quot;:&quot;max&quot;,&quot;breakpoints&quot;:{}}\" data-splide-extensions=\"{&quot;autoScroll&quot;:false,&quot;urlHash&quot;:false,&quot;grid&quot;:false}\"><div class=\"wp-block-splide-carousel__track splide__track\"><div class=\"wp-block-splide-carousel__list splide__list\">\n<div class=\"wp-block-cloudcatch-splide-carousel-item wp-block-splide-carousel__slide splide__slide pt-slide\">\n<figure class=\"wp-block-image\"><img decoding=\"async\" width=\"1126\" height=\"751\" src=\"https:\/\/paddocktweaks.nl\/wp-content\/media\/woman-fills-haybutler-horse-feeder.jpg\" alt=\"Frau f\u00fcllt Haybutler automatischen Pferde Futterautomat\" class=\"wp-image-33\" srcset=\"https:\/\/paddocktweaks.nl\/wp-content\/media\/woman-fills-haybutler-horse-feeder.jpg 1126w, https:\/\/paddocktweaks.nl\/wp-content\/media\/woman-fills-haybutler-horse-feeder-600x400.jpg 600w, https:\/\/paddocktweaks.nl\/wp-content\/media\/woman-fills-haybutler-horse-feeder-300x200.jpg 300w, https:\/\/paddocktweaks.nl\/wp-content\/media\/woman-fills-haybutler-horse-feeder-1024x683.jpg 1024w, https:\/\/paddocktweaks.nl\/wp-content\/media\/woman-fills-haybutler-horse-feeder-768x512.jpg 768w\" sizes=\"(max-width: 1126px) 100vw, 1126px\" \/><\/figure>\n<\/div>\n\n\n\n<div class=\"wp-block-cloudcatch-splide-carousel-item wp-block-splide-carousel__slide splide__slide pt-slide\">\n<figure class=\"wp-block-image\"><img decoding=\"async\" width=\"1443\" height=\"962\" src=\"https:\/\/paddocktweaks.nl\/wp-content\/media\/woman_packing_box.jpg\" alt=\"Frau packt einen Karton\" class=\"wp-image-24\" srcset=\"https:\/\/paddocktweaks.nl\/wp-content\/media\/woman_packing_box.jpg 1443w, https:\/\/paddocktweaks.nl\/wp-content\/media\/woman_packing_box-600x400.jpg 600w, https:\/\/paddocktweaks.nl\/wp-content\/media\/woman_packing_box-300x200.jpg 300w, https:\/\/paddocktweaks.nl\/wp-content\/media\/woman_packing_box-1024x683.jpg 1024w, https:\/\/paddocktweaks.nl\/wp-content\/media\/woman_packing_box-768x512.jpg 768w\" sizes=\"(max-width: 1443px) 100vw, 1443px\" \/><\/figure>\n<\/div>\n\n\n\n<div class=\"wp-block-cloudcatch-splide-carousel-item wp-block-splide-carousel__slide splide__slide pt-slide\">\n<figure class=\"wp-block-image\"><img decoding=\"async\" width=\"1227\" height=\"819\" src=\"https:\/\/paddocktweaks.nl\/wp-content\/media\/woman-with-fjord-on-pasture.jpg\" alt=\"Frau mit Fjordpferd auf der Weide\" class=\"wp-image-40\" srcset=\"https:\/\/paddocktweaks.nl\/wp-content\/media\/woman-with-fjord-on-pasture.jpg 1227w, https:\/\/paddocktweaks.nl\/wp-content\/media\/woman-with-fjord-on-pasture-600x400.jpg 600w, https:\/\/paddocktweaks.nl\/wp-content\/media\/woman-with-fjord-on-pasture-300x200.jpg 300w, https:\/\/paddocktweaks.nl\/wp-content\/media\/woman-with-fjord-on-pasture-1024x684.jpg 1024w, https:\/\/paddocktweaks.nl\/wp-content\/media\/woman-with-fjord-on-pasture-768x513.jpg 768w\" sizes=\"(max-width: 1227px) 100vw, 1227px\" \/><\/figure>\n<\/div>\n\n\n\n<div class=\"wp-block-cloudcatch-splide-carousel-item wp-block-splide-carousel__slide splide__slide pt-slide\">\n<figure class=\"wp-block-image\"><img decoding=\"async\" width=\"1785\" height=\"1190\" src=\"https:\/\/paddocktweaks.nl\/wp-content\/media\/justus-bouwt-hayfall.jpg\" alt=\"Justus baut PaddockTweaks Hayfall\" class=\"wp-image-45\" srcset=\"https:\/\/paddocktweaks.nl\/wp-content\/media\/justus-bouwt-hayfall.jpg 1785w, https:\/\/paddocktweaks.nl\/wp-content\/media\/justus-bouwt-hayfall-600x400.jpg 600w, https:\/\/paddocktweaks.nl\/wp-content\/media\/justus-bouwt-hayfall-300x200.jpg 300w, https:\/\/paddocktweaks.nl\/wp-content\/media\/justus-bouwt-hayfall-1024x683.jpg 1024w, https:\/\/paddocktweaks.nl\/wp-content\/media\/justus-bouwt-hayfall-768x512.jpg 768w, https:\/\/paddocktweaks.nl\/wp-content\/media\/justus-bouwt-hayfall-1536x1024.jpg 1536w\" sizes=\"(max-width: 1785px) 100vw, 1785px\" \/><\/figure>\n<\/div>\n<\/div><\/div><\/figure><\/div>\n<\/div>\n<\/div>","protected":false},"excerpt":{"rendered":"<p>Waarom we doen wat we doen - en voor wie we het doen Het begon met een bijzonder paard\u2026Een jong paard met een aangeboren maagprobleem. Hooi, een normale basisbehoefte, zorgt bij hem juist voor pijn. Slobber geven is dan een goede oplossing, maar dat moet je wel regelmatig kunnen voeren. Wat doe je als je [&hellip;]<\/p>\n","protected":false},"author":1,"featured_media":29,"parent":0,"menu_order":0,"comment_status":"closed","ping_status":"closed","template":"","meta":{"iawp_total_views":341,"footnotes":""},"class_list":["post-6","page","type-page","status-publish","has-post-thumbnail","hentry"],"_links":{"self":[{"href":"https:\/\/paddocktweaks.nl\/de\/wp-json\/wp\/v2\/pages\/6","targetHints":{"allow":["GET"]}}],"collection":[{"href":"https:\/\/paddocktweaks.nl\/de\/wp-json\/wp\/v2\/pages"}],"about":[{"href":"https:\/\/paddocktweaks.nl\/de\/wp-json\/wp\/v2\/types\/page"}],"author":[{"embeddable":true,"href":"https:\/\/paddocktweaks.nl\/de\/wp-json\/wp\/v2\/users\/1"}],"replies":[{"embeddable":true,"href":"https:\/\/paddocktweaks.nl\/de\/wp-json\/wp\/v2\/comments?post=6"}],"version-history":[{"count":10,"href":"https:\/\/paddocktweaks.nl\/de\/wp-json\/wp\/v2\/pages\/6\/revisions"}],"predecessor-version":[{"id":6462,"href":"https:\/\/paddocktweaks.nl\/de\/wp-json\/wp\/v2\/pages\/6\/revisions\/6462"}],"wp:featuredmedia":[{"embeddable":true,"href":"https:\/\/paddocktweaks.nl\/de\/wp-json\/wp\/v2\/media\/29"}],"wp:attachment":[{"href":"https:\/\/paddocktweaks.nl\/de\/wp-json\/wp\/v2\/media?parent=6"}],"curies":[{"name":"wp","href":"https:\/\/api.w.org\/{rel}","templated":true}]}}